{"id":1714,"date":"2016-11-23T18:25:32","date_gmt":"2016-11-23T18:25:32","guid":{"rendered":"https:\/\/onate.guremedia.com\/de\/?page_id=1714"},"modified":"2022-04-04T13:49:24","modified_gmt":"2022-04-04T12:49:24","slug":"kaltfliesspressen","status":"publish","type":"page","link":"https:\/\/jesusonate.com\/de\/kaltfliesspressen\/","title":{"rendered":"Was ist eigentlich Kaltfliesspressen?"},"content":{"rendered":"<p>[et_pb_section fb_built=&#8220;1&#8243; admin_label=&#8220;section&#8220; _builder_version=&#8220;3.22&#8243; global_colors_info=&#8220;{}&#8220;][et_pb_row padding_mobile=&#8220;off&#8220; column_padding_mobile=&#8220;on&#8220; admin_label=&#8220;row&#8220; _builder_version=&#8220;3.25&#8243; background_size=&#8220;initial&#8220; background_position=&#8220;top_left&#8220; background_repeat=&#8220;repeat&#8220; custom_padding=&#8220;||0px|&#8220; make_fullwidth=&#8220;off&#8220; use_custom_width=&#8220;off&#8220; width_unit=&#8220;on&#8220; global_colors_info=&#8220;{}&#8220;][et_pb_column type=&#8220;4_4&#8243; _builder_version=&#8220;3.25&#8243; custom_padding=&#8220;|||&#8220; global_colors_info=&#8220;{}&#8220; custom_padding__hover=&#8220;|||&#8220;][et_pb_text admin_label=&#8220;Text&#8220; _builder_version=&#8220;3.27.4&#8243; background_size=&#8220;initial&#8220; background_position=&#8220;top_left&#8220; background_repeat=&#8220;repeat&#8220; custom_margin=&#8220;||0px|&#8220; use_border_color=&#8220;off&#8220; border_color=&#8220;#ffffff&#8220; border_style=&#8220;solid&#8220; global_colors_info=&#8220;{}&#8220;]<\/p>\n<h1>Was ist eigentlich Kaltfliesspressen?<\/h1>\n<p>&nbsp;<br \/>\n[\/et_pb_text][et_pb_divider color=&#8220;#999999&#8243; divider_style=&#8220;dotted&#8220; admin_label=&#8220;Divider&#8220; _builder_version=&#8220;3.2&#8243; hide_on_mobile=&#8220;off&#8220; global_colors_info=&#8220;{}&#8220;] [\/et_pb_divider][\/et_pb_column][\/et_pb_row][et_pb_row padding_mobile=&#8220;off&#8220; column_padding_mobile=&#8220;on&#8220; admin_label=&#8220;row&#8220; _builder_version=&#8220;3.25&#8243; background_size=&#8220;initial&#8220; background_position=&#8220;top_left&#8220; background_repeat=&#8220;repeat&#8220; custom_margin=&#8220;0px|||&#8220; custom_margin_tablet=&#8220;&#8220; custom_margin_phone=&#8220;&#8220; custom_margin_last_edited=&#8220;on|tablet&#8220; make_fullwidth=&#8220;off&#8220; use_custom_width=&#8220;off&#8220; width_unit=&#8220;on&#8220; global_colors_info=&#8220;{}&#8220; column_structure=&#8220;1_2,1_2&#8243;][et_pb_column type=&#8220;1_2&#8243; _builder_version=&#8220;3.25&#8243; custom_padding=&#8220;|||&#8220; global_colors_info=&#8220;{}&#8220; custom_padding__hover=&#8220;|||&#8220;][et_pb_text admin_label=&#8220;Text&#8220; _builder_version=&#8220;3.27.4&#8243; background_size=&#8220;initial&#8220; background_position=&#8220;top_left&#8220; background_repeat=&#8220;repeat&#8220; custom_margin=&#8220;0px|||&#8220; use_border_color=&#8220;off&#8220; border_color=&#8220;#ffffff&#8220; border_style=&#8220;solid&#8220; global_colors_info=&#8220;{}&#8220;]Beim Kaltfliesspressen wird Stahl, ausgehend von Runddrahtrollen, mittels\u00a0Waagerecht-Kaltflie\u00dfpressen mit bis zu 6 Stufen verformt.<br \/>\n<span style=\"line-height: 1.7em;\">Wir setzen modernste Waagerecht-Kaltflie\u00dfpressen mit bis zu 6 Stufen ein, mit welchen Teile mit einem Durchmesser von 12-34 mm und L\u00e4ngen von 35-180 mm gefertigt werden k\u00f6nnen.<\/span><br \/>\n[\/et_pb_text][et_pb_image src=&#8220;https:\/\/jesusonate.com\/wp-content\/uploads\/forja-en-frio-2.jpg&#8220; title_text=&#8220;Detalle de 6 multi-estaciones autom\u00e1ticas&#8220; align_tablet=&#8220;center&#8220; align_last_edited=&#8220;on|desktop&#8220; admin_label=&#8220;Image&#8220; _builder_version=&#8220;3.23&#8243; custom_margin=&#8220;0px|||&#8220; animation_style=&#8220;slide&#8220; animation_direction=&#8220;left&#8220; animation_duration=&#8220;500ms&#8220; animation_intensity_slide=&#8220;10%&#8220; use_border_color=&#8220;off&#8220; border_color=&#8220;#ffffff&#8220; border_style=&#8220;solid&#8220; animation=&#8220;left&#8220; sticky=&#8220;off&#8220; always_center_on_mobile=&#8220;on&#8220; global_colors_info=&#8220;{}&#8220; align_phone=&#8220;center&#8220;] [\/et_pb_image][et_pb_image src=&#8220;https:\/\/jesusonate.com\/wp-content\/uploads\/piezas-para-forja-frio.jpg&#8220; align_tablet=&#8220;center&#8220; align_last_edited=&#8220;on|desktop&#8220; admin_label=&#8220;Image&#8220; _builder_version=&#8220;3.23&#8243; animation_style=&#8220;slide&#8220; animation_direction=&#8220;left&#8220; animation_duration=&#8220;500ms&#8220; animation_intensity_slide=&#8220;10%&#8220; use_border_color=&#8220;off&#8220; border_color=&#8220;#ffffff&#8220; border_style=&#8220;solid&#8220; animation=&#8220;left&#8220; sticky=&#8220;off&#8220; always_center_on_mobile=&#8220;on&#8220; global_colors_info=&#8220;{}&#8220; align_phone=&#8220;center&#8220;] [\/et_pb_image][\/et_pb_column][et_pb_column type=&#8220;1_2&#8243; _builder_version=&#8220;3.25&#8243; custom_padding=&#8220;|||&#8220; global_colors_info=&#8220;{}&#8220; custom_padding__hover=&#8220;|||&#8220;][et_pb_image src=&#8220;https:\/\/jesusonate.com\/wp-content\/uploads\/maquina-estampadora-para-forja.jpg&#8220; alt=&#8220;maquina de estampacion en frio&#8220; title_text=&#8220;M\u00e1quina de estampaci\u00f3n&#8220; show_in_lightbox=&#8220;on&#8220; show_bottom_space=&#8220;off&#8220; align_tablet=&#8220;center&#8220; align_last_edited=&#8220;on|desktop&#8220; admin_label=&#8220;Image&#8220; _builder_version=&#8220;3.23&#8243; custom_margin=&#8220;0px||5px|&#8220; animation_style=&#8220;slide&#8220; animation_direction=&#8220;left&#8220; animation_duration=&#8220;500ms&#8220; animation_intensity_slide=&#8220;10%&#8220; use_border_color=&#8220;off&#8220; border_color=&#8220;#ffffff&#8220; border_style=&#8220;solid&#8220; animation=&#8220;left&#8220; sticky=&#8220;on&#8220; always_center_on_mobile=&#8220;on&#8220; global_colors_info=&#8220;{}&#8220; align_phone=&#8220;center&#8220;] [\/et_pb_image][et_pb_text admin_label=&#8220;Text&#8220; _builder_version=&#8220;3.27.4&#8243; background_size=&#8220;initial&#8220; background_position=&#8220;top_left&#8220; background_repeat=&#8220;repeat&#8220; text_orientation=&#8220;center&#8220; module_alignment=&#8220;center&#8220; use_border_color=&#8220;off&#8220; border_color=&#8220;#ffffff&#8220; border_style=&#8220;solid&#8220; global_colors_info=&#8220;{}&#8220;] Kaltflie\u00dfpresse [\/et_pb_text][et_pb_text admin_label=&#8220;Text&#8220; _builder_version=&#8220;3.27.4&#8243; background_size=&#8220;initial&#8220; background_position=&#8220;top_left&#8220; background_repeat=&#8220;repeat&#8220; use_border_color=&#8220;off&#8220; border_color=&#8220;#ffffff&#8220; border_style=&#8220;solid&#8220; global_colors_info=&#8220;{}&#8220;]<\/p>\n<p class=\"p1\" style=\"text-align: center;\"><strong>Sieben horizontale Kaltflie\u00dfpressen:<br \/>\n<\/strong>1 bis 3 Stufen mit 1800 kNw.<br \/>\n3 bis 4 Stufen mit 3600 kNw.<br \/>\n1 bis 5 Stufen mit 3100 kNw.<br \/>\n1 bis 6 Stufen mit 3100 kNw.<br \/>\n1 bis 6 Stufen mit 5500 kNw.<\/p>\n<p>[\/et_pb_text][\/et_pb_column][\/et_pb_row][\/et_pb_section]<\/p>\n","protected":false},"excerpt":{"rendered":"<p>Was ist eigentlich Kaltfliesspressen? &nbsp; Beim Kaltfliesspressen wird Stahl, ausgehend von Runddrahtrollen, mittels\u00a0Waagerecht-Kaltflie\u00dfpressen mit bis zu 6 Stufen verformt. Wir setzen modernste Waagerecht-Kaltflie\u00dfpressen mit bis zu 6 Stufen ein, mit welchen Teile mit einem Durchmesser von 12-34 mm und L\u00e4ngen von 35-180 mm gefertigt werden k\u00f6nnen. Kaltflie\u00dfpresse Sieben horizontale Kaltflie\u00dfpressen: 1 bis 3 Stufen mit [&hellip;]<\/p>\n","protected":false},"author":5,"featured_media":0,"parent":0,"menu_order":23,"comment_status":"closed","ping_status":"closed","template":"","meta":{"_et_pb_use_builder":"on","_et_pb_old_content":"","_et_gb_content_width":"","footnotes":""},"class_list":["post-1714","page","type-page","status-publish","hentry"],"yoast_head":"<!-- This site is optimized with the Yoast SEO plugin v26.5 - https:\/\/yoast.com\/wordpress\/plugins\/seo\/ -->\n<title>Was ist eigentlich Kaltfliesspressen? | Jesus Onate S.A<\/title>\n<meta name=\"description\" content=\"Beim Kaltfliesspressen wird Stahl, ausgehend von Runddrahtrollen, mittels Waagerecht-Kaltflie\u00dfpressen mit bis zu 6 Stufen verformt.\" \/>\n<meta name=\"robots\" content=\"index, follow, max-snippet:-1, max-image-preview:large, max-video-preview:-1\" \/>\n<link rel=\"canonical\" href=\"https:\/\/jesusonate.com\/de\/kaltfliesspressen\/\" \/>\n<meta property=\"og:locale\" content=\"de_DE\" \/>\n<meta property=\"og:type\" content=\"article\" \/>\n<meta property=\"og:title\" content=\"Was ist eigentlich Kaltfliesspressen? | Jesus Onate S.A\" \/>\n<meta property=\"og:description\" content=\"Beim Kaltfliesspressen wird Stahl, ausgehend von Runddrahtrollen, mittels Waagerecht-Kaltflie\u00dfpressen mit bis zu 6 Stufen verformt.\" \/>\n<meta property=\"og:url\" content=\"https:\/\/jesusonate.com\/de\/kaltfliesspressen\/\" \/>\n<meta property=\"og:site_name\" content=\"Jesus Onate\" \/>\n<meta property=\"article:modified_time\" content=\"2022-04-04T12:49:24+00:00\" \/>\n<meta name=\"twitter:card\" content=\"summary_large_image\" \/>\n<meta name=\"twitter:label1\" content=\"Gesch\u00e4tzte Lesezeit\" \/>\n\t<meta name=\"twitter:data1\" content=\"3\u00a0Minuten\" \/>\n<script type=\"application\/ld+json\" class=\"yoast-schema-graph\">{\"@context\":\"https:\/\/schema.org\",\"@graph\":[{\"@type\":\"WebPage\",\"@id\":\"https:\/\/jesusonate.com\/de\/kaltfliesspressen\/\",\"url\":\"https:\/\/jesusonate.com\/de\/kaltfliesspressen\/\",\"name\":\"Was ist eigentlich Kaltfliesspressen? | Jesus Onate S.A\",\"isPartOf\":{\"@id\":\"https:\/\/jesusonate.com\/#website\"},\"datePublished\":\"2016-11-23T18:25:32+00:00\",\"dateModified\":\"2022-04-04T12:49:24+00:00\",\"description\":\"Beim Kaltfliesspressen wird Stahl, ausgehend von Runddrahtrollen, mittels Waagerecht-Kaltflie\u00dfpressen mit bis zu 6 Stufen verformt.\",\"breadcrumb\":{\"@id\":\"https:\/\/jesusonate.com\/de\/kaltfliesspressen\/#breadcrumb\"},\"inLanguage\":\"de\",\"potentialAction\":[{\"@type\":\"ReadAction\",\"target\":[\"https:\/\/jesusonate.com\/de\/kaltfliesspressen\/\"]}]},{\"@type\":\"BreadcrumbList\",\"@id\":\"https:\/\/jesusonate.com\/de\/kaltfliesspressen\/#breadcrumb\",\"itemListElement\":[{\"@type\":\"ListItem\",\"position\":1,\"name\":\"Home\",\"item\":\"https:\/\/jesusonate.com\/de\/\"},{\"@type\":\"ListItem\",\"position\":2,\"name\":\"Was ist eigentlich Kaltfliesspressen?\"}]},{\"@type\":\"WebSite\",\"@id\":\"https:\/\/jesusonate.com\/#website\",\"url\":\"https:\/\/jesusonate.com\/\",\"name\":\"Jesus Onate\",\"description\":\"Unternehmen f\u00fcr Kaltschmieden und CNC-Bearbeitung | Jesus Onate S.A.\",\"publisher\":{\"@id\":\"https:\/\/jesusonate.com\/#organization\"},\"potentialAction\":[{\"@type\":\"SearchAction\",\"target\":{\"@type\":\"EntryPoint\",\"urlTemplate\":\"https:\/\/jesusonate.com\/?s={search_term_string}\"},\"query-input\":{\"@type\":\"PropertyValueSpecification\",\"valueRequired\":true,\"valueName\":\"search_term_string\"}}],\"inLanguage\":\"de\"},{\"@type\":\"Organization\",\"@id\":\"https:\/\/jesusonate.com\/#organization\",\"name\":\"Jes\u00fas Onate\",\"url\":\"https:\/\/jesusonate.com\/\",\"logo\":{\"@type\":\"ImageObject\",\"inLanguage\":\"de\",\"@id\":\"https:\/\/jesusonate.com\/#\/schema\/logo\/image\/\",\"url\":\"https:\/\/jesusonate.com\/wp-content\/uploads\/logo-onate-3.png\",\"contentUrl\":\"https:\/\/jesusonate.com\/wp-content\/uploads\/logo-onate-3.png\",\"width\":225,\"height\":45,\"caption\":\"Jes\u00fas Onate\"},\"image\":{\"@id\":\"https:\/\/jesusonate.com\/#\/schema\/logo\/image\/\"}}]}<\/script>\n<!-- \/ Yoast SEO plugin. -->","yoast_head_json":{"title":"Was ist eigentlich Kaltfliesspressen? | Jesus Onate S.A","description":"Beim Kaltfliesspressen wird Stahl, ausgehend von Runddrahtrollen, mittels Waagerecht-Kaltflie\u00dfpressen mit bis zu 6 Stufen verformt.","robots":{"index":"index","follow":"follow","max-snippet":"max-snippet:-1","max-image-preview":"max-image-preview:large","max-video-preview":"max-video-preview:-1"},"canonical":"https:\/\/jesusonate.com\/de\/kaltfliesspressen\/","og_locale":"de_DE","og_type":"article","og_title":"Was ist eigentlich Kaltfliesspressen? | Jesus Onate S.A","og_description":"Beim Kaltfliesspressen wird Stahl, ausgehend von Runddrahtrollen, mittels Waagerecht-Kaltflie\u00dfpressen mit bis zu 6 Stufen verformt.","og_url":"https:\/\/jesusonate.com\/de\/kaltfliesspressen\/","og_site_name":"Jesus Onate","article_modified_time":"2022-04-04T12:49:24+00:00","twitter_card":"summary_large_image","twitter_misc":{"Gesch\u00e4tzte Lesezeit":"3\u00a0Minuten"},"schema":{"@context":"https:\/\/schema.org","@graph":[{"@type":"WebPage","@id":"https:\/\/jesusonate.com\/de\/kaltfliesspressen\/","url":"https:\/\/jesusonate.com\/de\/kaltfliesspressen\/","name":"Was ist eigentlich Kaltfliesspressen? | Jesus Onate S.A","isPartOf":{"@id":"https:\/\/jesusonate.com\/#website"},"datePublished":"2016-11-23T18:25:32+00:00","dateModified":"2022-04-04T12:49:24+00:00","description":"Beim Kaltfliesspressen wird Stahl, ausgehend von Runddrahtrollen, mittels Waagerecht-Kaltflie\u00dfpressen mit bis zu 6 Stufen verformt.","breadcrumb":{"@id":"https:\/\/jesusonate.com\/de\/kaltfliesspressen\/#breadcrumb"},"inLanguage":"de","potentialAction":[{"@type":"ReadAction","target":["https:\/\/jesusonate.com\/de\/kaltfliesspressen\/"]}]},{"@type":"BreadcrumbList","@id":"https:\/\/jesusonate.com\/de\/kaltfliesspressen\/#breadcrumb","itemListElement":[{"@type":"ListItem","position":1,"name":"Home","item":"https:\/\/jesusonate.com\/de\/"},{"@type":"ListItem","position":2,"name":"Was ist eigentlich Kaltfliesspressen?"}]},{"@type":"WebSite","@id":"https:\/\/jesusonate.com\/#website","url":"https:\/\/jesusonate.com\/","name":"Jesus Onate","description":"Unternehmen f\u00fcr Kaltschmieden und CNC-Bearbeitung | Jesus Onate S.A.","publisher":{"@id":"https:\/\/jesusonate.com\/#organization"},"potentialAction":[{"@type":"SearchAction","target":{"@type":"EntryPoint","urlTemplate":"https:\/\/jesusonate.com\/?s={search_term_string}"},"query-input":{"@type":"PropertyValueSpecification","valueRequired":true,"valueName":"search_term_string"}}],"inLanguage":"de"},{"@type":"Organization","@id":"https:\/\/jesusonate.com\/#organization","name":"Jes\u00fas Onate","url":"https:\/\/jesusonate.com\/","logo":{"@type":"ImageObject","inLanguage":"de","@id":"https:\/\/jesusonate.com\/#\/schema\/logo\/image\/","url":"https:\/\/jesusonate.com\/wp-content\/uploads\/logo-onate-3.png","contentUrl":"https:\/\/jesusonate.com\/wp-content\/uploads\/logo-onate-3.png","width":225,"height":45,"caption":"Jes\u00fas Onate"},"image":{"@id":"https:\/\/jesusonate.com\/#\/schema\/logo\/image\/"}}]}},"_links":{"self":[{"href":"https:\/\/jesusonate.com\/de\/wp-json\/wp\/v2\/pages\/1714\/"}],"collection":[{"href":"https:\/\/jesusonate.com\/de\/wp-json\/wp\/v2\/pages\/"}],"about":[{"href":"https:\/\/jesusonate.com\/de\/wp-json\/wp\/v2\/types\/page\/"}],"author":[{"embeddable":true,"href":"https:\/\/jesusonate.com\/de\/wp-json\/wp\/v2\/users\/5\/"}],"replies":[{"embeddable":true,"href":"https:\/\/jesusonate.com\/de\/wp-json\/wp\/v2\/comments\/?post=1714"}],"version-history":[{"count":6,"href":"https:\/\/jesusonate.com\/de\/wp-json\/wp\/v2\/pages\/1714\/revisions\/"}],"predecessor-version":[{"id":3808,"href":"https:\/\/jesusonate.com\/de\/wp-json\/wp\/v2\/pages\/1714\/revisions\/3808\/"}],"wp:attachment":[{"href":"https:\/\/jesusonate.com\/de\/wp-json\/wp\/v2\/media\/?parent=1714"}],"curies":[{"name":"wp","href":"https:\/\/api.w.org\/{rel}","templated":true}]}}