{"id":1720,"date":"2016-11-23T19:19:19","date_gmt":"2016-11-23T19:19:19","guid":{"rendered":"https:\/\/onate.guremedia.com\/de\/?page_id=1720"},"modified":"2022-04-04T13:50:38","modified_gmt":"2022-04-04T12:50:38","slug":"geschichte","status":"publish","type":"page","link":"https:\/\/jesusonate.com\/de\/geschichte\/","title":{"rendered":"Geschichte"},"content":{"rendered":"<p>[et_pb_section fb_built=&#8220;1&#8243; custom_padding_last_edited=&#8220;on|desktop&#8220; admin_label=&#8220;section&#8220; _builder_version=&#8220;3.22&#8243; background_color=&#8220;#ffffff&#8220; custom_padding=&#8220;0px||0px|&#8220; custom_padding_tablet=&#8220;50px|0|50px|0&#8243; transparent_background=&#8220;off&#8220; padding_mobile=&#8220;off&#8220; make_fullwidth=&#8220;off&#8220; use_custom_width=&#8220;off&#8220; width_unit=&#8220;on&#8220; global_colors_info=&#8220;{}&#8220; custom_padding_phone=&#8220;50px|0|50px|0&#8243;][et_pb_row padding_mobile=&#8220;on&#8220; column_padding_mobile=&#8220;on&#8220; custom_padding_last_edited=&#8220;off|desktop&#8220; admin_label=&#8220;Row&#8220; _builder_version=&#8220;3.25&#8243; background_size=&#8220;initial&#8220; background_position=&#8220;top_left&#8220; background_repeat=&#8220;repeat&#8220; custom_margin=&#8220;5px||0px|&#8220; custom_margin_tablet=&#8220;&#8220; custom_margin_phone=&#8220;0px||0px|&#8220; custom_margin_last_edited=&#8220;on|desktop&#8220; custom_padding=&#8220;||0px|&#8220; custom_padding_tablet=&#8220;30px|||&#8220; custom_padding_phone=&#8220;10px|||&#8220; make_fullwidth=&#8220;off&#8220; use_custom_width=&#8220;off&#8220; width_unit=&#8220;on&#8220; global_colors_info=&#8220;{}&#8220;][et_pb_column type=&#8220;4_4&#8243; _builder_version=&#8220;3.25&#8243; custom_padding=&#8220;|||&#8220; global_colors_info=&#8220;{}&#8220; custom_padding__hover=&#8220;|||&#8220;][et_pb_text admin_label=&#8220;Text&#8220; _builder_version=&#8220;3.27.4&#8243; background_size=&#8220;initial&#8220; background_position=&#8220;top_left&#8220; background_repeat=&#8220;repeat&#8220; custom_margin=&#8220;0px||0px|&#8220; custom_padding=&#8220;0px||0px|&#8220; use_border_color=&#8220;off&#8220; border_color=&#8220;#ffffff&#8220; border_style=&#8220;solid&#8220; global_colors_info=&#8220;{}&#8220;]<\/p>\n<h2>Geschichte<\/h2>\n<p>[\/et_pb_text][et_pb_divider color=&#8220;#8e8e8e&#8220; divider_style=&#8220;dotted&#8220; admin_label=&#8220;Divider&#8220; _builder_version=&#8220;3.2&#8243; hide_on_mobile=&#8220;off&#8220; global_colors_info=&#8220;{}&#8220;][\/et_pb_divider][\/et_pb_column][\/et_pb_row][et_pb_row padding_mobile=&#8220;off&#8220; column_padding_mobile=&#8220;on&#8220; custom_padding_last_edited=&#8220;on|phone&#8220; admin_label=&#8220;Row&#8220; _builder_version=&#8220;3.25&#8243; background_size=&#8220;initial&#8220; background_position=&#8220;top_left&#8220; background_repeat=&#8220;repeat&#8220; custom_margin=&#8220;10px|||&#8220; custom_margin_tablet=&#8220;&#8220; custom_margin_phone=&#8220;&#8220; custom_margin_last_edited=&#8220;on|desktop&#8220; custom_padding=&#8220;10px|||&#8220; custom_padding_tablet=&#8220;0px|||&#8220; custom_padding_phone=&#8220;&#8220; make_fullwidth=&#8220;off&#8220; use_custom_width=&#8220;off&#8220; width_unit=&#8220;on&#8220; global_colors_info=&#8220;{}&#8220; column_structure=&#8220;1_3,2_3&#8243;][et_pb_column type=&#8220;1_3&#8243; _builder_version=&#8220;3.25&#8243; custom_padding=&#8220;|||&#8220; global_colors_info=&#8220;{}&#8220; custom_padding__hover=&#8220;|||&#8220;][et_pb_text admin_label=&#8220;Text&#8220; _builder_version=&#8220;3.27.4&#8243; header_line_height=&#8220;3em&#8220; background_size=&#8220;initial&#8220; background_position=&#8220;top_left&#8220; background_repeat=&#8220;repeat&#8220; custom_margin=&#8220;15px|||&#8220; custom_margin_tablet=&#8220;&#8220; custom_margin_phone=&#8220;0px|||&#8220; custom_margin_last_edited=&#8220;on|desktop&#8220; custom_padding=&#8220;0px|||&#8220; custom_padding_tablet=&#8220;&#8220; custom_padding_phone=&#8220;&#8220; custom_padding_last_edited=&#8220;on|&#8220; header_font_size_tablet=&#8220;&#8220; header_font_size_phone=&#8220;&#8220; header_font_size_last_edited=&#8220;on|&#8220; use_border_color=&#8220;off&#8220; border_color=&#8220;#ffffff&#8220; border_style=&#8220;solid&#8220; global_colors_info=&#8220;{}&#8220;]<strong>Die lange Erfahrung der Firma Jesus O\u00f1ate in der Stahlverarbeitung l\u00e4sst sich bis ins 19. Jahrhundert zur\u00fcckverfolgen.<br \/>\nGleichwohl sind wir seit Anbeginn an immer ein Familienunternehmen geblieben.<\/strong><br \/>\n[\/et_pb_text][et_pb_image src=&#8220;https:\/\/jesusonate.com\/wp-content\/uploads\/trabajadores-yunke-taller-antiguo-onate.jpg&#8220; align_tablet=&#8220;center&#8220; align_last_edited=&#8220;on|desktop&#8220; admin_label=&#8220;Image&#8220; _builder_version=&#8220;3.23&#8243; animation_style=&#8220;slide&#8220; animation_direction=&#8220;left&#8220; animation_duration=&#8220;500ms&#8220; animation_intensity_slide=&#8220;10%&#8220; use_border_color=&#8220;off&#8220; border_color=&#8220;#ffffff&#8220; border_style=&#8220;solid&#8220; animation=&#8220;left&#8220; sticky=&#8220;off&#8220; always_center_on_mobile=&#8220;on&#8220; global_colors_info=&#8220;{}&#8220; align_phone=&#8220;center&#8220;][\/et_pb_image][et_pb_image src=&#8220;https:\/\/jesusonate.com\/wp-content\/uploads\/fachada-fabrica-onate.jpg&#8220; align_tablet=&#8220;center&#8220; align_last_edited=&#8220;on|desktop&#8220; admin_label=&#8220;Image&#8220; _builder_version=&#8220;3.23&#8243; animation_style=&#8220;slide&#8220; animation_direction=&#8220;left&#8220; animation_duration=&#8220;500ms&#8220; animation_intensity_slide=&#8220;10%&#8220; use_border_color=&#8220;off&#8220; border_color=&#8220;#ffffff&#8220; border_style=&#8220;solid&#8220; animation=&#8220;left&#8220; sticky=&#8220;off&#8220; always_center_on_mobile=&#8220;on&#8220; global_colors_info=&#8220;{}&#8220; align_phone=&#8220;center&#8220;][\/et_pb_image][\/et_pb_column][et_pb_column type=&#8220;2_3&#8243; _builder_version=&#8220;3.25&#8243; custom_padding=&#8220;|||&#8220; global_colors_info=&#8220;{}&#8220; custom_padding__hover=&#8220;|||&#8220;][et_pb_text admin_label=&#8220;Text&#8220; _builder_version=&#8220;3.27.4&#8243; background_size=&#8220;initial&#8220; background_position=&#8220;top_left&#8220; background_repeat=&#8220;repeat&#8220; use_border_color=&#8220;off&#8220; border_color=&#8220;#ffffff&#8220; border_style=&#8220;solid&#8220; global_colors_info=&#8220;{}&#8220;]<\/p>\n<blockquote><p><span style=\"color: #008000;\"><strong>1879<br \/>\n<\/strong><\/span>Unternehmensgr\u00fcndung; Herstellung von N\u00e4geln, verwendet in erster Linie f\u00fcr den Bau von Kutschen und Fischerbooten.<\/p><\/blockquote>\n<p>[\/et_pb_text][et_pb_text admin_label=&#8220;Text&#8220; _builder_version=&#8220;3.27.4&#8243; background_size=&#8220;initial&#8220; background_position=&#8220;top_left&#8220; background_repeat=&#8220;repeat&#8220; use_border_color=&#8220;off&#8220; border_color=&#8220;#ffffff&#8220; border_style=&#8220;solid&#8220; global_colors_info=&#8220;{}&#8220;]<\/p>\n<blockquote><p><span style=\"color: #008000;\"><strong>1920<br \/>\n<\/strong><\/span><span class=\"s2\">Beginn der Herstellung von Schrauben (Schmiede).<\/span><\/p><\/blockquote>\n<p>[\/et_pb_text][et_pb_text admin_label=&#8220;Text&#8220; _builder_version=&#8220;3.27.4&#8243; background_size=&#8220;initial&#8220; background_position=&#8220;top_left&#8220; background_repeat=&#8220;repeat&#8220; use_border_color=&#8220;off&#8220; border_color=&#8220;#ffffff&#8220; border_style=&#8220;solid&#8220; global_colors_info=&#8220;{}&#8220;]<\/p>\n<blockquote><p><span style=\"color: #008000;\"><strong>1950<br \/>\n<\/strong><\/span><span class=\"s2\">Beginn der Herstellung von Schrauben mittels Kaltumformung<\/span><span class=\"s1\">.<\/span><\/p><\/blockquote>\n<p>[\/et_pb_text][et_pb_text admin_label=&#8220;Text&#8220; _builder_version=&#8220;3.27.4&#8243; background_size=&#8220;initial&#8220; background_position=&#8220;top_left&#8220; background_repeat=&#8220;repeat&#8220; use_border_color=&#8220;off&#8220; border_color=&#8220;#ffffff&#8220; border_style=&#8220;solid&#8220; global_colors_info=&#8220;{}&#8220;]<\/p>\n<blockquote><p><span style=\"color: #008000;\"><strong>1965<br \/>\n<\/strong><\/span><span class=\"s2\">Herstellung von Schrauben f\u00fcr ann\u00e4hernd alle Bereiche, in welchen Schrauben eingesetzt werden: Stra\u00dfen-, Schiffs-, Berg- und Eisenbahnbau sowie Stromversorgungsnetze.<\/span><\/p><\/blockquote>\n<p>[\/et_pb_text][et_pb_text admin_label=&#8220;Text&#8220; _builder_version=&#8220;3.27.4&#8243; background_size=&#8220;initial&#8220; background_position=&#8220;top_left&#8220; background_repeat=&#8220;repeat&#8220; use_border_color=&#8220;off&#8220; border_color=&#8220;#ffffff&#8220; border_style=&#8220;solid&#8220; global_colors_info=&#8220;{}&#8220;]<\/p>\n<blockquote><p><span style=\"color: #008000;\"><strong>1988<br \/>\n<\/strong><\/span>Beginn der Herstellung von Produkten mit h\u00f6herem Mehrwert. Beginn in der Automobilindustrie.<\/p><\/blockquote>\n<p>[\/et_pb_text][et_pb_text admin_label=&#8220;Text&#8220; _builder_version=&#8220;3.27.4&#8243; background_size=&#8220;initial&#8220; background_position=&#8220;top_left&#8220; background_repeat=&#8220;repeat&#8220; use_border_color=&#8220;off&#8220; border_color=&#8220;#ffffff&#8220; border_style=&#8220;solid&#8220; global_colors_info=&#8220;{}&#8220;]<\/p>\n<blockquote><p><span style=\"color: #008000;\"><strong>1992<br \/>\n<\/strong><\/span><span class=\"s1\">ISO 9002<\/span><\/p><\/blockquote>\n<p>[\/et_pb_text][et_pb_text admin_label=&#8220;Text&#8220; _builder_version=&#8220;3.27.4&#8243; background_size=&#8220;initial&#8220; background_position=&#8220;top_left&#8220; background_repeat=&#8220;repeat&#8220; use_border_color=&#8220;off&#8220; border_color=&#8220;#ffffff&#8220; border_style=&#8220;solid&#8220; global_colors_info=&#8220;{}&#8220;]<\/p>\n<blockquote><p><span style=\"color: #008000;\"><strong>1994<br \/>\n<\/strong><\/span><span class=\"s2\">Unsere Schraubenfabrik bekommt den Auftrag zur Befestigung des Tragwerks des Guggenheim-Museums in Bilbao mit insgesamt etwa siebenhunderttausend Schrauben (Qualit\u00e4t 10.9).<\/span><\/p><\/blockquote>\n<p>[\/et_pb_text][et_pb_text admin_label=&#8220;Text&#8220; _builder_version=&#8220;3.27.4&#8243; background_size=&#8220;initial&#8220; background_position=&#8220;top_left&#8220; background_repeat=&#8220;repeat&#8220; use_border_color=&#8220;off&#8220; border_color=&#8220;#ffffff&#8220; border_style=&#8220;solid&#8220; global_colors_info=&#8220;{}&#8220;]<\/p>\n<blockquote><p><span style=\"color: #008000;\"><strong>1998<br \/>\n<\/strong><\/span><span class=\"s2\">ISO 14001<\/span><\/p><\/blockquote>\n<p>[\/et_pb_text][et_pb_text admin_label=&#8220;Text&#8220; _builder_version=&#8220;3.27.4&#8243; background_size=&#8220;initial&#8220; background_position=&#8220;top_left&#8220; background_repeat=&#8220;repeat&#8220; use_border_color=&#8220;off&#8220; border_color=&#8220;#ffffff&#8220; border_style=&#8220;solid&#8220; global_colors_info=&#8220;{}&#8220;]<\/p>\n<blockquote><p><span style=\"color: #008000;\"><strong>2000<br \/>\n<\/strong><\/span><span class=\"s3\">Beginn des Auf- und Ausbaus unseres zuk\u00fcnftigen Produktionsbereichs der zerspanenden Bearbeitung.<\/span><\/p><\/blockquote>\n<p>[\/et_pb_text][et_pb_text admin_label=&#8220;Text&#8220; _builder_version=&#8220;3.27.4&#8243; background_size=&#8220;initial&#8220; background_position=&#8220;top_left&#8220; background_repeat=&#8220;repeat&#8220; use_border_color=&#8220;off&#8220; border_color=&#8220;#ffffff&#8220; border_style=&#8220;solid&#8220; global_colors_info=&#8220;{}&#8220;]<\/p>\n<blockquote><p><span style=\"color: #008000;\"><strong>2001<br \/>\n<\/strong><\/span><span class=\"s3\">Beginn eines ambitionierten Plans hinsichtlich Erneuerungen im Bereich des Produktmixes sowie F&amp;E. Investitionen: Kauf der ersten \u201cNational\u201d.<br \/>\nErstellen des Familienprotokolls.<\/span><\/p><\/blockquote>\n<p>[\/et_pb_text][et_pb_text admin_label=&#8220;Text&#8220; _builder_version=&#8220;3.27.4&#8243; background_size=&#8220;initial&#8220; background_position=&#8220;top_left&#8220; background_repeat=&#8220;repeat&#8220; use_border_color=&#8220;off&#8220; border_color=&#8220;#ffffff&#8220; border_style=&#8220;solid&#8220; global_colors_info=&#8220;{}&#8220;]<\/p>\n<blockquote><p><span style=\"color: #008000;\"><strong>2003<br \/>\n<\/strong><\/span><span class=\"s1\">ISO TS 16949:2002<\/span><\/p><\/blockquote>\n<p>[\/et_pb_text][et_pb_text admin_label=&#8220;Text&#8220; _builder_version=&#8220;3.27.4&#8243; background_size=&#8220;initial&#8220; background_position=&#8220;top_left&#8220; background_repeat=&#8220;repeat&#8220; use_border_color=&#8220;off&#8220; border_color=&#8220;#ffffff&#8220; border_style=&#8220;solid&#8220; global_colors_info=&#8220;{}&#8220;]<\/p>\n<blockquote><p><span style=\"color: #008000;\"><strong>2005<br \/>\n<\/strong><\/span><span class=\"s2\">Mehr als 70% unserer Produkte mit hohem Mehrwert; wir verzeichnen Rekorde bzgl. des Umsatzes und Exports. Kauf der zweiten \u201cNational\u201d<\/span><\/p><\/blockquote>\n<p>[\/et_pb_text][et_pb_text admin_label=&#8220;Text&#8220; _builder_version=&#8220;3.27.4&#8243; background_size=&#8220;initial&#8220; background_position=&#8220;top_left&#8220; background_repeat=&#8220;repeat&#8220; use_border_color=&#8220;off&#8220; border_color=&#8220;#ffffff&#8220; border_style=&#8220;solid&#8220; global_colors_info=&#8220;{}&#8220;]<\/p>\n<blockquote><p><span style=\"color: #008000;\"><strong>2006<br \/>\n<\/strong><\/span><span class=\"s3\">Unsere Schraube \u201cPoka Yoke\u201d f\u00fcr Leitplanken kommt auf den Markt.<\/span><\/p><\/blockquote>\n<p>[\/et_pb_text][et_pb_text admin_label=&#8220;Text&#8220; _builder_version=&#8220;3.27.4&#8243; background_size=&#8220;initial&#8220; background_position=&#8220;top_left&#8220; background_repeat=&#8220;repeat&#8220; use_border_color=&#8220;off&#8220; border_color=&#8220;#ffffff&#8220; border_style=&#8220;solid&#8220; global_colors_info=&#8220;{}&#8220;]<\/p>\n<blockquote><p><span style=\"color: #008000;\"><strong>2008<br \/>\n<\/strong><\/span><span class=\"s3\">Anmieten einer zus\u00e4tzlichen Lagerhalle im Gewerbepark \u201cArriaundi\u201d (nahe der bereits bestehenden), spezialisiert auf Schraubenartikel.<\/span><\/p><\/blockquote>\n<p>[\/et_pb_text][et_pb_text admin_label=&#8220;Text&#8220; _builder_version=&#8220;3.27.4&#8243; background_size=&#8220;initial&#8220; background_position=&#8220;top_left&#8220; background_repeat=&#8220;repeat&#8220; use_border_color=&#8220;off&#8220; border_color=&#8220;#ffffff&#8220; border_style=&#8220;solid&#8220; global_colors_info=&#8220;{}&#8220;]<\/p>\n<blockquote><p><span style=\"color: #008000;\"><strong>2009<br \/>\n<\/strong><\/span><span class=\"s3\">Patentersuch auf die \u201cProduktion von Schneckenwellen\u201d in horizontalen Mehrstation-Kaltflie\u00dfpressen.<\/span><\/p><\/blockquote>\n<p>[\/et_pb_text][et_pb_text admin_label=&#8220;Text&#8220; _builder_version=&#8220;3.27.4&#8243; background_size=&#8220;initial&#8220; background_position=&#8220;top_left&#8220; background_repeat=&#8220;repeat&#8220; use_border_color=&#8220;off&#8220; border_color=&#8220;#ffffff&#8220; border_style=&#8220;solid&#8220; global_colors_info=&#8220;{}&#8220;]<\/p>\n<blockquote><p><span style=\"color: #008000;\"><strong>2010<br \/>\n<\/strong><\/span><span class=\"s3\">Ernennung zum \u201cstrategischen Lieferanten\u201d der ZF-Gruppe.<\/span><\/p><\/blockquote>\n<p>[\/et_pb_text][et_pb_text admin_label=&#8220;Text&#8220; _builder_version=&#8220;3.27.4&#8243; background_size=&#8220;initial&#8220; background_position=&#8220;top_left&#8220; background_repeat=&#8220;repeat&#8220; use_border_color=&#8220;off&#8220; border_color=&#8220;#ffffff&#8220; border_style=&#8220;solid&#8220; global_colors_info=&#8220;{}&#8220;]<\/p>\n<blockquote><p><span style=\"color: #008000;\"><strong>2012<br \/>\n<\/strong><\/span><span class=\"s3\">Ernennung zum \u201cstrategischen Lieferanten\u201d der Daimler AG.<\/span><\/p><\/blockquote>\n<p>[\/et_pb_text][et_pb_text admin_label=&#8220;Text&#8220; _builder_version=&#8220;3.27.4&#8243; background_size=&#8220;initial&#8220; background_position=&#8220;top_left&#8220; background_repeat=&#8220;repeat&#8220; use_border_color=&#8220;off&#8220; border_color=&#8220;#ffffff&#8220; border_style=&#8220;solid&#8220; global_colors_info=&#8220;{}&#8220;]<\/p>\n<blockquote><p><span style=\"color: #008000;\"><strong>2015<br \/>\n<\/strong><\/span><span class=\"s3\">Unser Exportvolumen erreicht 60% des Umsatzes bei einer Marktpr\u00e4senz in 19 L\u00e4ndern.<\/span><\/p><\/blockquote>\n<p>[\/et_pb_text][\/et_pb_column][\/et_pb_row][\/et_pb_section]<\/p>\n","protected":false},"excerpt":{"rendered":"<p>Geschichte Die lange Erfahrung der Firma Jesus O\u00f1ate in der Stahlverarbeitung l\u00e4sst sich bis ins 19. Jahrhundert zur\u00fcckverfolgen. Gleichwohl sind wir seit Anbeginn an immer ein Familienunternehmen geblieben. 1879 Unternehmensgr\u00fcndung; Herstellung von N\u00e4geln, verwendet in erster Linie f\u00fcr den Bau von Kutschen und Fischerbooten. 1920 Beginn der Herstellung von Schrauben (Schmiede). 1950 Beginn der Herstellung [&hellip;]<\/p>\n","protected":false},"author":5,"featured_media":0,"parent":0,"menu_order":30,"comment_status":"closed","ping_status":"closed","template":"","meta":{"_et_pb_use_builder":"on","_et_pb_old_content":"","_et_gb_content_width":"","footnotes":""},"class_list":["post-1720","page","type-page","status-publish","hentry"],"yoast_head":"<!-- This site is optimized with the Yoast SEO plugin v26.5 - https:\/\/yoast.com\/wordpress\/plugins\/seo\/ -->\n<title>Entwicklung der Produktion von Kaltschmieden in Jesus Onate S.A.<\/title>\n<meta name=\"description\" content=\"Jesus Onate ist ein Unternehmen, Kaltpr\u00e4gen und CNC-Bearbeitung in Spanien. Wir exportieren die meisten der Produktion nach Europa.\" \/>\n<meta name=\"robots\" content=\"index, follow, max-snippet:-1, max-image-preview:large, max-video-preview:-1\" \/>\n<link rel=\"canonical\" href=\"https:\/\/jesusonate.com\/de\/geschichte\/\" \/>\n<meta property=\"og:locale\" content=\"de_DE\" \/>\n<meta property=\"og:type\" content=\"article\" \/>\n<meta property=\"og:title\" content=\"Entwicklung der Produktion von Kaltschmieden in Jesus Onate S.A.\" \/>\n<meta property=\"og:description\" content=\"Jesus Onate ist ein Unternehmen, Kaltpr\u00e4gen und CNC-Bearbeitung in Spanien. Wir exportieren die meisten der Produktion nach Europa.\" \/>\n<meta property=\"og:url\" content=\"https:\/\/jesusonate.com\/de\/geschichte\/\" \/>\n<meta property=\"og:site_name\" content=\"Jesus Onate\" \/>\n<meta property=\"article:modified_time\" content=\"2022-04-04T12:50:38+00:00\" \/>\n<meta name=\"twitter:card\" content=\"summary_large_image\" \/>\n<meta name=\"twitter:label1\" content=\"Gesch\u00e4tzte Lesezeit\" \/>\n\t<meta name=\"twitter:data1\" content=\"7\u00a0Minuten\" \/>\n<script type=\"application\/ld+json\" class=\"yoast-schema-graph\">{\"@context\":\"https:\/\/schema.org\",\"@graph\":[{\"@type\":\"WebPage\",\"@id\":\"https:\/\/jesusonate.com\/de\/geschichte\/\",\"url\":\"https:\/\/jesusonate.com\/de\/geschichte\/\",\"name\":\"Entwicklung der Produktion von Kaltschmieden in Jesus Onate S.A.\",\"isPartOf\":{\"@id\":\"https:\/\/jesusonate.com\/#website\"},\"datePublished\":\"2016-11-23T19:19:19+00:00\",\"dateModified\":\"2022-04-04T12:50:38+00:00\",\"description\":\"Jesus Onate ist ein Unternehmen, Kaltpr\u00e4gen und CNC-Bearbeitung in Spanien. Wir exportieren die meisten der Produktion nach Europa.\",\"breadcrumb\":{\"@id\":\"https:\/\/jesusonate.com\/de\/geschichte\/#breadcrumb\"},\"inLanguage\":\"de\",\"potentialAction\":[{\"@type\":\"ReadAction\",\"target\":[\"https:\/\/jesusonate.com\/de\/geschichte\/\"]}]},{\"@type\":\"BreadcrumbList\",\"@id\":\"https:\/\/jesusonate.com\/de\/geschichte\/#breadcrumb\",\"itemListElement\":[{\"@type\":\"ListItem\",\"position\":1,\"name\":\"Home\",\"item\":\"https:\/\/jesusonate.com\/de\/\"},{\"@type\":\"ListItem\",\"position\":2,\"name\":\"Geschichte\"}]},{\"@type\":\"WebSite\",\"@id\":\"https:\/\/jesusonate.com\/#website\",\"url\":\"https:\/\/jesusonate.com\/\",\"name\":\"Jesus Onate\",\"description\":\"Unternehmen f\u00fcr Kaltschmieden und CNC-Bearbeitung | Jesus Onate S.A.\",\"publisher\":{\"@id\":\"https:\/\/jesusonate.com\/#organization\"},\"potentialAction\":[{\"@type\":\"SearchAction\",\"target\":{\"@type\":\"EntryPoint\",\"urlTemplate\":\"https:\/\/jesusonate.com\/?s={search_term_string}\"},\"query-input\":{\"@type\":\"PropertyValueSpecification\",\"valueRequired\":true,\"valueName\":\"search_term_string\"}}],\"inLanguage\":\"de\"},{\"@type\":\"Organization\",\"@id\":\"https:\/\/jesusonate.com\/#organization\",\"name\":\"Jes\u00fas Onate\",\"url\":\"https:\/\/jesusonate.com\/\",\"logo\":{\"@type\":\"ImageObject\",\"inLanguage\":\"de\",\"@id\":\"https:\/\/jesusonate.com\/#\/schema\/logo\/image\/\",\"url\":\"https:\/\/jesusonate.com\/wp-content\/uploads\/logo-onate-3.png\",\"contentUrl\":\"https:\/\/jesusonate.com\/wp-content\/uploads\/logo-onate-3.png\",\"width\":225,\"height\":45,\"caption\":\"Jes\u00fas Onate\"},\"image\":{\"@id\":\"https:\/\/jesusonate.com\/#\/schema\/logo\/image\/\"}}]}<\/script>\n<!-- \/ Yoast SEO plugin. -->","yoast_head_json":{"title":"Entwicklung der Produktion von Kaltschmieden in Jesus Onate S.A.","description":"Jesus Onate ist ein Unternehmen, Kaltpr\u00e4gen und CNC-Bearbeitung in Spanien. Wir exportieren die meisten der Produktion nach Europa.","robots":{"index":"index","follow":"follow","max-snippet":"max-snippet:-1","max-image-preview":"max-image-preview:large","max-video-preview":"max-video-preview:-1"},"canonical":"https:\/\/jesusonate.com\/de\/geschichte\/","og_locale":"de_DE","og_type":"article","og_title":"Entwicklung der Produktion von Kaltschmieden in Jesus Onate S.A.","og_description":"Jesus Onate ist ein Unternehmen, Kaltpr\u00e4gen und CNC-Bearbeitung in Spanien. Wir exportieren die meisten der Produktion nach Europa.","og_url":"https:\/\/jesusonate.com\/de\/geschichte\/","og_site_name":"Jesus Onate","article_modified_time":"2022-04-04T12:50:38+00:00","twitter_card":"summary_large_image","twitter_misc":{"Gesch\u00e4tzte Lesezeit":"7\u00a0Minuten"},"schema":{"@context":"https:\/\/schema.org","@graph":[{"@type":"WebPage","@id":"https:\/\/jesusonate.com\/de\/geschichte\/","url":"https:\/\/jesusonate.com\/de\/geschichte\/","name":"Entwicklung der Produktion von Kaltschmieden in Jesus Onate S.A.","isPartOf":{"@id":"https:\/\/jesusonate.com\/#website"},"datePublished":"2016-11-23T19:19:19+00:00","dateModified":"2022-04-04T12:50:38+00:00","description":"Jesus Onate ist ein Unternehmen, Kaltpr\u00e4gen und CNC-Bearbeitung in Spanien. Wir exportieren die meisten der Produktion nach Europa.","breadcrumb":{"@id":"https:\/\/jesusonate.com\/de\/geschichte\/#breadcrumb"},"inLanguage":"de","potentialAction":[{"@type":"ReadAction","target":["https:\/\/jesusonate.com\/de\/geschichte\/"]}]},{"@type":"BreadcrumbList","@id":"https:\/\/jesusonate.com\/de\/geschichte\/#breadcrumb","itemListElement":[{"@type":"ListItem","position":1,"name":"Home","item":"https:\/\/jesusonate.com\/de\/"},{"@type":"ListItem","position":2,"name":"Geschichte"}]},{"@type":"WebSite","@id":"https:\/\/jesusonate.com\/#website","url":"https:\/\/jesusonate.com\/","name":"Jesus Onate","description":"Unternehmen f\u00fcr Kaltschmieden und CNC-Bearbeitung | Jesus Onate S.A.","publisher":{"@id":"https:\/\/jesusonate.com\/#organization"},"potentialAction":[{"@type":"SearchAction","target":{"@type":"EntryPoint","urlTemplate":"https:\/\/jesusonate.com\/?s={search_term_string}"},"query-input":{"@type":"PropertyValueSpecification","valueRequired":true,"valueName":"search_term_string"}}],"inLanguage":"de"},{"@type":"Organization","@id":"https:\/\/jesusonate.com\/#organization","name":"Jes\u00fas Onate","url":"https:\/\/jesusonate.com\/","logo":{"@type":"ImageObject","inLanguage":"de","@id":"https:\/\/jesusonate.com\/#\/schema\/logo\/image\/","url":"https:\/\/jesusonate.com\/wp-content\/uploads\/logo-onate-3.png","contentUrl":"https:\/\/jesusonate.com\/wp-content\/uploads\/logo-onate-3.png","width":225,"height":45,"caption":"Jes\u00fas Onate"},"image":{"@id":"https:\/\/jesusonate.com\/#\/schema\/logo\/image\/"}}]}},"_links":{"self":[{"href":"https:\/\/jesusonate.com\/de\/wp-json\/wp\/v2\/pages\/1720\/"}],"collection":[{"href":"https:\/\/jesusonate.com\/de\/wp-json\/wp\/v2\/pages\/"}],"about":[{"href":"https:\/\/jesusonate.com\/de\/wp-json\/wp\/v2\/types\/page\/"}],"author":[{"embeddable":true,"href":"https:\/\/jesusonate.com\/de\/wp-json\/wp\/v2\/users\/5\/"}],"replies":[{"embeddable":true,"href":"https:\/\/jesusonate.com\/de\/wp-json\/wp\/v2\/comments\/?post=1720"}],"version-history":[{"count":6,"href":"https:\/\/jesusonate.com\/de\/wp-json\/wp\/v2\/pages\/1720\/revisions\/"}],"predecessor-version":[{"id":3810,"href":"https:\/\/jesusonate.com\/de\/wp-json\/wp\/v2\/pages\/1720\/revisions\/3810\/"}],"wp:attachment":[{"href":"https:\/\/jesusonate.com\/de\/wp-json\/wp\/v2\/media\/?parent=1720"}],"curies":[{"name":"wp","href":"https:\/\/api.w.org\/{rel}","templated":true}]}}