{"id":1724,"date":"2016-11-23T19:50:34","date_gmt":"2016-11-23T19:50:34","guid":{"rendered":"https:\/\/onate.guremedia.com\/de\/?page_id=1724"},"modified":"2022-04-04T13:51:58","modified_gmt":"2022-04-04T12:51:58","slug":"produkte","status":"publish","type":"page","link":"https:\/\/jesusonate.com\/de\/produkte\/","title":{"rendered":"Produkte"},"content":{"rendered":"<p>[et_pb_section fb_built=&#8220;1&#8243; fullwidth=&#8220;on&#8220; admin_label=&#8220;Section&#8220; _builder_version=&#8220;3.22&#8243; global_colors_info=&#8220;{}&#8220;][et_pb_fullwidth_slider show_arrows=&#8220;off&#8220; show_pagination=&#8220;off&#8220; admin_label=&#8220;Fullwidth Slider&#8220; _builder_version=&#8220;3.16&#8243; header_font_size=&#8220;45&#8243; body_font_size=&#8220;18&#8243; parallax=&#8220;on&#8220; custom_padding=&#8220;|||&#8220; custom_padding_tablet=&#8220;|||&#8220; custom_padding_phone=&#8220;|||&#8220; auto=&#8220;on&#8220; header_font_size_tablet=&#8220;&#8220; header_font_size_phone=&#8220;20&#8243; header_font_size_last_edited=&#8220;on|phone&#8220; body_font_size_tablet=&#8220;45&#8243; body_font_size_phone=&#8220;30&#8243; body_font_size_last_edited=&#8220;off|phone&#8220; remove_inner_shadow=&#8220;on&#8220; hide_content_on_mobile=&#8220;off&#8220; hide_cta_on_mobile=&#8220;off&#8220; show_inner_shadow=&#8220;off&#8220; button_letter_spacing_hover=&#8220;0&#8243; saved_tabs=&#8220;all&#8220; global_colors_info=&#8220;{}&#8220; button_text_size__hover_enabled=&#8220;off&#8220; button_one_text_size__hover_enabled=&#8220;off&#8220; button_two_text_size__hover_enabled=&#8220;off&#8220; button_text_color__hover_enabled=&#8220;off&#8220; button_one_text_color__hover_enabled=&#8220;off&#8220; button_two_text_color__hover_enabled=&#8220;off&#8220; button_border_width__hover_enabled=&#8220;off&#8220; button_one_border_width__hover_enabled=&#8220;off&#8220; button_two_border_width__hover_enabled=&#8220;off&#8220; button_border_color__hover_enabled=&#8220;off&#8220; button_one_border_color__hover_enabled=&#8220;off&#8220; button_two_border_color__hover_enabled=&#8220;off&#8220; button_border_radius__hover_enabled=&#8220;off&#8220; button_one_border_radius__hover_enabled=&#8220;off&#8220; button_two_border_radius__hover_enabled=&#8220;off&#8220; button_letter_spacing__hover_enabled=&#8220;on&#8220; button_letter_spacing__hover=&#8220;0&#8243; button_one_letter_spacing__hover_enabled=&#8220;off&#8220; button_two_letter_spacing__hover_enabled=&#8220;off&#8220; button_bg_color__hover_enabled=&#8220;off&#8220; button_one_bg_color__hover_enabled=&#8220;off&#8220; button_two_bg_color__hover_enabled=&#8220;off&#8220;][et_pb_slide heading=&#8220;TECHNISCHE TEILE UND SCHRAUBEN&#8220; use_bg_overlay=&#8220;on&#8220; use_text_overlay=&#8220;on&#8220; text_overlay_color=&#8220;rgba(153,30,116,0.8)&#8220; _builder_version=&#8220;3.16&#8243; header_font=&#8220;|on|||&#8220; header_font_size=&#8220;50&#8243; body_font=&#8220;||||&#8220; body_font_size=&#8220;30&#8243; body_line_height=&#8220;1.5em&#8220; background_color=&#8220;#ffffff&#8220; background_image=&#8220;https:\/\/jesusonate.com\/wp-content\/uploads\/productos_fondo-cabecera.jpg&#8220; button_icon_placement=&#8220;right&#8220; button_on_hover=&#8220;on&#8220; header_font_size_tablet=&#8220;50&#8243; header_font_size_phone=&#8220;25&#8243; header_font_size_last_edited=&#8220;on|phone&#8220; body_font_size_tablet=&#8220;25&#8243; body_font_size_phone=&#8220;20&#8243; body_font_size_last_edited=&#8220;on|phone&#8220; body_line_height_tablet=&#8220;1.5em&#8220; body_line_height_phone=&#8220;1.5em&#8220; body_line_height_last_edited=&#8220;on|phone&#8220; global_colors_info=&#8220;{}&#8220; sticky_transition=&#8220;on&#8220; button_text_size__hover_enabled=&#8220;off&#8220; button_one_text_size__hover_enabled=&#8220;off&#8220; button_two_text_size__hover_enabled=&#8220;off&#8220; button_text_color__hover_enabled=&#8220;off&#8220; button_one_text_color__hover_enabled=&#8220;off&#8220; button_two_text_color__hover_enabled=&#8220;off&#8220; button_border_width__hover_enabled=&#8220;off&#8220; button_one_border_width__hover_enabled=&#8220;off&#8220; button_two_border_width__hover_enabled=&#8220;off&#8220; button_border_color__hover_enabled=&#8220;off&#8220; button_one_border_color__hover_enabled=&#8220;off&#8220; button_two_border_color__hover_enabled=&#8220;off&#8220; button_border_radius__hover_enabled=&#8220;off&#8220; button_one_border_radius__hover_enabled=&#8220;off&#8220; button_two_border_radius__hover_enabled=&#8220;off&#8220; button_letter_spacing__hover_enabled=&#8220;off&#8220; button_one_letter_spacing__hover_enabled=&#8220;off&#8220; button_two_letter_spacing__hover_enabled=&#8220;off&#8220; button_bg_color__hover_enabled=&#8220;off&#8220; button_one_bg_color__hover_enabled=&#8220;off&#8220; button_two_bg_color__hover_enabled=&#8220;off&#8220;]<\/p>\n<p class=\"p1\" style=\"text-align: center;\">SPEZIALTEILE,\u00a0KUGELZAPFEN,\u00a0BUCHSEN&#8230;<\/p>\n<p>[\/et_pb_slide][\/et_pb_fullwidth_slider][\/et_pb_section][et_pb_section fb_built=&#8220;1&#8243; admin_label=&#8220;section&#8220; _builder_version=&#8220;3.22&#8243; global_colors_info=&#8220;{}&#8220;][et_pb_row admin_label=&#8220;row&#8220; _builder_version=&#8220;3.25&#8243; background_size=&#8220;initial&#8220; background_position=&#8220;top_left&#8220; background_repeat=&#8220;repeat&#8220; global_colors_info=&#8220;{}&#8220;][et_pb_column type=&#8220;4_4&#8243; _builder_version=&#8220;3.25&#8243; custom_padding=&#8220;|||&#8220; global_colors_info=&#8220;{}&#8220; custom_padding__hover=&#8220;|||&#8220;][et_pb_text admin_label=&#8220;Text&#8220; _builder_version=&#8220;3.27.4&#8243; background_size=&#8220;initial&#8220; background_position=&#8220;top_left&#8220; background_repeat=&#8220;repeat&#8220; custom_margin=&#8220;||0px|&#8220; custom_padding=&#8220;||0px|&#8220; use_border_color=&#8220;off&#8220; border_color=&#8220;#ffffff&#8220; border_style=&#8220;solid&#8220; global_colors_info=&#8220;{}&#8220;]<\/p>\n<h2><span style=\"color: #991e74;\">Produkte<\/span><\/h2>\n<p>[\/et_pb_text][et_pb_divider color=&#8220;#a8a8a8&#8243; divider_style=&#8220;dotted&#8220; admin_label=&#8220;Divider&#8220; _builder_version=&#8220;3.2&#8243; hide_on_mobile=&#8220;off&#8220; global_colors_info=&#8220;{}&#8220;] [\/et_pb_divider][et_pb_code admin_label=&#8220;Code&#8220; global_colors_info=&#8220;{}&#8220;]<div class=\"et_pb_portfolio_grid clearfix et_pb_module et_pb_bg_layout_light et_pb_portfolio_0\" id=\"muestraproductos\">                <div class=\"et_pb_portfolio_item producto-item\">\n                     <a href=\"https:\/\/jesusonate.com\/de\/produzieren\/kugelzapfen\/\">\n                        <span class=\"et_portfolio_image\">\n                            <img loading=\"lazy\" decoding=\"async\" width=\"400\" height=\"284\" alt=\"Kugelzapfen\" src=\"https:\/\/jesusonate.com\/wp-content\/uploads\/Rotulas-19x94-destacada.jpg\" \/>\n                            <!-- <span class=\"et_overlay\"><\/span> -->\n                        <\/span>\n                    <\/a>\n                    <h4 class=\"titulo-producto\"><a data-icon=\"=\" class=\"boton-producto\" href=\"https:\/\/jesusonate.com\/de\/produzieren\/kugelzapfen\/\">Kugelzapfen<\/a><\/h4>\n                <\/div>                <div class=\"et_pb_portfolio_item producto-item\">\n                     <a href=\"https:\/\/jesusonate.com\/de\/produzieren\/buchsen\/\">\n                        <span class=\"et_portfolio_image\">\n                            <img loading=\"lazy\" decoding=\"async\" width=\"400\" height=\"284\" alt=\"Buchsen\" src=\"https:\/\/jesusonate.com\/wp-content\/uploads\/Casquillos-\u00f8-22x25-destacada.jpg\" \/>\n                            <!-- <span class=\"et_overlay\"><\/span> -->\n                        <\/span>\n                    <\/a>\n                    <h4 class=\"titulo-producto\"><a data-icon=\"=\" class=\"boton-producto\" href=\"https:\/\/jesusonate.com\/de\/produzieren\/buchsen\/\">Buchsen<\/a><\/h4>\n                <\/div>                <div class=\"et_pb_portfolio_item producto-item\">\n                     <a href=\"https:\/\/jesusonate.com\/de\/produzieren\/achswellen\/\">\n                        <span class=\"et_portfolio_image\">\n                            <img loading=\"lazy\" decoding=\"async\" width=\"400\" height=\"284\" alt=\"Achswellen\" src=\"https:\/\/jesusonate.com\/wp-content\/uploads\/Ejes-295x80-destacada.jpg\" \/>\n                            <!-- <span class=\"et_overlay\"><\/span> -->\n                        <\/span>\n                    <\/a>\n                    <h4 class=\"titulo-producto\"><a data-icon=\"=\" class=\"boton-producto\" href=\"https:\/\/jesusonate.com\/de\/produzieren\/achswellen\/\">Achswellen<\/a><\/h4>\n                <\/div>                <div class=\"et_pb_portfolio_item producto-item\">\n                     <a href=\"https:\/\/jesusonate.com\/de\/produzieren\/spezialteile\/\">\n                        <span class=\"et_portfolio_image\">\n                            <img loading=\"lazy\" decoding=\"async\" width=\"400\" height=\"284\" alt=\"Spezialteile\" src=\"https:\/\/jesusonate.com\/wp-content\/uploads\/ESPECIALES-destacada.jpg\" \/>\n                            <!-- <span class=\"et_overlay\"><\/span> -->\n                        <\/span>\n                    <\/a>\n                    <h4 class=\"titulo-producto\"><a data-icon=\"=\" class=\"boton-producto\" href=\"https:\/\/jesusonate.com\/de\/produzieren\/spezialteile\/\">Spezialteile<\/a><\/h4>\n                <\/div>                <div class=\"et_pb_portfolio_item producto-item\">\n                     <a href=\"https:\/\/jesusonate.com\/de\/produzieren\/fertigteile\/\">\n                        <span class=\"et_portfolio_image\">\n                            <img loading=\"lazy\" decoding=\"async\" width=\"400\" height=\"284\" alt=\"Fertigteile\" src=\"https:\/\/jesusonate.com\/wp-content\/uploads\/pieza-mecanizada-destacada.jpg\" \/>\n                            <!-- <span class=\"et_overlay\"><\/span> -->\n                        <\/span>\n                    <\/a>\n                    <h4 class=\"titulo-producto\"><a data-icon=\"=\" class=\"boton-producto\" href=\"https:\/\/jesusonate.com\/de\/produzieren\/fertigteile\/\">Fertigteile<\/a><\/h4>\n                <\/div>                <div class=\"et_pb_portfolio_item producto-item\">\n                     <a href=\"https:\/\/jesusonate.com\/de\/produzieren\/feuerverzinkte-schrauben\/\">\n                        <span class=\"et_portfolio_image\">\n                            <img loading=\"lazy\" decoding=\"async\" width=\"400\" height=\"284\" alt=\"Feuerverzinkte Schrauben\" src=\"https:\/\/jesusonate.com\/wp-content\/uploads\/Tornilleria-destacada.jpg\" \/>\n                            <!-- <span class=\"et_overlay\"><\/span> -->\n                        <\/span>\n                    <\/a>\n                    <h4 class=\"titulo-producto\"><a data-icon=\"=\" class=\"boton-producto\" href=\"https:\/\/jesusonate.com\/de\/produzieren\/feuerverzinkte-schrauben\/\">Feuerverzinkte Schrauben<\/a><\/h4>\n                <\/div><\/div>[\/et_pb_code][et_pb_divider color=&#8220;#a8a8a8&#8243; divider_style=&#8220;dotted&#8220; admin_label=&#8220;Divider&#8220; _builder_version=&#8220;3.2&#8243; hide_on_mobile=&#8220;off&#8220; global_colors_info=&#8220;{}&#8220;] [\/et_pb_divider][\/et_pb_column][\/et_pb_row][et_pb_row admin_label=&#8220;Row&#8220; _builder_version=&#8220;3.25&#8243; background_size=&#8220;initial&#8220; background_position=&#8220;top_left&#8220; background_repeat=&#8220;repeat&#8220; global_colors_info=&#8220;{}&#8220; column_structure=&#8220;1_2,1_2&#8243;][et_pb_column type=&#8220;1_2&#8243; _builder_version=&#8220;3.25&#8243; custom_padding=&#8220;|||&#8220; global_colors_info=&#8220;{}&#8220; custom_padding__hover=&#8220;|||&#8220;][et_pb_text admin_label=&#8220;Text&#8220; _builder_version=&#8220;3.27.4&#8243; background_size=&#8220;initial&#8220; background_position=&#8220;top_left&#8220; background_repeat=&#8220;repeat&#8220; use_border_color=&#8220;off&#8220; border_color=&#8220;#ffffff&#8220; border_style=&#8220;solid&#8220; global_colors_info=&#8220;{}&#8220;]<\/p>\n<h2>TECHNISCHE TEILE<\/h2>\n<p><strong>Vielf\u00e4ltige Auswahl an technischen Teilen nach Kundenzeichnung, ausgerichtet auf die Automobilindustrie und andere Bereiche.<\/strong><\/p>\n<p class=\"p1\">Teile f\u00fcr Lenksysteme (Komponenten, die Sicherheitsnormen und Kundenvorschriften unterliegen) und Fahrzeugaufh\u00e4ngung; u.a. hohle Gelenke mit reduziertem Durchmesser im Kopfbereich, Schaftring, mit Sechskant oder \u201cTorx\u201d im Endbereich usw.<\/p>\n<p>Buchsen f\u00fcr Sto\u00dfd\u00e4mpfer oder als Strukturteile des Fahrwerks.\u00a0Teile f\u00fcr die Fahrzeuglenks\u00e4ule (nach Sicherheitsnormen und\u00a0Kundenvorschriften) sowie f\u00fcr die Lichtmaschine oder den Elektromotor.\u00a0Nach Kundenspezifikationen konstruierte und gefertigte Teile f\u00fcr hohe technische und funktionelle Beanspruchung.<br \/>\n[\/et_pb_text][et_pb_toggle title=&#8220;TECHNISCHE KAPAZIT\u00c4T: CHARAKTERISTIKA&#8220; admin_label=&#8220;Toggle&#8220; _builder_version=&#8220;3.0.87&#8243; title_text_color=&#8220;#991e74&#8243; title_font_size=&#8220;17&#8243; background_size=&#8220;initial&#8220; background_position=&#8220;top_left&#8220; background_repeat=&#8220;repeat&#8220; title_font_size_tablet=&#8220;16&#8243; title_font_size_phone=&#8220;13&#8243; title_font_size_last_edited=&#8220;on|desktop&#8220; use_border_color=&#8220;off&#8220; border_color=&#8220;#ffffff&#8220; border_style=&#8220;solid&#8220; global_colors_info=&#8220;{}&#8220;]<\/p>\n<p class=\"p1\">Minimum Wanddicke<span style=\"line-height: 1.7em;\">: 2 mm.<br \/>\n<\/span><span style=\"line-height: 1.7em;\">\u00d8: 10 mm &#8211; 43 mm.<br \/>\n\u00d8\u00a0<\/span>Kopfst\u00fcck: Max. 70 mm.<span style=\"line-height: 1.7em;\"><br \/>\n<\/span>L\u00e4nge: 12 mm &#8211; 215 mm<\/p>\n<p class=\"p1\"><strong>Gewichtsangaben unserer Produktpalette zur Orientierung<br \/>\n<\/strong>Mindestgewicht: 65 gr.<br \/>\nDurchschnittliches Gewicht: 300 gr.<br \/>\nMaximalgewicht:\u00a0<span style=\"line-height: 1.7em;\">1.500 gr.<\/span><\/p>\n<p>[\/et_pb_toggle][\/et_pb_column][et_pb_column type=&#8220;1_2&#8243; _builder_version=&#8220;3.25&#8243; custom_padding=&#8220;|||&#8220; global_colors_info=&#8220;{}&#8220; custom_padding__hover=&#8220;|||&#8220;][et_pb_text admin_label=&#8220;Text&#8220; _builder_version=&#8220;3.27.4&#8243; background_size=&#8220;initial&#8220; background_position=&#8220;top_left&#8220; background_repeat=&#8220;repeat&#8220; use_border_color=&#8220;off&#8220; border_color=&#8220;#ffffff&#8220; border_style=&#8220;solid&#8220; global_colors_info=&#8220;{}&#8220;]<\/p>\n<h2>SCHRAUBEN<\/h2>\n<p>Schrauben sind charakteristisch und ein zentraler Aspekt in unserem Angebot. Sie sind in Europa und weltweit ein <strong>Teil zahlreicher Stahlkonstruktionen, Br\u00fccken, Strommasten, Solarfelder und Schnellstra\u00dfen.<\/strong> Ein besonders herausragendes Beispiel ist das <strong>Guggenheim-Museum in Bilbao,<\/strong> in dem ca. 700.000 hochfeste Schrauben (Klasse 10.9) aus unserer Produktion verarbeitet wurden und f\u00fcr Tragfestigkeit sorgen.<br \/>\n[\/et_pb_text][et_pb_toggle title=&#8220;TECHNISCHE KAPAZIT\u00c4T: CHARAKTERISTIKA&#8220; admin_label=&#8220;Toggle&#8220; _builder_version=&#8220;3.0.87&#8243; title_text_color=&#8220;#991e74&#8243; title_font_size=&#8220;17&#8243; background_size=&#8220;initial&#8220; background_position=&#8220;top_left&#8220; background_repeat=&#8220;repeat&#8220; title_font_size_tablet=&#8220;16&#8243; title_font_size_phone=&#8220;13&#8243; title_font_size_last_edited=&#8220;on|desktop&#8220; use_border_color=&#8220;off&#8220; border_color=&#8220;#ffffff&#8220; border_style=&#8220;solid&#8220; global_colors_info=&#8220;{}&#8220;]Durchmesser zwischen 12 und 33 mm.<br \/>\nL\u00e4ngen von 30 bis 180 mm.<br \/>\nQualit\u00e4t zwischen 4.6 und\u00a012.9.<\/p>\n<p><strong>Normen:<\/strong><br \/>\nDin 7990, 931, 933. UNE, ASTM.<br \/>\nEN 14399, EN 15048 (Tecnalia).<br \/>\nNF (Asquer).<br \/>\n[\/et_pb_toggle][\/et_pb_column][\/et_pb_row][\/et_pb_section]<\/p>\n","protected":false},"excerpt":{"rendered":"<p>Feuerverzinkte Schrauben Schrauben sind charakteristisch und ein zentraler Aspekt in unserem Angebot. Sie sind in Europa und weltweit ein Teil zahlreicher Stahlkonstruktionen, Br\u00fccken, Strommasten, Solarfelder und Schnellstra\u00dfen. Ein besonders herausragendes Beispiel ist das Guggenheim-Museum in Bilbao, in dem ca. 700.000 hochfeste Schrauben (Klasse 10.9) aus unserer Produktion verarbeitet wurden und f\u00fcr Tragfestigkeit sorgen.<\/p>\n","protected":false},"author":5,"featured_media":0,"parent":0,"menu_order":36,"comment_status":"closed","ping_status":"closed","template":"","meta":{"_et_pb_use_builder":"on","_et_pb_old_content":"<p>qweqweqwe<\/p>","_et_gb_content_width":"","footnotes":""},"class_list":["post-1724","page","type-page","status-publish","hentry"],"yoast_head":"<!-- This site is optimized with the Yoast SEO plugin v26.5 - https:\/\/yoast.com\/wordpress\/plugins\/seo\/ -->\n<title>Piezas t\u00e9cnicas y torniller\u00eda galvanizada | Jesus Onate S.A<\/title>\n<meta name=\"robots\" content=\"index, follow, max-snippet:-1, max-image-preview:large, max-video-preview:-1\" \/>\n<link rel=\"canonical\" href=\"https:\/\/jesusonate.com\/de\/produkte\/\" \/>\n<meta property=\"og:locale\" content=\"de_DE\" \/>\n<meta property=\"og:type\" content=\"article\" \/>\n<meta property=\"og:title\" content=\"Piezas t\u00e9cnicas y torniller\u00eda galvanizada | Jesus Onate S.A\" \/>\n<meta property=\"og:description\" content=\"Feuerverzinkte Schrauben Schrauben sind charakteristisch und ein zentraler Aspekt in unserem Angebot. Sie sind in Europa und weltweit ein Teil zahlreicher Stahlkonstruktionen, Br\u00fccken, Strommasten, Solarfelder und Schnellstra\u00dfen. Ein besonders herausragendes Beispiel ist das Guggenheim-Museum in Bilbao, in dem ca. 700.000 hochfeste Schrauben (Klasse 10.9) aus unserer Produktion verarbeitet wurden und f\u00fcr Tragfestigkeit sorgen.\" \/>\n<meta property=\"og:url\" content=\"https:\/\/jesusonate.com\/de\/produkte\/\" \/>\n<meta property=\"og:site_name\" content=\"Jesus Onate\" \/>\n<meta property=\"article:modified_time\" content=\"2022-04-04T12:51:58+00:00\" \/>\n<meta name=\"twitter:card\" content=\"summary_large_image\" \/>\n<meta name=\"twitter:label1\" content=\"Gesch\u00e4tzte Lesezeit\" \/>\n\t<meta name=\"twitter:data1\" content=\"6\u00a0Minuten\" \/>\n<script type=\"application\/ld+json\" class=\"yoast-schema-graph\">{\"@context\":\"https:\/\/schema.org\",\"@graph\":[{\"@type\":\"WebPage\",\"@id\":\"https:\/\/jesusonate.com\/de\/produkte\/\",\"url\":\"https:\/\/jesusonate.com\/de\/produkte\/\",\"name\":\"Piezas t\u00e9cnicas y torniller\u00eda galvanizada | Jesus Onate S.A\",\"isPartOf\":{\"@id\":\"https:\/\/jesusonate.com\/#website\"},\"datePublished\":\"2016-11-23T19:50:34+00:00\",\"dateModified\":\"2022-04-04T12:51:58+00:00\",\"breadcrumb\":{\"@id\":\"https:\/\/jesusonate.com\/de\/produkte\/#breadcrumb\"},\"inLanguage\":\"de\",\"potentialAction\":[{\"@type\":\"ReadAction\",\"target\":[\"https:\/\/jesusonate.com\/de\/produkte\/\"]}]},{\"@type\":\"BreadcrumbList\",\"@id\":\"https:\/\/jesusonate.com\/de\/produkte\/#breadcrumb\",\"itemListElement\":[{\"@type\":\"ListItem\",\"position\":1,\"name\":\"Home\",\"item\":\"https:\/\/jesusonate.com\/de\/\"},{\"@type\":\"ListItem\",\"position\":2,\"name\":\"Produkte\"}]},{\"@type\":\"WebSite\",\"@id\":\"https:\/\/jesusonate.com\/#website\",\"url\":\"https:\/\/jesusonate.com\/\",\"name\":\"Jesus Onate\",\"description\":\"Unternehmen f\u00fcr Kaltschmieden und CNC-Bearbeitung | Jesus Onate S.A.\",\"publisher\":{\"@id\":\"https:\/\/jesusonate.com\/#organization\"},\"potentialAction\":[{\"@type\":\"SearchAction\",\"target\":{\"@type\":\"EntryPoint\",\"urlTemplate\":\"https:\/\/jesusonate.com\/?s={search_term_string}\"},\"query-input\":{\"@type\":\"PropertyValueSpecification\",\"valueRequired\":true,\"valueName\":\"search_term_string\"}}],\"inLanguage\":\"de\"},{\"@type\":\"Organization\",\"@id\":\"https:\/\/jesusonate.com\/#organization\",\"name\":\"Jes\u00fas Onate\",\"url\":\"https:\/\/jesusonate.com\/\",\"logo\":{\"@type\":\"ImageObject\",\"inLanguage\":\"de\",\"@id\":\"https:\/\/jesusonate.com\/#\/schema\/logo\/image\/\",\"url\":\"https:\/\/jesusonate.com\/wp-content\/uploads\/logo-onate-3.png\",\"contentUrl\":\"https:\/\/jesusonate.com\/wp-content\/uploads\/logo-onate-3.png\",\"width\":225,\"height\":45,\"caption\":\"Jes\u00fas Onate\"},\"image\":{\"@id\":\"https:\/\/jesusonate.com\/#\/schema\/logo\/image\/\"}}]}<\/script>\n<!-- \/ Yoast SEO plugin. -->","yoast_head_json":{"title":"Piezas t\u00e9cnicas y torniller\u00eda galvanizada | Jesus Onate S.A","robots":{"index":"index","follow":"follow","max-snippet":"max-snippet:-1","max-image-preview":"max-image-preview:large","max-video-preview":"max-video-preview:-1"},"canonical":"https:\/\/jesusonate.com\/de\/produkte\/","og_locale":"de_DE","og_type":"article","og_title":"Piezas t\u00e9cnicas y torniller\u00eda galvanizada | Jesus Onate S.A","og_description":"Feuerverzinkte Schrauben Schrauben sind charakteristisch und ein zentraler Aspekt in unserem Angebot. Sie sind in Europa und weltweit ein Teil zahlreicher Stahlkonstruktionen, Br\u00fccken, Strommasten, Solarfelder und Schnellstra\u00dfen. Ein besonders herausragendes Beispiel ist das Guggenheim-Museum in Bilbao, in dem ca. 700.000 hochfeste Schrauben (Klasse 10.9) aus unserer Produktion verarbeitet wurden und f\u00fcr Tragfestigkeit sorgen.","og_url":"https:\/\/jesusonate.com\/de\/produkte\/","og_site_name":"Jesus Onate","article_modified_time":"2022-04-04T12:51:58+00:00","twitter_card":"summary_large_image","twitter_misc":{"Gesch\u00e4tzte Lesezeit":"6\u00a0Minuten"},"schema":{"@context":"https:\/\/schema.org","@graph":[{"@type":"WebPage","@id":"https:\/\/jesusonate.com\/de\/produkte\/","url":"https:\/\/jesusonate.com\/de\/produkte\/","name":"Piezas t\u00e9cnicas y torniller\u00eda galvanizada | Jesus Onate S.A","isPartOf":{"@id":"https:\/\/jesusonate.com\/#website"},"datePublished":"2016-11-23T19:50:34+00:00","dateModified":"2022-04-04T12:51:58+00:00","breadcrumb":{"@id":"https:\/\/jesusonate.com\/de\/produkte\/#breadcrumb"},"inLanguage":"de","potentialAction":[{"@type":"ReadAction","target":["https:\/\/jesusonate.com\/de\/produkte\/"]}]},{"@type":"BreadcrumbList","@id":"https:\/\/jesusonate.com\/de\/produkte\/#breadcrumb","itemListElement":[{"@type":"ListItem","position":1,"name":"Home","item":"https:\/\/jesusonate.com\/de\/"},{"@type":"ListItem","position":2,"name":"Produkte"}]},{"@type":"WebSite","@id":"https:\/\/jesusonate.com\/#website","url":"https:\/\/jesusonate.com\/","name":"Jesus Onate","description":"Unternehmen f\u00fcr Kaltschmieden und CNC-Bearbeitung | Jesus Onate S.A.","publisher":{"@id":"https:\/\/jesusonate.com\/#organization"},"potentialAction":[{"@type":"SearchAction","target":{"@type":"EntryPoint","urlTemplate":"https:\/\/jesusonate.com\/?s={search_term_string}"},"query-input":{"@type":"PropertyValueSpecification","valueRequired":true,"valueName":"search_term_string"}}],"inLanguage":"de"},{"@type":"Organization","@id":"https:\/\/jesusonate.com\/#organization","name":"Jes\u00fas Onate","url":"https:\/\/jesusonate.com\/","logo":{"@type":"ImageObject","inLanguage":"de","@id":"https:\/\/jesusonate.com\/#\/schema\/logo\/image\/","url":"https:\/\/jesusonate.com\/wp-content\/uploads\/logo-onate-3.png","contentUrl":"https:\/\/jesusonate.com\/wp-content\/uploads\/logo-onate-3.png","width":225,"height":45,"caption":"Jes\u00fas Onate"},"image":{"@id":"https:\/\/jesusonate.com\/#\/schema\/logo\/image\/"}}]}},"_links":{"self":[{"href":"https:\/\/jesusonate.com\/de\/wp-json\/wp\/v2\/pages\/1724\/"}],"collection":[{"href":"https:\/\/jesusonate.com\/de\/wp-json\/wp\/v2\/pages\/"}],"about":[{"href":"https:\/\/jesusonate.com\/de\/wp-json\/wp\/v2\/types\/page\/"}],"author":[{"embeddable":true,"href":"https:\/\/jesusonate.com\/de\/wp-json\/wp\/v2\/users\/5\/"}],"replies":[{"embeddable":true,"href":"https:\/\/jesusonate.com\/de\/wp-json\/wp\/v2\/comments\/?post=1724"}],"version-history":[{"count":6,"href":"https:\/\/jesusonate.com\/de\/wp-json\/wp\/v2\/pages\/1724\/revisions\/"}],"predecessor-version":[{"id":3813,"href":"https:\/\/jesusonate.com\/de\/wp-json\/wp\/v2\/pages\/1724\/revisions\/3813\/"}],"wp:attachment":[{"href":"https:\/\/jesusonate.com\/de\/wp-json\/wp\/v2\/media\/?parent=1724"}],"curies":[{"name":"wp","href":"https:\/\/api.w.org\/{rel}","templated":true}]}}