{"id":1727,"date":"2016-11-23T20:14:32","date_gmt":"2016-11-23T20:14:32","guid":{"rendered":"https:\/\/onate.guremedia.com\/de\/?page_id=1727"},"modified":"2022-04-04T13:52:30","modified_gmt":"2022-04-04T12:52:30","slug":"betriebsanlagen-kaltfliesspressen-praezisionstechnik","status":"publish","type":"page","link":"https:\/\/jesusonate.com\/de\/betriebsanlagen-kaltfliesspressen-praezisionstechnik\/","title":{"rendered":"Betriebsanlagen"},"content":{"rendered":"<p>[et_pb_section fb_built=&#8220;1&#8243; fullwidth=&#8220;on&#8220; custom_padding_last_edited=&#8220;on|desktop&#8220; disabled_on=&#8220;off|off|off&#8220; admin_label=&#8220;Section&#8220; _builder_version=&#8220;3.22&#8243; background_color=&#8220;#ffffff&#8220; custom_padding_tablet=&#8220;50px|0|50px|0&#8243; transparent_background=&#8220;off&#8220; padding_mobile=&#8220;off&#8220; make_fullwidth=&#8220;off&#8220; use_custom_width=&#8220;off&#8220; width_unit=&#8220;on&#8220; global_colors_info=&#8220;{}&#8220; custom_padding_phone=&#8220;50px|0|50px|0&#8243;][et_pb_fullwidth_slider show_arrows=&#8220;off&#8220; show_pagination=&#8220;off&#8220; disabled_on=&#8220;off|off|off&#8220; admin_label=&#8220;Fullwidth Slider&#8220; _builder_version=&#8220;3.16&#8243; body_line_height=&#8220;2em&#8220; parallax=&#8220;on&#8220; custom_padding=&#8220;|||&#8220; custom_padding_tablet=&#8220;|||&#8220; custom_padding_phone=&#8220;|||&#8220; auto=&#8220;on&#8220; header_font_size_tablet=&#8220;17&#8243; header_font_size_phone=&#8220;9&#8243; header_font_size_last_edited=&#8220;on|desktop&#8220; body_font_size_tablet=&#8220;10&#8243; body_font_size_phone=&#8220;8&#8243; body_font_size_last_edited=&#8220;on|desktop&#8220; top_padding_tablet=&#8220;&#8220; top_padding_phone=&#8220;&#8220; top_padding_last_edited=&#8220;on|desktop&#8220; remove_inner_shadow=&#8220;on&#8220; hide_content_on_mobile=&#8220;off&#8220; hide_cta_on_mobile=&#8220;off&#8220; show_inner_shadow=&#8220;off&#8220; button_letter_spacing_hover=&#8220;0&#8243; saved_tabs=&#8220;all&#8220; global_colors_info=&#8220;{}&#8220; button_text_size__hover_enabled=&#8220;off&#8220; button_one_text_size__hover_enabled=&#8220;off&#8220; button_two_text_size__hover_enabled=&#8220;off&#8220; button_text_color__hover_enabled=&#8220;off&#8220; button_one_text_color__hover_enabled=&#8220;off&#8220; button_two_text_color__hover_enabled=&#8220;off&#8220; button_border_width__hover_enabled=&#8220;off&#8220; button_one_border_width__hover_enabled=&#8220;off&#8220; button_two_border_width__hover_enabled=&#8220;off&#8220; button_border_color__hover_enabled=&#8220;off&#8220; button_one_border_color__hover_enabled=&#8220;off&#8220; button_two_border_color__hover_enabled=&#8220;off&#8220; button_border_radius__hover_enabled=&#8220;off&#8220; button_one_border_radius__hover_enabled=&#8220;off&#8220; button_two_border_radius__hover_enabled=&#8220;off&#8220; button_letter_spacing__hover_enabled=&#8220;on&#8220; button_letter_spacing__hover=&#8220;0&#8243; button_one_letter_spacing__hover_enabled=&#8220;off&#8220; button_two_letter_spacing__hover_enabled=&#8220;off&#8220; button_bg_color__hover_enabled=&#8220;off&#8220; button_one_bg_color__hover_enabled=&#8220;off&#8220; button_two_bg_color__hover_enabled=&#8220;off&#8220;][et_pb_slide heading=&#8220;KALTFLIE\u00dfPRESSEN UND PR\u00c4ZISIONSTECHNIK&#8220; use_bg_overlay=&#8220;on&#8220; use_text_overlay=&#8220;on&#8220; text_overlay_color=&#8220;rgba(1,10,28,0.56)&#8220; _builder_version=&#8220;3.16&#8243; header_font=&#8220;|on|||&#8220; header_font_size=&#8220;50&#8243; body_font=&#8220;||||&#8220; body_font_size=&#8220;30&#8243; body_line_height=&#8220;1.5em&#8220; background_color=&#8220;#ffffff&#8220; background_image=&#8220;https:\/\/jesusonate.com\/wp-content\/uploads\/medios-producci\u00f3n_maquina-para-fondo_cabecera.jpg&#8220; button_icon_placement=&#8220;right&#8220; button_on_hover=&#8220;on&#8220; header_font_size_tablet=&#8220;45&#8243; header_font_size_phone=&#8220;30&#8243; header_font_size_last_edited=&#8220;on|phone&#8220; body_font_size_tablet=&#8220;25&#8243; body_font_size_phone=&#8220;20&#8243; body_font_size_last_edited=&#8220;on|phone&#8220; body_line_height_tablet=&#8220;1.5em&#8220; body_line_height_phone=&#8220;1.5em&#8220; global_colors_info=&#8220;{}&#8220; sticky_transition=&#8220;on&#8220; button_text_size__hover_enabled=&#8220;off&#8220; button_one_text_size__hover_enabled=&#8220;off&#8220; button_two_text_size__hover_enabled=&#8220;off&#8220; button_text_color__hover_enabled=&#8220;off&#8220; button_one_text_color__hover_enabled=&#8220;off&#8220; button_two_text_color__hover_enabled=&#8220;off&#8220; button_border_width__hover_enabled=&#8220;off&#8220; button_one_border_width__hover_enabled=&#8220;off&#8220; button_two_border_width__hover_enabled=&#8220;off&#8220; button_border_color__hover_enabled=&#8220;off&#8220; button_one_border_color__hover_enabled=&#8220;off&#8220; button_two_border_color__hover_enabled=&#8220;off&#8220; button_border_radius__hover_enabled=&#8220;off&#8220; button_one_border_radius__hover_enabled=&#8220;off&#8220; button_two_border_radius__hover_enabled=&#8220;off&#8220; button_letter_spacing__hover_enabled=&#8220;off&#8220; button_one_letter_spacing__hover_enabled=&#8220;off&#8220; button_two_letter_spacing__hover_enabled=&#8220;off&#8220; button_bg_color__hover_enabled=&#8220;off&#8220; button_one_bg_color__hover_enabled=&#8220;off&#8220; button_two_bg_color__hover_enabled=&#8220;off&#8220;]<\/p>\n<p style=\"text-align: center;\">TEILE\u00a0HOHER\u00a0TECHNISCHER\u00a0KOMPLEXIT\u00c4T<\/p>\n<p>[\/et_pb_slide][\/et_pb_fullwidth_slider][\/et_pb_section][et_pb_section fb_built=&#8220;1&#8243; admin_label=&#8220;section&#8220; _builder_version=&#8220;3.22&#8243; global_colors_info=&#8220;{}&#8220;][et_pb_row padding_mobile=&#8220;off&#8220; column_padding_mobile=&#8220;on&#8220; admin_label=&#8220;row&#8220; _builder_version=&#8220;3.25&#8243; background_size=&#8220;initial&#8220; background_position=&#8220;top_left&#8220; background_repeat=&#8220;repeat&#8220; custom_margin_tablet=&#8220;0px|||&#8220; custom_margin_phone=&#8220;&#8220; custom_margin_last_edited=&#8220;on|phone&#8220; make_fullwidth=&#8220;off&#8220; use_custom_width=&#8220;off&#8220; width_unit=&#8220;on&#8220; global_colors_info=&#8220;{}&#8220;][et_pb_column type=&#8220;4_4&#8243; _builder_version=&#8220;3.25&#8243; custom_padding=&#8220;|||&#8220; global_colors_info=&#8220;{}&#8220; custom_padding__hover=&#8220;|||&#8220;][et_pb_text admin_label=&#8220;Text&#8220; _builder_version=&#8220;3.27.4&#8243; background_size=&#8220;initial&#8220; background_position=&#8220;top_left&#8220; background_repeat=&#8220;repeat&#8220; custom_margin=&#8220;||0px|&#8220; custom_padding=&#8220;||0px|&#8220; use_border_color=&#8220;off&#8220; border_color=&#8220;#ffffff&#8220; border_style=&#8220;solid&#8220; global_colors_info=&#8220;{}&#8220;]<\/p>\n<h2><span style=\"color: #991e74;\">Betriebsanlagen<\/span><\/h2>\n<p>[\/et_pb_text][et_pb_divider color=&#8220;#8c8c8c&#8220; divider_style=&#8220;dotted&#8220; admin_label=&#8220;Divider&#8220; _builder_version=&#8220;3.2&#8243; hide_on_mobile=&#8220;off&#8220; global_colors_info=&#8220;{}&#8220;] [\/et_pb_divider][\/et_pb_column][\/et_pb_row][et_pb_row padding_mobile=&#8220;off&#8220; column_padding_mobile=&#8220;on&#8220; admin_label=&#8220;Row&#8220; _builder_version=&#8220;3.25&#8243; background_size=&#8220;initial&#8220; background_position=&#8220;top_left&#8220; background_repeat=&#8220;repeat&#8220; custom_margin=&#8220;||20px|&#8220; make_fullwidth=&#8220;off&#8220; use_custom_width=&#8220;off&#8220; width_unit=&#8220;on&#8220; global_colors_info=&#8220;{}&#8220; column_structure=&#8220;1_3,1_3,1_3&#8243;][et_pb_column type=&#8220;1_3&#8243; _builder_version=&#8220;3.25&#8243; custom_padding=&#8220;|||&#8220; global_colors_info=&#8220;{}&#8220; custom_padding__hover=&#8220;|||&#8220;][et_pb_text admin_label=&#8220;Text&#8220; _builder_version=&#8220;3.27.4&#8243; text_text_color=&#8220;#cecece&#8220; text_font_size=&#8220;20&#8243; text_line_height=&#8220;1em&#8220; header_font_size=&#8220;20&#8243; background_size=&#8220;initial&#8220; background_position=&#8220;top_left&#8220; background_repeat=&#8220;repeat&#8220; custom_margin=&#8220;5px|0px|0px|0px&#8220; custom_padding=&#8220;||0px|&#8220; text_font_size_tablet=&#8220;&#8220; text_font_size_phone=&#8220;&#8220; text_font_size_last_edited=&#8220;on|desktop&#8220; header_font_size_tablet=&#8220;&#8220; header_font_size_phone=&#8220;&#8220; header_font_size_last_edited=&#8220;on|desktop&#8220; header_line_height_last_edited=&#8220;off|&#8220; use_border_color=&#8220;off&#8220; border_color=&#8220;#ffffff&#8220; border_style=&#8220;solid&#8220; global_colors_info=&#8220;{}&#8220;]<\/p>\n<p style=\"text-align: left; line-height: 1.5em;\"><span style=\"color: #333333;\">Den hohen Anforderungen des Herstellungsprozesses entsprechender Maschinenpark.<\/span><\/p>\n<p>[\/et_pb_text][et_pb_blurb image=&#8220;https:\/\/jesusonate.com\/wp-content\/uploads\/Piezas-proceso-medios-1.jpg&#8220; image_icon_width=&#8220;none&#8220; admin_label=&#8220;Blurb&#8220; _builder_version=&#8220;4.13.0&#8243; background_size=&#8220;initial&#8220; background_position=&#8220;top_left&#8220; background_repeat=&#8220;repeat&#8220; animation=&#8220;left&#8220; use_border_color=&#8220;off&#8220; border_color=&#8220;#ffffff&#8220; border_style=&#8220;solid&#8220; image_max_width=&#8220;none&#8220; use_circle=&#8220;off&#8220; use_circle_border=&#8220;off&#8220; circle_border_color=&#8220;#425950&#8243; circle_color=&#8220;#425950&#8243; global_colors_info=&#8220;{}&#8220;] [\/et_pb_blurb][\/et_pb_column][et_pb_column type=&#8220;1_3&#8243; _builder_version=&#8220;3.25&#8243; custom_padding=&#8220;|||&#8220; global_colors_info=&#8220;{}&#8220; custom_padding__hover=&#8220;|||&#8220;][et_pb_text admin_label=&#8220;Text&#8220; _builder_version=&#8220;3.27.4&#8243; text_font=&#8220;|on|||&#8220; text_font_size=&#8220;15&#8243; header_font=&#8220;|on|||&#8220; header_text_color=&#8220;#006f52&#8243; header_font_size=&#8220;20&#8243; background_size=&#8220;initial&#8220; background_position=&#8220;top_left&#8220; background_repeat=&#8220;repeat&#8220; custom_margin=&#8220;10px||5px|&#8220; header_font_size_tablet=&#8220;&#8220; header_font_size_phone=&#8220;&#8220; header_font_size_last_edited=&#8220;on|desktop&#8220; use_border_color=&#8220;off&#8220; border_color=&#8220;#ffffff&#8220; border_style=&#8220;solid&#8220; global_colors_info=&#8220;{}&#8220;]<\/p>\n<h2><strong>KALTFLIE\u00dfPRESSEN<\/strong><\/h2>\n<p>[\/et_pb_text][et_pb_text admin_label=&#8220;Text&#8220; _builder_version=&#8220;3.27.4&#8243; header_font=&#8220;Roboto Condensed|on|||&#8220; header_font_size=&#8220;13&#8243; background_size=&#8220;initial&#8220; background_position=&#8220;top_left&#8220; background_repeat=&#8220;repeat&#8220; custom_margin=&#8220;0px|||&#8220; header_font_size_tablet=&#8220;&#8220; header_font_size_phone=&#8220;&#8220; header_font_size_last_edited=&#8220;on|phone&#8220; use_border_color=&#8220;off&#8220; border_color=&#8220;#ffffff&#8220; border_style=&#8220;solid&#8220; global_colors_info=&#8220;{}&#8220;]<\/p>\n<p class=\"p1\">Unser Unternehmen kann auf modernste Technologie im Bereich von horizontalen <strong>Mehrstations-Kaltflie\u00dfpressen<\/strong> (bis zu sechs Stationen, mit einer maximalen Leistung von 600 Tonnen) zur\u00fcckgreifen. Mit diesen Produktionsmitteln sind wir in der Lage, ein breitgef\u00e4chertes Spektrum an Kaltumformteilen, sowohl von der Gr\u00f6\u00dfe her (von 50 g bis 1,5 kg) als auch in Hinblick auf technische Komplexit\u00e4t zu produzieren.<\/p>\n<p>[\/et_pb_text][et_pb_video src=&#8220;https:\/\/jesusonate.com\/wp-content\/uploads\/Jesus_Onate_Hermanos_Forja_en_frio_de_piezas_tecnicas_Maquina_Roja.mp4&#8243; image_src=&#8220;https:\/\/jesusonate.com\/wp-content\/uploads\/Foto-para-video_estampacion.jpg&#8220; admin_label=&#8220;Video&#8220; _builder_version=&#8220;3.0.47&#8243; global_colors_info=&#8220;{}&#8220;] [\/et_pb_video][et_pb_text admin_label=&#8220;Text&#8220; _builder_version=&#8220;3.27.4&#8243; text_font=&#8220;Roboto||||&#8220; text_text_color=&#8220;#006f52&#8243; text_font_size=&#8220;16&#8243; header_font_size=&#8220;16&#8243; background_size=&#8220;initial&#8220; background_position=&#8220;top_left&#8220; background_repeat=&#8220;repeat&#8220; custom_margin=&#8220;0px||0px|&#8220; custom_padding=&#8220;0px||0px|&#8220; custom_padding_tablet=&#8220;||15px|&#8220; custom_padding_phone=&#8220;&#8220; custom_padding_last_edited=&#8220;on|desktop&#8220; text_font_size_tablet=&#8220;&#8220; text_font_size_phone=&#8220;&#8220; text_font_size_last_edited=&#8220;on|tablet&#8220; header_font_size_tablet=&#8220;&#8220; header_font_size_phone=&#8220;&#8220; header_font_size_last_edited=&#8220;on|desktop&#8220; use_border_color=&#8220;off&#8220; border_color=&#8220;#ffffff&#8220; border_style=&#8220;solid&#8220; global_colors_info=&#8220;{}&#8220;]<\/p>\n<p class=\"p1\">KALTFLIE\u00dfPRESS PROZESS \u2022\u00a0Video<\/p>\n<p>&nbsp;<br \/>\n[\/et_pb_text][\/et_pb_column][et_pb_column type=&#8220;1_3&#8243; _builder_version=&#8220;3.25&#8243; custom_padding=&#8220;|||&#8220; global_colors_info=&#8220;{}&#8220; custom_padding__hover=&#8220;|||&#8220;][et_pb_text admin_label=&#8220;Text&#8220; _builder_version=&#8220;3.27.4&#8243; background_size=&#8220;initial&#8220; background_position=&#8220;top_left&#8220; background_repeat=&#8220;repeat&#8220; custom_margin=&#8220;10px||5px|&#8220; use_border_color=&#8220;off&#8220; border_color=&#8220;#ffffff&#8220; border_style=&#8220;solid&#8220; global_colors_info=&#8220;{}&#8220;]<\/p>\n<h2><strong>PR\u00c4ZISIONSTECHNIK<\/strong><\/h2>\n<p>[\/et_pb_text][et_pb_text admin_label=&#8220;Text&#8220; _builder_version=&#8220;3.27.4&#8243; background_size=&#8220;initial&#8220; background_position=&#8220;top_left&#8220; background_repeat=&#8220;repeat&#8220; custom_margin=&#8220;0px||145px|&#8220; custom_margin_tablet=&#8220;10px||0px|&#8220; custom_margin_phone=&#8220;&#8220; custom_margin_last_edited=&#8220;on|desktop&#8220; use_border_color=&#8220;off&#8220; border_color=&#8220;#ffffff&#8220; border_style=&#8220;solid&#8220; global_colors_info=&#8220;{}&#8220;]<\/p>\n<p class=\"p1\">Die Abteilung <strong>Bearbeitung und Zusammenbau<\/strong> besitzt moderne robotergesteuerte CN-Zentren (CNC) sowie Transfermaschinen f\u00fcr die mechanische Bearbeitung und den Zusammenbau von Komponenten.<\/p>\n<p>[\/et_pb_text][et_pb_video src=&#8220;https:\/\/jesusonate.com\/wp-content\/uploads\/Jesus_Onate_Hermanos_Forja_en_frio_de_piezas_tecnicas.mp4&#8243; image_src=&#8220;https:\/\/jesusonate.com\/wp-content\/uploads\/Foto-para-video_mecanizado.jpg&#8220; admin_label=&#8220;Video&#8220; _builder_version=&#8220;3.0.47&#8243; global_colors_info=&#8220;{}&#8220;] [\/et_pb_video][et_pb_text admin_label=&#8220;Text&#8220; _builder_version=&#8220;3.27.4&#8243; text_font=&#8220;Roboto||||&#8220; text_text_color=&#8220;#006f52&#8243; text_font_size=&#8220;16&#8243; background_size=&#8220;initial&#8220; background_position=&#8220;top_left&#8220; background_repeat=&#8220;repeat&#8220; custom_margin=&#8220;||0px|&#8220; custom_margin_tablet=&#8220;&#8220; custom_margin_phone=&#8220;0px||0px|&#8220; custom_margin_last_edited=&#8220;on|desktop&#8220; text_font_size_tablet=&#8220;&#8220; text_font_size_phone=&#8220;&#8220; text_font_size_last_edited=&#8220;on|desktop&#8220; use_border_color=&#8220;off&#8220; border_color=&#8220;#ffffff&#8220; border_style=&#8220;solid&#8220; global_colors_info=&#8220;{}&#8220;]<\/p>\n<p class=\"p1\">MECHANISCHE BEARBEITUNG \u2022\u00a0Video<\/p>\n<p>[\/et_pb_text][\/et_pb_column][\/et_pb_row][\/et_pb_section]<\/p>\n","protected":false},"excerpt":{"rendered":"<p>TEILE\u00a0HOHER\u00a0TECHNISCHER\u00a0KOMPLEXIT\u00c4T Betriebsanlagen Den hohen Anforderungen des Herstellungsprozesses entsprechender Maschinenpark. KALTFLIE\u00dfPRESSEN Unser Unternehmen kann auf modernste Technologie im Bereich von horizontalen Mehrstations-Kaltflie\u00dfpressen (bis zu sechs Stationen, mit einer maximalen Leistung von 600 Tonnen) zur\u00fcckgreifen. Mit diesen Produktionsmitteln sind wir in der Lage, ein breitgef\u00e4chertes Spektrum an Kaltumformteilen, sowohl von der Gr\u00f6\u00dfe her (von 50 g bis [&hellip;]<\/p>\n","protected":false},"author":5,"featured_media":0,"parent":0,"menu_order":41,"comment_status":"closed","ping_status":"closed","template":"","meta":{"_et_pb_use_builder":"on","_et_pb_old_content":"","_et_gb_content_width":"","footnotes":""},"class_list":["post-1727","page","type-page","status-publish","hentry"],"yoast_head":"<!-- This site is optimized with the Yoast SEO plugin v26.5 - https:\/\/yoast.com\/wordpress\/plugins\/seo\/ -->\n<title>KALTFLIE\u00dfPRESSEN - PR\u00c4ZISIONSTECHNIK | Jesus Onate S.A<\/title>\n<meta name=\"description\" content=\"Unser Unternehmen kann auf modernste Technologie im Bereich von horizontalen Mehrstations-Kaltflie\u00dfpressen. Moderne robotergesteuerte CN-Zentren (CNC)\" \/>\n<meta name=\"robots\" content=\"index, follow, max-snippet:-1, max-image-preview:large, max-video-preview:-1\" \/>\n<link rel=\"canonical\" href=\"https:\/\/jesusonate.com\/de\/betriebsanlagen-kaltfliesspressen-praezisionstechnik\/\" \/>\n<meta property=\"og:locale\" content=\"de_DE\" \/>\n<meta property=\"og:type\" content=\"article\" \/>\n<meta property=\"og:title\" content=\"KALTFLIE\u00dfPRESSEN - PR\u00c4ZISIONSTECHNIK | Jesus Onate S.A\" \/>\n<meta property=\"og:description\" content=\"Unser Unternehmen kann auf modernste Technologie im Bereich von horizontalen Mehrstations-Kaltflie\u00dfpressen. Moderne robotergesteuerte CN-Zentren (CNC)\" \/>\n<meta property=\"og:url\" content=\"https:\/\/jesusonate.com\/de\/betriebsanlagen-kaltfliesspressen-praezisionstechnik\/\" \/>\n<meta property=\"og:site_name\" content=\"Jesus Onate\" \/>\n<meta property=\"article:modified_time\" content=\"2022-04-04T12:52:30+00:00\" \/>\n<meta name=\"twitter:card\" content=\"summary_large_image\" \/>\n<meta name=\"twitter:label1\" content=\"Gesch\u00e4tzte Lesezeit\" \/>\n\t<meta name=\"twitter:data1\" content=\"8\u00a0Minuten\" \/>\n<script type=\"application\/ld+json\" class=\"yoast-schema-graph\">{\"@context\":\"https:\/\/schema.org\",\"@graph\":[{\"@type\":\"WebPage\",\"@id\":\"https:\/\/jesusonate.com\/de\/betriebsanlagen-kaltfliesspressen-praezisionstechnik\/\",\"url\":\"https:\/\/jesusonate.com\/de\/betriebsanlagen-kaltfliesspressen-praezisionstechnik\/\",\"name\":\"KALTFLIE\u00dfPRESSEN - PR\u00c4ZISIONSTECHNIK | Jesus Onate S.A\",\"isPartOf\":{\"@id\":\"https:\/\/jesusonate.com\/#website\"},\"datePublished\":\"2016-11-23T20:14:32+00:00\",\"dateModified\":\"2022-04-04T12:52:30+00:00\",\"description\":\"Unser Unternehmen kann auf modernste Technologie im Bereich von horizontalen Mehrstations-Kaltflie\u00dfpressen. Moderne robotergesteuerte CN-Zentren (CNC)\",\"breadcrumb\":{\"@id\":\"https:\/\/jesusonate.com\/de\/betriebsanlagen-kaltfliesspressen-praezisionstechnik\/#breadcrumb\"},\"inLanguage\":\"de\",\"potentialAction\":[{\"@type\":\"ReadAction\",\"target\":[\"https:\/\/jesusonate.com\/de\/betriebsanlagen-kaltfliesspressen-praezisionstechnik\/\"]}]},{\"@type\":\"BreadcrumbList\",\"@id\":\"https:\/\/jesusonate.com\/de\/betriebsanlagen-kaltfliesspressen-praezisionstechnik\/#breadcrumb\",\"itemListElement\":[{\"@type\":\"ListItem\",\"position\":1,\"name\":\"Home\",\"item\":\"https:\/\/jesusonate.com\/de\/\"},{\"@type\":\"ListItem\",\"position\":2,\"name\":\"Betriebsanlagen\"}]},{\"@type\":\"WebSite\",\"@id\":\"https:\/\/jesusonate.com\/#website\",\"url\":\"https:\/\/jesusonate.com\/\",\"name\":\"Jesus Onate\",\"description\":\"Unternehmen f\u00fcr Kaltschmieden und CNC-Bearbeitung | Jesus Onate S.A.\",\"publisher\":{\"@id\":\"https:\/\/jesusonate.com\/#organization\"},\"potentialAction\":[{\"@type\":\"SearchAction\",\"target\":{\"@type\":\"EntryPoint\",\"urlTemplate\":\"https:\/\/jesusonate.com\/?s={search_term_string}\"},\"query-input\":{\"@type\":\"PropertyValueSpecification\",\"valueRequired\":true,\"valueName\":\"search_term_string\"}}],\"inLanguage\":\"de\"},{\"@type\":\"Organization\",\"@id\":\"https:\/\/jesusonate.com\/#organization\",\"name\":\"Jes\u00fas Onate\",\"url\":\"https:\/\/jesusonate.com\/\",\"logo\":{\"@type\":\"ImageObject\",\"inLanguage\":\"de\",\"@id\":\"https:\/\/jesusonate.com\/#\/schema\/logo\/image\/\",\"url\":\"https:\/\/jesusonate.com\/wp-content\/uploads\/logo-onate-3.png\",\"contentUrl\":\"https:\/\/jesusonate.com\/wp-content\/uploads\/logo-onate-3.png\",\"width\":225,\"height\":45,\"caption\":\"Jes\u00fas Onate\"},\"image\":{\"@id\":\"https:\/\/jesusonate.com\/#\/schema\/logo\/image\/\"}}]}<\/script>\n<!-- \/ Yoast SEO plugin. -->","yoast_head_json":{"title":"KALTFLIE\u00dfPRESSEN - PR\u00c4ZISIONSTECHNIK | Jesus Onate S.A","description":"Unser Unternehmen kann auf modernste Technologie im Bereich von horizontalen Mehrstations-Kaltflie\u00dfpressen. Moderne robotergesteuerte CN-Zentren (CNC)","robots":{"index":"index","follow":"follow","max-snippet":"max-snippet:-1","max-image-preview":"max-image-preview:large","max-video-preview":"max-video-preview:-1"},"canonical":"https:\/\/jesusonate.com\/de\/betriebsanlagen-kaltfliesspressen-praezisionstechnik\/","og_locale":"de_DE","og_type":"article","og_title":"KALTFLIE\u00dfPRESSEN - PR\u00c4ZISIONSTECHNIK | Jesus Onate S.A","og_description":"Unser Unternehmen kann auf modernste Technologie im Bereich von horizontalen Mehrstations-Kaltflie\u00dfpressen. Moderne robotergesteuerte CN-Zentren (CNC)","og_url":"https:\/\/jesusonate.com\/de\/betriebsanlagen-kaltfliesspressen-praezisionstechnik\/","og_site_name":"Jesus Onate","article_modified_time":"2022-04-04T12:52:30+00:00","twitter_card":"summary_large_image","twitter_misc":{"Gesch\u00e4tzte Lesezeit":"8\u00a0Minuten"},"schema":{"@context":"https:\/\/schema.org","@graph":[{"@type":"WebPage","@id":"https:\/\/jesusonate.com\/de\/betriebsanlagen-kaltfliesspressen-praezisionstechnik\/","url":"https:\/\/jesusonate.com\/de\/betriebsanlagen-kaltfliesspressen-praezisionstechnik\/","name":"KALTFLIE\u00dfPRESSEN - PR\u00c4ZISIONSTECHNIK | Jesus Onate S.A","isPartOf":{"@id":"https:\/\/jesusonate.com\/#website"},"datePublished":"2016-11-23T20:14:32+00:00","dateModified":"2022-04-04T12:52:30+00:00","description":"Unser Unternehmen kann auf modernste Technologie im Bereich von horizontalen Mehrstations-Kaltflie\u00dfpressen. Moderne robotergesteuerte CN-Zentren (CNC)","breadcrumb":{"@id":"https:\/\/jesusonate.com\/de\/betriebsanlagen-kaltfliesspressen-praezisionstechnik\/#breadcrumb"},"inLanguage":"de","potentialAction":[{"@type":"ReadAction","target":["https:\/\/jesusonate.com\/de\/betriebsanlagen-kaltfliesspressen-praezisionstechnik\/"]}]},{"@type":"BreadcrumbList","@id":"https:\/\/jesusonate.com\/de\/betriebsanlagen-kaltfliesspressen-praezisionstechnik\/#breadcrumb","itemListElement":[{"@type":"ListItem","position":1,"name":"Home","item":"https:\/\/jesusonate.com\/de\/"},{"@type":"ListItem","position":2,"name":"Betriebsanlagen"}]},{"@type":"WebSite","@id":"https:\/\/jesusonate.com\/#website","url":"https:\/\/jesusonate.com\/","name":"Jesus Onate","description":"Unternehmen f\u00fcr Kaltschmieden und CNC-Bearbeitung | Jesus Onate S.A.","publisher":{"@id":"https:\/\/jesusonate.com\/#organization"},"potentialAction":[{"@type":"SearchAction","target":{"@type":"EntryPoint","urlTemplate":"https:\/\/jesusonate.com\/?s={search_term_string}"},"query-input":{"@type":"PropertyValueSpecification","valueRequired":true,"valueName":"search_term_string"}}],"inLanguage":"de"},{"@type":"Organization","@id":"https:\/\/jesusonate.com\/#organization","name":"Jes\u00fas Onate","url":"https:\/\/jesusonate.com\/","logo":{"@type":"ImageObject","inLanguage":"de","@id":"https:\/\/jesusonate.com\/#\/schema\/logo\/image\/","url":"https:\/\/jesusonate.com\/wp-content\/uploads\/logo-onate-3.png","contentUrl":"https:\/\/jesusonate.com\/wp-content\/uploads\/logo-onate-3.png","width":225,"height":45,"caption":"Jes\u00fas Onate"},"image":{"@id":"https:\/\/jesusonate.com\/#\/schema\/logo\/image\/"}}]}},"_links":{"self":[{"href":"https:\/\/jesusonate.com\/de\/wp-json\/wp\/v2\/pages\/1727\/"}],"collection":[{"href":"https:\/\/jesusonate.com\/de\/wp-json\/wp\/v2\/pages\/"}],"about":[{"href":"https:\/\/jesusonate.com\/de\/wp-json\/wp\/v2\/types\/page\/"}],"author":[{"embeddable":true,"href":"https:\/\/jesusonate.com\/de\/wp-json\/wp\/v2\/users\/5\/"}],"replies":[{"embeddable":true,"href":"https:\/\/jesusonate.com\/de\/wp-json\/wp\/v2\/comments\/?post=1727"}],"version-history":[{"count":6,"href":"https:\/\/jesusonate.com\/de\/wp-json\/wp\/v2\/pages\/1727\/revisions\/"}],"predecessor-version":[{"id":3814,"href":"https:\/\/jesusonate.com\/de\/wp-json\/wp\/v2\/pages\/1727\/revisions\/3814\/"}],"wp:attachment":[{"href":"https:\/\/jesusonate.com\/de\/wp-json\/wp\/v2\/media\/?parent=1727"}],"curies":[{"name":"wp","href":"https:\/\/api.w.org\/{rel}","templated":true}]}}