{"id":2180,"date":"2017-01-05T19:22:23","date_gmt":"2017-01-05T19:22:23","guid":{"rendered":"https:\/\/onate.guremedia.com\/?page_id=2180\/"},"modified":"2020-10-23T10:07:52","modified_gmt":"2020-10-23T09:07:52","slug":"richtlinien-zur-nutzung-der-cookies","status":"publish","type":"page","link":"https:\/\/jesusonate.com\/de\/richtlinien-zur-nutzung-der-cookies\/","title":{"rendered":"Richtlinien zur Nutzung der Cookies"},"content":{"rendered":"<p>[et_pb_section bb_built=&#8220;1&#8243; admin_label=&#8220;section&#8220;][et_pb_row admin_label=&#8220;row&#8220; background_position=&#8220;top_left&#8220; background_repeat=&#8220;repeat&#8220; background_size=&#8220;initial&#8220;][et_pb_column type=&#8220;4_4&#8243;][et_pb_text admin_label=&#8220;Text&#8220; background_layout=&#8220;light&#8220; text_orientation=&#8220;left&#8220; use_border_color=&#8220;off&#8220; border_color=&#8220;#ffffff&#8220; border_style=&#8220;solid&#8220; custom_margin=&#8220;||0px|&#8220; background_position=&#8220;top_left&#8220; background_repeat=&#8220;repeat&#8220; background_size=&#8220;initial&#8220;]<\/p>\n<h2>Richtlinien zur Nutzung der Cookies<\/h2>\n<p>[\/et_pb_text][et_pb_divider admin_label=&#8220;Divider&#8220; color=&#8220;#7a7a7a&#8220; show_divider=&#8220;on&#8220; divider_style=&#8220;dotted&#8220; divider_position=&#8220;top&#8220; hide_on_mobile=&#8220;off&#8220;]<\/p>\n<p><\/p>\n<p>[\/et_pb_divider][\/et_pb_column][\/et_pb_row][et_pb_row admin_label=&#8220;Row&#8220; background_position=&#8220;top_left&#8220; background_repeat=&#8220;repeat&#8220; background_size=&#8220;initial&#8220;][et_pb_column type=&#8220;4_4&#8243;][et_pb_text admin_label=&#8220;Text&#8220; use_border_color=&#8220;off&#8220; custom_margin=&#8220;0px||10px|&#8220; custom_margin_phone=&#8220;0px||0px|&#8220; custom_margin_last_edited=&#8220;on|desktop&#8220; custom_padding=&#8220;0px||10px|&#8220; background_position=&#8220;top_left&#8220; background_repeat=&#8220;repeat&#8220; background_size=&#8220;initial&#8220; _builder_version=&#8220;3.19.18&#8243;]<\/p>\n<p>Unsere Website verwendet Cookies um deren Nutzung f\u00fcr Anwendern zu erleichtern. Wenn Sie auf unserer Website weiter zugreifen akzeptieren Sie die festgelegten Richtlinien \u00fcber die Nutzung der Cookies. Die festgelegten Richtlininien k\u00f6nnen aktualisiert werden, worauf wir Sie darauf hinweisen diese regelm\u00e4\u00dfig zu \u00fcberpr\u00fcfen.<\/p>\n<p>\u00a0<\/p>\n<h3>Was sind und wof\u00fcr werden cookies genutzt?<\/h3>\n<p>Cookies sind kleine Dateien die w\u00e4hrend der Websitebesuche in Ihrem PC oder oder mobile Endger\u00e4tet gespeichert werden. Bei erneuten Zugriff auf die Website werden diese erkannt und die registrierten Daten dienen um den weiteren Besuch der Website zu erleichtern.<\/p>\n<p>\u00a0<\/p>\n<h3>Wie nutzen wir die cookies?<\/h3>\n<p>Wenn Sie diese Websiten benutzen k\u00f6nnen folgende cookies erstellt werden:<\/p>\n<p><strong>Erforderliche cookies<\/strong><br \/>Erforderliche cookies sind unbedingt n\u00f6tig um den Betrieb der Website zu gew\u00e4hrleisten. Ohne diese w\u00fcrde die Website nicht korrekt angezeigt werden k\u00f6nne. Aus diesem Grund werden keine explizite Zustimmung dieser cookies angefragt.<\/p>\n<p><strong>Funktionserleichtende cookies:<\/strong><br \/>Diese cookies dienen um die Funktionalit\u00e4t der Website zu verbessern. Es handelt sich zum Beispiel um cookies die erkennen, dass die Website bereits im Vorlfed besucht wurde und Angaben zur E-Mailadressen oder Passw\u00f6rter abgespeichert wurden und somit die Nutzung der Website erleichtern.<\/p>\n<p><strong>Eigene oder cookies von Drittanbietern f\u00fcr analytischen Zwecken<\/strong> (__utma, __utmb, __utmc, __utmz):<br \/>Diese dienen um statischtische Werte \u00fcber die Nutzung der Kunden zu erfahren. Die Identifikation der cookies sind anonym und dienen nur f\u00fcr die Verbesserung der Websites, Portals, Suchgeschwindigkeit, etc\u2026 Diese Website nutzt dazu Google Analytics. Fall Sie mehr dazu erfahren m\u00f6chten finden Sie auf dem folgenden linke mehr Information: <a href=\"https:\/\/developers.google.com\/analytics\/devguides\/collection\/analyticsjs\/cookie-usage\">https:\/\/developers.google.com\/analytics\/devguides\/collection\/analyticsjs\/cookie-usage<\/a><\/p>\n<p>\u00a0<\/p>\n<h3>Wie k\u00f6nnen Sie verhindern das cookies auf Ihrem PC oder mobiles Endger\u00e4t gespeichert werden?<\/h3>\n<p>Sie k\u00f6nnen das Speichern von cookies auf Ihrem PC oder mobiles Endger\u00e4t zulassen. Dieses ist abh\u00e4ngig von der Einstellung in Ihrem Internetbrowser. Bei der Einstellung &#8222;cookies bloquieren&#8220; k\u00f6nnen einige Inhalte der Website oder die komplette Website unter umst\u00e4ndern nicht angezeigt werden. Nachfoglend finden Sie Links \u00fcber die wichtigsten Internetbrowsern und Einstellung f\u00fcr cookies.<\/p>\n<p>Cookies Firefox: <a href=\"https:\/\/support.mozilla.org\/es\/kb\/cookies-informacion-que-los-sitios-web-guardan-en-\">https:\/\/support.mozilla.org\/es\/kb\/cookies-informacion-que-los-sitios-web-guardan-en-<br class=\"kix-line-break\" \/><\/a>Cookies Chrome: <a href=\"https:\/\/support.google.com\/chrome\/answer\/95647?hl=es\">https:\/\/support.google.com\/chrome\/answer\/95647?hl=es<br class=\"kix-line-break\" \/><\/a>Cookies IExplorer: <a href=\"http:\/\/windows.microsoft.com\/es-xl\/internet-explorer\/delete-manage-cookies\">http:\/\/windows.microsoft.com\/es-xl\/internet-explorer\/delete-manage-cookies<br class=\"kix-line-break\" \/><\/a>Cookies Safari: <a href=\"http:\/\/support.apple.com\/kb\/ph5042\">http:\/\/support.apple.com\/kb\/ph5042<br class=\"kix-line-break\" \/><\/a>Cookies Opera: <a href=\"http:\/\/help.opera.com\/Linux\/10.60\/es-ES\/cookies.html\">http:\/\/help.opera.com\/Linux\/10.60\/es-ES\/cookies.html<\/a><\/p>\n<p>\u00a0<\/p>\n<h3>Welche Art von Cookies verwendet das Web?<\/h3>\n<p>\u00a0<\/p>\n<table>\n<tbody>\n<tr>\n<td width=\"168\">\n<p>NOMBRE<\/p>\n<p>\u00a0<\/p>\n<\/td>\n<td width=\"104\">\n<p>PROPIETARIO<\/p>\n<\/td>\n<td width=\"104\">\n<p>DURACI\u00d3N<\/p>\n<\/td>\n<td width=\"206\">\n<p>+ INFO<\/p>\n<\/td>\n<\/tr>\n<tr>\n<td width=\"168\">\n<p>wp-settings-time<\/p>\n<\/td>\n<td width=\"104\">\n<p>Propia<\/p>\n<\/td>\n<td width=\"104\">\n<p>1 a\u00f1o<\/p>\n<\/td>\n<td width=\"206\">\n<p>T\u00e9cnica. WP<\/p>\n<\/td>\n<\/tr>\n<tr>\n<td width=\"168\">\n<p>wp-settings<\/p>\n<\/td>\n<td width=\"104\">\n<p>Propia<\/p>\n<\/td>\n<td width=\"104\">\n<p>1 a\u00f1o<\/p>\n<\/td>\n<td width=\"206\">\n<p>T\u00e9cnica. WP<\/p>\n<\/td>\n<\/tr>\n<tr>\n<td width=\"168\">\n<p>wordpress_sec<\/p>\n<\/td>\n<td width=\"104\">\n<p>Propia<\/p>\n<\/td>\n<td width=\"104\">\n<p>Sesi\u00f3n<\/p>\n<\/td>\n<td width=\"206\">\n<p>T\u00e9cnica. WP<\/p>\n<\/td>\n<\/tr>\n<tr>\n<td width=\"168\">\n<p>wordpress_logged_in<\/p>\n<\/td>\n<td width=\"104\">\n<p>Propia<\/p>\n<\/td>\n<td width=\"104\">\n<p>Sesi\u00f3n<\/p>\n<\/td>\n<td width=\"206\">\n<p>T\u00e9cnica. WP<\/p>\n<\/td>\n<\/tr>\n<tr>\n<td width=\"168\">\n<p>euCookie<\/p>\n<\/td>\n<td width=\"104\">\n<p>Propia<\/p>\n<\/td>\n<td width=\"104\">\n<p>Sesi\u00f3n<\/p>\n<\/td>\n<td width=\"206\">\n<p>Plugin WP<\/p>\n<\/td>\n<\/tr>\n<tr>\n<td width=\"168\">\n<p>et-editor-available-post<\/p>\n<\/td>\n<td width=\"104\">\n<p>Propia<\/p>\n<\/td>\n<td width=\"104\">\n<p>Sesi\u00f3n<\/p>\n<\/td>\n<td width=\"206\">\n<p>Fin de sesi\u00f3n WP<\/p>\n<\/td>\n<\/tr>\n<tr>\n<td width=\"168\">\n<p>_icl_current_language<\/p>\n<\/td>\n<td width=\"104\">\n<p>Propia<\/p>\n<\/td>\n<td width=\"104\">\n<p>24 horas<\/p>\n<\/td>\n<td width=\"206\">\n<p>WPML<\/p>\n<\/td>\n<\/tr>\n<tr>\n<td width=\"168\">\n<p>_icl_current_admin_language<\/p>\n<\/td>\n<td width=\"104\">\n<p>Propia<\/p>\n<\/td>\n<td width=\"104\">\n<p>24 horas<\/p>\n<\/td>\n<td width=\"206\">\n<p>WPML<\/p>\n<\/td>\n<\/tr>\n<tr>\n<td width=\"168\">\n<p>_gid<\/p>\n<\/td>\n<td width=\"104\">\n<p>De terceros<\/p>\n<\/td>\n<td width=\"104\">\n<p>24 horas<\/p>\n<\/td>\n<td width=\"206\">\n<p>Google Analytics<\/p>\n<\/td>\n<\/tr>\n<tr>\n<td width=\"168\">\n<p>_ga<\/p>\n<\/td>\n<td width=\"104\">\n<p>De terceros<\/p>\n<\/td>\n<td width=\"104\">\n<p>2 a\u00f1os<\/p>\n<\/td>\n<td width=\"206\">\n<p>Google Analytics<\/p>\n<\/td>\n<\/tr>\n<tr>\n<td width=\"168\">\n<p>PHPSESSID<\/p>\n<\/td>\n<td width=\"104\">\n<p>Propia<\/p>\n<\/td>\n<td width=\"104\">\n<p>Sesi\u00f3n<\/p>\n<\/td>\n<td width=\"206\">\n<p>PHP<\/p>\n<\/td>\n<\/tr>\n<\/tbody>\n<\/table>\n<p>\u00a0<\/p>\n<p>[\/et_pb_text][et_pb_divider admin_label=&#8220;Divider&#8220; color=&#8220;#7a7a7a&#8220; show_divider=&#8220;on&#8220; divider_style=&#8220;dotted&#8220; divider_position=&#8220;bottom&#8220; hide_on_mobile=&#8220;off&#8220;]<\/p>\n<p><\/p>\n<p>[\/et_pb_divider][\/et_pb_column][\/et_pb_row][\/et_pb_section]<\/p>\n","protected":false},"excerpt":{"rendered":"<p>Richtlinien zur Nutzung der Cookies Unsere Website verwendet Cookies um deren Nutzung f\u00fcr Anwendern zu erleichtern. Wenn Sie auf unserer Website weiter zugreifen akzeptieren Sie die festgelegten Richtlinien \u00fcber die Nutzung der Cookies. Die festgelegten Richtlininien k\u00f6nnen aktualisiert werden, worauf wir Sie darauf hinweisen diese regelm\u00e4\u00dfig zu \u00fcberpr\u00fcfen.\u00a0Was sind und wof\u00fcr werden cookies genutzt?Cookies sind [&hellip;]<\/p>\n","protected":false},"author":5,"featured_media":0,"parent":0,"menu_order":12,"comment_status":"closed","ping_status":"closed","template":"","meta":{"_et_pb_use_builder":"on","_et_pb_old_content":"","_et_gb_content_width":"","footnotes":""},"class_list":["post-2180","page","type-page","status-publish","hentry"],"yoast_head":"<!-- This site is optimized with the Yoast SEO plugin v26.5 - https:\/\/yoast.com\/wordpress\/plugins\/seo\/ -->\n<title>Richtlinien zur Nutzung der Cookies ~ Jesus Onate<\/title>\n<meta name=\"robots\" content=\"index, follow, max-snippet:-1, max-image-preview:large, max-video-preview:-1\" \/>\n<link rel=\"canonical\" href=\"https:\/\/jesusonate.de\/richtlinien-zur-nutzung-der-cookies\/\" \/>\n<meta property=\"og:locale\" content=\"de_DE\" \/>\n<meta property=\"og:type\" content=\"article\" \/>\n<meta property=\"og:title\" content=\"Richtlinien zur Nutzung der Cookies ~ Jesus Onate\" \/>\n<meta property=\"og:description\" content=\"Richtlinien zur Nutzung der Cookies Unsere Website verwendet Cookies um deren Nutzung f\u00fcr Anwendern zu erleichtern. Wenn Sie auf unserer Website weiter zugreifen akzeptieren Sie die festgelegten Richtlinien \u00fcber die Nutzung der Cookies. Die festgelegten Richtlininien k\u00f6nnen aktualisiert werden, worauf wir Sie darauf hinweisen diese regelm\u00e4\u00dfig zu \u00fcberpr\u00fcfen.\u00a0Was sind und wof\u00fcr werden cookies genutzt?Cookies sind [&hellip;]\" \/>\n<meta property=\"og:url\" content=\"https:\/\/jesusonate.de\/richtlinien-zur-nutzung-der-cookies\/\" \/>\n<meta property=\"og:site_name\" content=\"Jesus Onate\" \/>\n<meta property=\"article:modified_time\" content=\"2020-10-23T09:07:52+00:00\" \/>\n<meta name=\"twitter:card\" content=\"summary_large_image\" \/>\n<meta name=\"twitter:label1\" content=\"Gesch\u00e4tzte Lesezeit\" \/>\n\t<meta name=\"twitter:data1\" content=\"3\u00a0Minuten\" \/>\n<script type=\"application\/ld+json\" class=\"yoast-schema-graph\">{\"@context\":\"https:\/\/schema.org\",\"@graph\":[{\"@type\":\"WebPage\",\"@id\":\"https:\/\/jesusonate.de\/richtlinien-zur-nutzung-der-cookies\/\",\"url\":\"https:\/\/jesusonate.de\/richtlinien-zur-nutzung-der-cookies\/\",\"name\":\"Richtlinien zur Nutzung der Cookies ~ Jesus Onate\",\"isPartOf\":{\"@id\":\"https:\/\/jesusonate.com\/#website\"},\"datePublished\":\"2017-01-05T19:22:23+00:00\",\"dateModified\":\"2020-10-23T09:07:52+00:00\",\"breadcrumb\":{\"@id\":\"https:\/\/jesusonate.de\/richtlinien-zur-nutzung-der-cookies\/#breadcrumb\"},\"inLanguage\":\"de\",\"potentialAction\":[{\"@type\":\"ReadAction\",\"target\":[\"https:\/\/jesusonate.de\/richtlinien-zur-nutzung-der-cookies\/\"]}]},{\"@type\":\"BreadcrumbList\",\"@id\":\"https:\/\/jesusonate.de\/richtlinien-zur-nutzung-der-cookies\/#breadcrumb\",\"itemListElement\":[{\"@type\":\"ListItem\",\"position\":1,\"name\":\"Home\",\"item\":\"https:\/\/jesusonate.com\/de\/\"},{\"@type\":\"ListItem\",\"position\":2,\"name\":\"Richtlinien zur Nutzung der Cookies\"}]},{\"@type\":\"WebSite\",\"@id\":\"https:\/\/jesusonate.com\/#website\",\"url\":\"https:\/\/jesusonate.com\/\",\"name\":\"Jesus Onate\",\"description\":\"Unternehmen f\u00fcr Kaltschmieden und CNC-Bearbeitung | Jesus Onate S.A.\",\"publisher\":{\"@id\":\"https:\/\/jesusonate.com\/#organization\"},\"potentialAction\":[{\"@type\":\"SearchAction\",\"target\":{\"@type\":\"EntryPoint\",\"urlTemplate\":\"https:\/\/jesusonate.com\/?s={search_term_string}\"},\"query-input\":{\"@type\":\"PropertyValueSpecification\",\"valueRequired\":true,\"valueName\":\"search_term_string\"}}],\"inLanguage\":\"de\"},{\"@type\":\"Organization\",\"@id\":\"https:\/\/jesusonate.com\/#organization\",\"name\":\"Jes\u00fas Onate\",\"url\":\"https:\/\/jesusonate.com\/\",\"logo\":{\"@type\":\"ImageObject\",\"inLanguage\":\"de\",\"@id\":\"https:\/\/jesusonate.com\/#\/schema\/logo\/image\/\",\"url\":\"https:\/\/jesusonate.com\/wp-content\/uploads\/logo-onate-3.png\",\"contentUrl\":\"https:\/\/jesusonate.com\/wp-content\/uploads\/logo-onate-3.png\",\"width\":225,\"height\":45,\"caption\":\"Jes\u00fas Onate\"},\"image\":{\"@id\":\"https:\/\/jesusonate.com\/#\/schema\/logo\/image\/\"}}]}<\/script>\n<!-- \/ Yoast SEO plugin. -->","yoast_head_json":{"title":"Richtlinien zur Nutzung der Cookies ~ Jesus Onate","robots":{"index":"index","follow":"follow","max-snippet":"max-snippet:-1","max-image-preview":"max-image-preview:large","max-video-preview":"max-video-preview:-1"},"canonical":"https:\/\/jesusonate.de\/richtlinien-zur-nutzung-der-cookies\/","og_locale":"de_DE","og_type":"article","og_title":"Richtlinien zur Nutzung der Cookies ~ Jesus Onate","og_description":"Richtlinien zur Nutzung der Cookies Unsere Website verwendet Cookies um deren Nutzung f\u00fcr Anwendern zu erleichtern. Wenn Sie auf unserer Website weiter zugreifen akzeptieren Sie die festgelegten Richtlinien \u00fcber die Nutzung der Cookies. Die festgelegten Richtlininien k\u00f6nnen aktualisiert werden, worauf wir Sie darauf hinweisen diese regelm\u00e4\u00dfig zu \u00fcberpr\u00fcfen.\u00a0Was sind und wof\u00fcr werden cookies genutzt?Cookies sind [&hellip;]","og_url":"https:\/\/jesusonate.de\/richtlinien-zur-nutzung-der-cookies\/","og_site_name":"Jesus Onate","article_modified_time":"2020-10-23T09:07:52+00:00","twitter_card":"summary_large_image","twitter_misc":{"Gesch\u00e4tzte Lesezeit":"3\u00a0Minuten"},"schema":{"@context":"https:\/\/schema.org","@graph":[{"@type":"WebPage","@id":"https:\/\/jesusonate.de\/richtlinien-zur-nutzung-der-cookies\/","url":"https:\/\/jesusonate.de\/richtlinien-zur-nutzung-der-cookies\/","name":"Richtlinien zur Nutzung der Cookies ~ Jesus Onate","isPartOf":{"@id":"https:\/\/jesusonate.com\/#website"},"datePublished":"2017-01-05T19:22:23+00:00","dateModified":"2020-10-23T09:07:52+00:00","breadcrumb":{"@id":"https:\/\/jesusonate.de\/richtlinien-zur-nutzung-der-cookies\/#breadcrumb"},"inLanguage":"de","potentialAction":[{"@type":"ReadAction","target":["https:\/\/jesusonate.de\/richtlinien-zur-nutzung-der-cookies\/"]}]},{"@type":"BreadcrumbList","@id":"https:\/\/jesusonate.de\/richtlinien-zur-nutzung-der-cookies\/#breadcrumb","itemListElement":[{"@type":"ListItem","position":1,"name":"Home","item":"https:\/\/jesusonate.com\/de\/"},{"@type":"ListItem","position":2,"name":"Richtlinien zur Nutzung der Cookies"}]},{"@type":"WebSite","@id":"https:\/\/jesusonate.com\/#website","url":"https:\/\/jesusonate.com\/","name":"Jesus Onate","description":"Unternehmen f\u00fcr Kaltschmieden und CNC-Bearbeitung | Jesus Onate S.A.","publisher":{"@id":"https:\/\/jesusonate.com\/#organization"},"potentialAction":[{"@type":"SearchAction","target":{"@type":"EntryPoint","urlTemplate":"https:\/\/jesusonate.com\/?s={search_term_string}"},"query-input":{"@type":"PropertyValueSpecification","valueRequired":true,"valueName":"search_term_string"}}],"inLanguage":"de"},{"@type":"Organization","@id":"https:\/\/jesusonate.com\/#organization","name":"Jes\u00fas Onate","url":"https:\/\/jesusonate.com\/","logo":{"@type":"ImageObject","inLanguage":"de","@id":"https:\/\/jesusonate.com\/#\/schema\/logo\/image\/","url":"https:\/\/jesusonate.com\/wp-content\/uploads\/logo-onate-3.png","contentUrl":"https:\/\/jesusonate.com\/wp-content\/uploads\/logo-onate-3.png","width":225,"height":45,"caption":"Jes\u00fas Onate"},"image":{"@id":"https:\/\/jesusonate.com\/#\/schema\/logo\/image\/"}}]}},"_links":{"self":[{"href":"https:\/\/jesusonate.com\/de\/wp-json\/wp\/v2\/pages\/2180\/"}],"collection":[{"href":"https:\/\/jesusonate.com\/de\/wp-json\/wp\/v2\/pages\/"}],"about":[{"href":"https:\/\/jesusonate.com\/de\/wp-json\/wp\/v2\/types\/page\/"}],"author":[{"embeddable":true,"href":"https:\/\/jesusonate.com\/de\/wp-json\/wp\/v2\/users\/5\/"}],"replies":[{"embeddable":true,"href":"https:\/\/jesusonate.com\/de\/wp-json\/wp\/v2\/comments\/?post=2180"}],"version-history":[{"count":2,"href":"https:\/\/jesusonate.com\/de\/wp-json\/wp\/v2\/pages\/2180\/revisions\/"}],"predecessor-version":[{"id":3623,"href":"https:\/\/jesusonate.com\/de\/wp-json\/wp\/v2\/pages\/2180\/revisions\/3623\/"}],"wp:attachment":[{"href":"https:\/\/jesusonate.com\/de\/wp-json\/wp\/v2\/media\/?parent=2180"}],"curies":[{"name":"wp","href":"https:\/\/api.w.org\/{rel}","templated":true}]}}