{"id":3589,"date":"2020-10-05T10:48:58","date_gmt":"2020-10-05T09:48:58","guid":{"rendered":"https:\/\/onate.guremedia.com\/aviso-legal\/"},"modified":"2022-04-04T13:45:46","modified_gmt":"2022-04-04T12:45:46","slug":"aviso-legal","status":"publish","type":"page","link":"https:\/\/jesusonate.com\/de\/aviso-legal\/","title":{"rendered":"Aviso legal"},"content":{"rendered":"<p>&nbsp;<\/p>\n<h2>1.- INFORMACI\u00d3N GENERAL<\/h2>\n<p>&nbsp;<\/p>\n<p>El presente Sitio Web, es titularidad de JES\u00daS O\u00d1ATE SAU, con direcci\u00f3n en C\/ Larrosoloeta Kalea 8, 48200, Durango (Bizkaia), y NIFA48018170, inscrita en el Registro Mercantil de Vizcaya\/Registro de Fundaciones del Gobierno Vasco, en el Tomo 40, Folio 207 , Secci\u00f3n BI-1.O87-A, Hoja 207, y direcci\u00f3n de email ADMON@JESUSONATE.COM.<\/p>\n<p>El presente aviso legal se aplica igualmente a cualesquiera otras p\u00e1ginas web titularidad de JES\u00daS O\u00d1ATE SAU, cualesquiera subdominios, microsites y\/o subapartados contenidos en este o aquellos sitios web, as\u00ed como a aplicaciones m\u00f3viles, siempre que sean propiedad exclusiva de JES\u00daS O\u00d1ATE SAU-<\/p>\n<p><strong>Al usar este sitio web,<\/strong> as\u00ed como cualquier otro dominio o contenido propiedad exclusiva de JES\u00daS O\u00d1ATE SAU, <strong>se entender\u00e1 que usted ha le\u00eddo, entendido y aceptado, sin limitaci\u00f3n ni reserva alguna, las condiciones de uso recogidas en este Aviso Legal, as\u00ed como la Pol\u00edtica de Privacidad<\/strong> que est\u00e1 a su disposici\u00f3n en este mismo sitio web.<\/p>\n<p>Este consentimiento se entender\u00e1, sin perjuicio, de las condiciones o t\u00e9rminos de uso espec\u00edficos que pudieran aplicarse respecto algunos servicios concretos del sitio web, cuya aceptaci\u00f3n previa, ser\u00e1 requisito indispensable para acceder a dichos servicios.<\/p>\n<p>JES\u00daS O\u00d1ATE SAU se reserva el derecho de modificar los t\u00e9rminos y condiciones que aparecen en este sitio web, as\u00ed como ampliar contenidos, informaciones, etc., en cualquier momento y sin previo aviso y, por tanto, aconseja su consulta con una periodicidad razonable por si se producen cambios en los mismos.<\/p>\n<p>Si no est\u00e1 conforme con los t\u00e9rminos de este Aviso Legal, rogamos no haga uso del sitio web, porque el uso de este, reiteramos, implicar\u00e1 la aceptaci\u00f3n de los t\u00e9rminos legales recogidos tanto en el Aviso Legal como en la Pol\u00edtica de Privacidad.<\/p>\n<p>La actividad no est\u00e1 sujeta a ning\u00fan r\u00e9gimen de autorizaci\u00f3n administrativa previa, ni adherida a c\u00f3digos de conducta, salvo a la buena fe, la costumbre y al C\u00f3digo civil. El titular no presta servicios de intermediaci\u00f3n o alojamiento.<\/p>\n<p>&nbsp;<\/p>\n<h2>2.- IDIOMA<\/h2>\n<p>&nbsp;<\/p>\n<p>En caso de que traduzcamos este Aviso Legal, nuestra Pol\u00edtica de privacidad, o cualesquiera otras normas de uso, pol\u00edticas y procedimientos que pudieran publicarse cada cierto tiempo en este sitio web, si existe discrepancia entre la versi\u00f3n en espa\u00f1ol y una versi\u00f3n traducida, prevalecer\u00e1 la versi\u00f3n en espa\u00f1ol.<\/p>\n<p>&nbsp;<\/p>\n<h2>3.- DERECHOS DE PROPIEDAD INTELECTUAL Y\/O INDUSTRIAL<\/h2>\n<h3><\/h3>\n<h3>En cuanto al contenido generado por JES\u00daS O\u00d1ATE SAU.:<\/h3>\n<p>El titular del contenido y de los elementos que conforman el presente Sitio Web es JES\u00daS O\u00d1ATE SAU, perteneci\u00e9ndole en consecuencia la propiedad intelectual e industrial del mismo y en particular todos los c\u00f3digos fuente, textos, im\u00e1genes, dise\u00f1o, logos, programas inform\u00e1ticos, animaciones, bases de datos, marcas, nombre comercial o signo distintivo, sonidos y dem\u00e1s elementos gr\u00e1ficos o sonoros de las p\u00e1ginas del Sitio Web. Esta enumeraci\u00f3n no constituye un listado cerrado sino ejemplificativo y dichos elementos se encuentran debidamente protegidos de conformidad con la normativa espa\u00f1ola e internacional sobre Propiedad Intelectual e Industrial.<\/p>\n<p>La persona usuaria se obliga a usar los contenidos de forma diligente y correcta, de acuerdo con la ley, la moral y el orden p\u00fablico. JES\u00daS O\u00d1ATE SAU autoriza a los\/las usuarios para visualizar la informaci\u00f3n que se contiene en este sitio web, as\u00ed como para efectuar reproducciones privadas (simple actividad de descarga y almacenamiento en sus sistemas inform\u00e1ticos), siempre y cuando los elementos sean destinados \u00fanicamente al uso personal. Tambi\u00e9n se autoriza su utilizaci\u00f3n exclusivamente con fines period\u00edsticos, siempre que, en ambos casos, se respete la integridad de este y se identifique que la fuente originaria ha sido el presente Sitio Web perteneciente a JES\u00daS O\u00d1ATE SAU.<\/p>\n<p>Se proh\u00edbe, fuera de las finalidades establecidas expresamente en el p\u00e1rrafo anterior, la utilizaci\u00f3n del contenido del Sitio Web, quedando prohibido de manera expresa cualquier tipo de utilizaci\u00f3n sesgada y contraria a su naturaleza. Se proh\u00edbe su distribuci\u00f3n, modificaci\u00f3n, cesi\u00f3n a terceros, as\u00ed como la reproducci\u00f3n, transformaci\u00f3n o comunicaci\u00f3n p\u00fablica, mediante cualquier medio y tecnolog\u00eda. Pueden requerir para ello el consentimiento previo y expreso de JES\u00daS O\u00d1ATE SAU, constituyendo cualquier actuaci\u00f3n contraria al presente texto una vulneraci\u00f3n de la normativa en materia de derechos de propiedad industrial e intelectual.<\/p>\n<p>JES\u00daS O\u00d1ATE SAU se reserva el ejercicio de las acciones legales oportunas en defensa de sus derechos.<\/p>\n<p>&nbsp;<\/p>\n<h2>4.- SEGURIDAD<\/h2>\n<p>&nbsp;<\/p>\n<p>En este sitio web hemos adoptado medidas de seguridad razonablemente adecuadas para garantizar la confidencialidad, integridad y disponibilidad de la informaci\u00f3n con datos personales. No obstante, la persona usuaria debe ser consciente de que las medidas de seguridad de los sistemas inform\u00e1ticos en Internet no son enteramente fiables y que, por tanto, no podemos garantizar la inexistencia de virus u otros elementos que puedan producir alteraciones en los sistemas inform\u00e1ticos (software y hardware) del internauta o en sus documentos electr\u00f3nicos y ficheros contenidos en los mismos.<\/p>\n<ul>\n<li><strong>Protocolo HTTPS (SSL)<\/strong><\/li>\n<\/ul>\n<p>En este sitio web utilizamos el protocolo HTTPS (SSL) para establecer un canal seguro de comunicaci\u00f3n entre el servidor y el usuario para el env\u00edo de sus datos personales. Prestar ese servicio a trav\u00e9s de un servidor seguro supone garantizar la confidencialidad de la informaci\u00f3n que se intercambia entre el ordenador del usuario y dicho servidor, ya que entre ambos se establece una conexi\u00f3n cifrada, utilizando el protocolo SSL, que imposibilita el acceso de terceros a la informaci\u00f3n enviada.<\/p>\n<p>&nbsp;<\/p>\n<h2>5.- RESPONSABILIDAD<\/h2>\n<p>&nbsp;<\/p>\n<h3>a) Generalidades<\/h3>\n<p><strong>El inter\u00e9s de <\/strong><strong>JES\u00daS O\u00d1ATE SAU<\/strong><strong>es el de <\/strong><strong>que este sitio web funcione con la m\u00e1xima eficacia y cumpla la finalidad para la que ha sido creado. <\/strong><strong>No obstante, <\/strong><strong>JES\u00daS O\u00d1ATE SAU<\/strong><strong>no puede garantizar<\/strong> que el sitio web y el servidor est\u00e9 libres de virus, y no se hace responsable de los da\u00f1os causados por el acceso al sitio web, o por la imposibilidad de acceder al mismo, o de los posibles da\u00f1os que puedan causarse en el ordenador, sistema inform\u00e1tico del usuario, los ficheros almacenados en el mismo, de un mal funcionamiento del navegado, o del uso de versiones no actualizadas de los mismos<\/p>\n<p>Tampoco se responsabiliza de los eventuales errores tipogr\u00e1ficos, formales o num\u00e9ricos que pueda contener el sitio web, ni de la exactitud de la informaci\u00f3n contenida en \u00e9l, ni de posibles disfunciones o anomal\u00edas en su funcionamiento debido, por ejemplo, a problemas de la red de internet o en los servidores en los que se aloja la p\u00e1gina web.<\/p>\n<p><strong>El\/la usuaria se compromete a utilizar leal y leg\u00edtimamente este sitio web <\/strong>y de conformidad con las leyes y usos del tr\u00e1fico. Igualmente se obliga a no llevar a cabo ninguna conducta que pueda da\u00f1ar la imagen, intereses o derechos de JES\u00daS O\u00d1ATE SAU o de terceros o que pueda da\u00f1ar, inutilizar, sobrecargar o impedir de cualquier formar la normal utilizaci\u00f3n de este sitio web.<\/p>\n<p>JES\u00daS O\u00d1ATE SAU se reserva el derecho de modificar los t\u00e9rminos y condiciones que aparecen en este sitio web, as\u00ed como ampliar contenidos, informaciones, etc, en cualquier momento y sin previo aviso y, por tanto, aconseja su consulta con una periodicidad razonable por si se producen cambios en los mismos. Vd. deber\u00e1 leer los nuevos Avisos Legales y Condiciones de Uso del sitio web que se pudieran incorporar. En caso contrario, deber\u00e1 abstenerse de su utilizaci\u00f3n y acceso, declinando toda responsabilidad JES\u00daS O\u00d1ATE SAU, que se reserva el derecho de suspender y terminar el acceso a los contenidos del Sitio Web, as\u00ed como de los servicios prestados desde el mismo.<\/p>\n<p>&nbsp;<\/p>\n<h3>b) Links e hiperenlaces de terceros.<\/h3>\n<p>Los sitios web propiedad deJES\u00daS O\u00d1ATE SAU pueden facilitar el enlace o el acceso a otros recursos o sitios web de terceros,que consideramos puedan ser de su inter\u00e9s o son necesarios para la prestaci\u00f3n de algunos de los servicios de nuestros sitios web,pero en ning\u00fan caso dichos sitios web son controlados por nosotros.<\/p>\n<p>El objetivo de dichos enlaces puede ser, facilitar la b\u00fasqueda de los recursos que le puedan interesar a trav\u00e9s de Internet o la gesti\u00f3n de determinados servicios de nuestro sitio web.No obstante, dichas p\u00e1ginas no le pertenecen a JES\u00daS O\u00d1ATE SAU, ni\u00a0 \u00e9ste hace una revisi\u00f3n de sus contenidos, ni de los\u00a0 servicios que aparezcan y\/o est\u00e9n disponibles o no en dichos sitios,\u00a0 ni del funcionamiento de la p\u00e1gina enlazada, ni del uso y tratamiento de datos que \u00e9stas puedan hacer, ni de las posibles infracciones que, en su caso, puedan cometer o de los posibles da\u00f1os que puedan derivarse del acceso o uso de la misma, no implicando necesariamente la existencia del enlace relaci\u00f3n alguna entre la organizaci\u00f3n y las personas o entidades titulares de tales contenidos o de los sitios donde se encuentren.<\/p>\n<p>Por tanto, JES\u00daS O\u00d1ATE SAU no asume ning\u00fan tipo de responsabilidad relativa a los sitios enlazados, ni responde de su funcionamiento, de los contenidos y servicios alojados en los mismos ni de los posibles enlaces a su vez contenidos en dichos sitios enlazados.<\/p>\n<p>Recomendamos encarecidamente leer los correspondientes Avisos Legales y, muy especialmente, las Pol\u00edticas de Privacidad de dichas p\u00e1ginas antes deintroducir sus datos personales en las mismas, y en caso de duda le recomendamos que se ponga en contacto directamente con dichos sitios para obtener m\u00e1s informaci\u00f3n sobre sus pol\u00edticas de privacidad.<\/p>\n<p>Si la persona usuaria tuviese conocimiento de cualquier ilicitud o inadecuaci\u00f3n de los contenidos, servicios o cualesquiera otras actividades desarrolladas a trav\u00e9s de un sitio enlazado, deber\u00e1 comunicarlo inmediatamente a JES\u00daS O\u00d1ATE SAU para que \u00e9sta, en su caso, pueda adoptar las medidas que estime oportunas.<\/p>\n<h3><\/h3>\n<h3>c) Hiperenlaces a este sitio web de p\u00e1ginas de terceros.<\/h3>\n<p>Siempre que una persona o entidad quiera realizar un hiperenlace desde otro sitio web a \u00e9ste deber\u00e1 someterse a las siguientes condiciones:<\/p>\n<ul>\n<li>Queda expresamente prohibida tanto la presentaci\u00f3n de una p\u00e1gina del sitio web JES\u00daS O\u00d1ATE SAU en otro que no pertenezca a \u00e9ste (mediante la t\u00e9cnica conocida como \u201c<strong>framing<\/strong>\u201d o cualquier otra a los mismos o an\u00e1logos efectos), como la inserci\u00f3n de cualquier tipo de contenido difundido a trav\u00e9s JES\u00daS O\u00d1ATE SAU en otro sitio web distinto a \u00e9ste mediante la t\u00e9cnica denominada \u201c<strong>in line linking<\/strong>\u201d, o cualquier otra a los mismos o an\u00e1logos efectos, sin el consentimiento expreso de la organizaci\u00f3n.<\/li>\n<li>La p\u00e1gina web en la que se establezca no contendr\u00e1 ning\u00fan logotipo, icono, marca, nombre comercial, r\u00f3tulo de establecimiento, denominaci\u00f3n, eslogan u otros signos distintivos pertenecientes a JES\u00daS O\u00d1ATE SAU, salvo autorizaci\u00f3n expresa de \u00e9sta.<\/li>\n<li>En todo caso, el establecimiento del &#8222;hiperenlace&#8220; no implicar\u00e1 la existencia de relaciones entre JES\u00daS O\u00d1ATE SAU y el titular de la p\u00e1gina web o del Portal desde el cual se realice, ni el conocimiento y aceptaci\u00f3n por aquellas de dicho hiperenlace. JES\u00daS O\u00d1ATE SAU no ser\u00e1 responsable de los contenidos o servicios puestos a disposici\u00f3n del p\u00fablico en la p\u00e1gina web o Portal desde el cual se realice el &#8222;hiperenlace&#8220;, ni de las informaciones y manifestaciones incluidas en las mismas.<\/li>\n<li>La p\u00e1gina web en la que se establezca el hiperenlace no contendr\u00e1 informaciones o contenidos il\u00edcitos, contrarios a la moral y a las buenas costumbres generalmente aceptadas y al orden p\u00fablico, as\u00ed como tampoco contendr\u00e1 contenidos contrarios a cualesquiera derechos de terceros.<\/li>\n<li>Cualquier &#8222;hiperenlace&#8220; a JES\u00daS O\u00d1ATE SAU se efectuar\u00e1 a la p\u00e1gina principal o p\u00e1ginas principales de las secciones que contienen.<\/li>\n<\/ul>\n<p>&nbsp;<\/p>\n<h2>6.-Publicidad<\/h2>\n<p>&nbsp;<\/p>\n<p>El Sitio web as\u00ed como cualesquiera subdominios, microsites y\/o subapartados contenidos en este, o aplicaciones m\u00f3viles propiedad de JES\u00daS O\u00d1ATE SAU puede albergar contenidos publicitarios o estar patrocinado. Los anunciantes y patrocinadores son los \u00fanicos responsables de asegurarse que el material remitido para su inclusi\u00f3n en el Sitio web cumple con las leyes y consentimientos que en cada caso puedan ser de aplicaci\u00f3n. El titular del sitio no ser\u00e1 responsable de cualquier error, inexactitud o irregularidad que puedan contener los contenidos publicitarios o de los patrocinadores, ni de da\u00f1os a la sensibilidad que pueda causar.<\/p>\n<p>&nbsp;<\/p>\n<h2>7.- Comunicaciones comerciales y contenidos publicitarios<\/h2>\n<p>&nbsp;<\/p>\n<p>JES\u00daS O\u00d1ATE SAU informa a sus usuarios\/as que, en el caso de tener una relaci\u00f3n contractual previa, les remitiremos informaci\u00f3n sobre nuestras actividades, productos y\/o servicios (incluso mediante comunicaciones electr\u00f3nicas) bas\u00e1ndonos en nuestro inter\u00e9s leg\u00edtimo. Si no desea que le remitamos ese tipo de informaci\u00f3n rem\u00edtanos por favor un e-mail en tal sentido a admon@onate.guremedia.com, y as\u00ed lo haremos.<\/p>\n<p>La retirada de su consentimiento para el env\u00edo de este tipo de comunicaciones no condiciona el tratamiento de sus datos para el resto de finalidades descritas en la pol\u00edtica de privacidad. Si Ud. no es cliente, solo mandaremos ese tipo de comunicaciones publicitarias y\/o comerciales por medios electr\u00f3nicos, si nos lo autoriza clicando la opci\u00f3n que expresamente se incluye al efecto en nuestra p\u00e1gina web.<\/p>\n<p>&nbsp;<\/p>\n<h2>8.- Legislaci\u00f3n aplicable, jurisdicci\u00f3n y competencia<\/h2>\n<p>&nbsp;<\/p>\n<p>En el supuesto de conflicto o disputa respecto a la interpretaci\u00f3n de las presentes condiciones, as\u00ed como sobre cualquier extremo relacionado con los servicios del presente Sitio Web la Jurisdicci\u00f3n y Normativa aplicable ser\u00e1 la espa\u00f1ola, mientras que los <strong>Tribunales competentes ser\u00e1n los de Vitoria-Gasteiz.<\/strong><\/p>\n<p>&nbsp;<\/p>\n<p>&nbsp;<\/p>\n","protected":false},"excerpt":{"rendered":"<p>&nbsp; 1.- INFORMACI\u00d3N GENERAL &nbsp; El presente Sitio Web, es titularidad de JES\u00daS O\u00d1ATE SAU, con direcci\u00f3n en C\/ Larrosoloeta Kalea 8, 48200, Durango (Bizkaia), y NIFA48018170, inscrita en el Registro Mercantil de Vizcaya\/Registro de Fundaciones del Gobierno Vasco, en el Tomo 40, Folio 207 , Secci\u00f3n BI-1.O87-A, Hoja 207, y direcci\u00f3n de email ADMON@JESUSONATE.COM. [&hellip;]<\/p>\n","protected":false},"author":5,"featured_media":0,"parent":0,"menu_order":0,"comment_status":"closed","ping_status":"closed","template":"","meta":{"_et_pb_use_builder":"","_et_pb_old_content":"","_et_gb_content_width":"","footnotes":""},"class_list":["post-3589","page","type-page","status-publish","hentry"],"yoast_head":"<!-- This site is optimized with the Yoast SEO plugin v26.5 - https:\/\/yoast.com\/wordpress\/plugins\/seo\/ -->\n<title>Aviso legal ~ Jesus Onate<\/title>\n<meta name=\"description\" content=\"Aviso legal de JESUS ONATE SAU\" \/>\n<meta name=\"robots\" content=\"index, follow, max-snippet:-1, max-image-preview:large, max-video-preview:-1\" \/>\n<link rel=\"canonical\" href=\"https:\/\/jesusonate.com\/de\/aviso-legal\/\" \/>\n<meta property=\"og:locale\" content=\"de_DE\" \/>\n<meta property=\"og:type\" content=\"article\" \/>\n<meta property=\"og:title\" content=\"Aviso legal ~ Jesus Onate\" \/>\n<meta property=\"og:description\" content=\"Aviso legal de JESUS ONATE SAU\" \/>\n<meta property=\"og:url\" content=\"https:\/\/jesusonate.com\/de\/aviso-legal\/\" \/>\n<meta property=\"og:site_name\" content=\"Jesus Onate\" \/>\n<meta property=\"article:modified_time\" content=\"2022-04-04T12:45:46+00:00\" \/>\n<meta name=\"twitter:card\" content=\"summary_large_image\" \/>\n<meta name=\"twitter:label1\" content=\"Gesch\u00e4tzte Lesezeit\" \/>\n\t<meta name=\"twitter:data1\" content=\"12\u00a0Minuten\" \/>\n<script type=\"application\/ld+json\" class=\"yoast-schema-graph\">{\"@context\":\"https:\/\/schema.org\",\"@graph\":[{\"@type\":\"WebPage\",\"@id\":\"https:\/\/jesusonate.com\/de\/aviso-legal\/\",\"url\":\"https:\/\/jesusonate.com\/de\/aviso-legal\/\",\"name\":\"Aviso legal ~ Jesus Onate\",\"isPartOf\":{\"@id\":\"https:\/\/jesusonate.com\/#website\"},\"datePublished\":\"2020-10-05T09:48:58+00:00\",\"dateModified\":\"2022-04-04T12:45:46+00:00\",\"description\":\"Aviso legal de JESUS ONATE SAU\",\"breadcrumb\":{\"@id\":\"https:\/\/jesusonate.com\/de\/aviso-legal\/#breadcrumb\"},\"inLanguage\":\"de\",\"potentialAction\":[{\"@type\":\"ReadAction\",\"target\":[\"https:\/\/jesusonate.com\/de\/aviso-legal\/\"]}]},{\"@type\":\"BreadcrumbList\",\"@id\":\"https:\/\/jesusonate.com\/de\/aviso-legal\/#breadcrumb\",\"itemListElement\":[{\"@type\":\"ListItem\",\"position\":1,\"name\":\"Home\",\"item\":\"https:\/\/jesusonate.com\/de\/\"},{\"@type\":\"ListItem\",\"position\":2,\"name\":\"Aviso legal\"}]},{\"@type\":\"WebSite\",\"@id\":\"https:\/\/jesusonate.com\/#website\",\"url\":\"https:\/\/jesusonate.com\/\",\"name\":\"Jesus Onate\",\"description\":\"Unternehmen f\u00fcr Kaltschmieden und CNC-Bearbeitung | Jesus Onate S.A.\",\"publisher\":{\"@id\":\"https:\/\/jesusonate.com\/#organization\"},\"potentialAction\":[{\"@type\":\"SearchAction\",\"target\":{\"@type\":\"EntryPoint\",\"urlTemplate\":\"https:\/\/jesusonate.com\/?s={search_term_string}\"},\"query-input\":{\"@type\":\"PropertyValueSpecification\",\"valueRequired\":true,\"valueName\":\"search_term_string\"}}],\"inLanguage\":\"de\"},{\"@type\":\"Organization\",\"@id\":\"https:\/\/jesusonate.com\/#organization\",\"name\":\"Jes\u00fas Onate\",\"url\":\"https:\/\/jesusonate.com\/\",\"logo\":{\"@type\":\"ImageObject\",\"inLanguage\":\"de\",\"@id\":\"https:\/\/jesusonate.com\/#\/schema\/logo\/image\/\",\"url\":\"https:\/\/jesusonate.com\/wp-content\/uploads\/logo-onate-3.png\",\"contentUrl\":\"https:\/\/jesusonate.com\/wp-content\/uploads\/logo-onate-3.png\",\"width\":225,\"height\":45,\"caption\":\"Jes\u00fas Onate\"},\"image\":{\"@id\":\"https:\/\/jesusonate.com\/#\/schema\/logo\/image\/\"}}]}<\/script>\n<!-- \/ Yoast SEO plugin. -->","yoast_head_json":{"title":"Aviso legal ~ Jesus Onate","description":"Aviso legal de JESUS ONATE SAU","robots":{"index":"index","follow":"follow","max-snippet":"max-snippet:-1","max-image-preview":"max-image-preview:large","max-video-preview":"max-video-preview:-1"},"canonical":"https:\/\/jesusonate.com\/de\/aviso-legal\/","og_locale":"de_DE","og_type":"article","og_title":"Aviso legal ~ Jesus Onate","og_description":"Aviso legal de JESUS ONATE SAU","og_url":"https:\/\/jesusonate.com\/de\/aviso-legal\/","og_site_name":"Jesus Onate","article_modified_time":"2022-04-04T12:45:46+00:00","twitter_card":"summary_large_image","twitter_misc":{"Gesch\u00e4tzte Lesezeit":"12\u00a0Minuten"},"schema":{"@context":"https:\/\/schema.org","@graph":[{"@type":"WebPage","@id":"https:\/\/jesusonate.com\/de\/aviso-legal\/","url":"https:\/\/jesusonate.com\/de\/aviso-legal\/","name":"Aviso legal ~ Jesus Onate","isPartOf":{"@id":"https:\/\/jesusonate.com\/#website"},"datePublished":"2020-10-05T09:48:58+00:00","dateModified":"2022-04-04T12:45:46+00:00","description":"Aviso legal de JESUS ONATE SAU","breadcrumb":{"@id":"https:\/\/jesusonate.com\/de\/aviso-legal\/#breadcrumb"},"inLanguage":"de","potentialAction":[{"@type":"ReadAction","target":["https:\/\/jesusonate.com\/de\/aviso-legal\/"]}]},{"@type":"BreadcrumbList","@id":"https:\/\/jesusonate.com\/de\/aviso-legal\/#breadcrumb","itemListElement":[{"@type":"ListItem","position":1,"name":"Home","item":"https:\/\/jesusonate.com\/de\/"},{"@type":"ListItem","position":2,"name":"Aviso legal"}]},{"@type":"WebSite","@id":"https:\/\/jesusonate.com\/#website","url":"https:\/\/jesusonate.com\/","name":"Jesus Onate","description":"Unternehmen f\u00fcr Kaltschmieden und CNC-Bearbeitung | Jesus Onate S.A.","publisher":{"@id":"https:\/\/jesusonate.com\/#organization"},"potentialAction":[{"@type":"SearchAction","target":{"@type":"EntryPoint","urlTemplate":"https:\/\/jesusonate.com\/?s={search_term_string}"},"query-input":{"@type":"PropertyValueSpecification","valueRequired":true,"valueName":"search_term_string"}}],"inLanguage":"de"},{"@type":"Organization","@id":"https:\/\/jesusonate.com\/#organization","name":"Jes\u00fas Onate","url":"https:\/\/jesusonate.com\/","logo":{"@type":"ImageObject","inLanguage":"de","@id":"https:\/\/jesusonate.com\/#\/schema\/logo\/image\/","url":"https:\/\/jesusonate.com\/wp-content\/uploads\/logo-onate-3.png","contentUrl":"https:\/\/jesusonate.com\/wp-content\/uploads\/logo-onate-3.png","width":225,"height":45,"caption":"Jes\u00fas Onate"},"image":{"@id":"https:\/\/jesusonate.com\/#\/schema\/logo\/image\/"}}]}},"_links":{"self":[{"href":"https:\/\/jesusonate.com\/de\/wp-json\/wp\/v2\/pages\/3589\/"}],"collection":[{"href":"https:\/\/jesusonate.com\/de\/wp-json\/wp\/v2\/pages\/"}],"about":[{"href":"https:\/\/jesusonate.com\/de\/wp-json\/wp\/v2\/types\/page\/"}],"author":[{"embeddable":true,"href":"https:\/\/jesusonate.com\/de\/wp-json\/wp\/v2\/users\/5\/"}],"replies":[{"embeddable":true,"href":"https:\/\/jesusonate.com\/de\/wp-json\/wp\/v2\/comments\/?post=3589"}],"version-history":[{"count":3,"href":"https:\/\/jesusonate.com\/de\/wp-json\/wp\/v2\/pages\/3589\/revisions\/"}],"predecessor-version":[{"id":3805,"href":"https:\/\/jesusonate.com\/de\/wp-json\/wp\/v2\/pages\/3589\/revisions\/3805\/"}],"wp:attachment":[{"href":"https:\/\/jesusonate.com\/de\/wp-json\/wp\/v2\/media\/?parent=3589"}],"curies":[{"name":"wp","href":"https:\/\/api.w.org\/{rel}","templated":true}]}}