{"id":1744,"date":"2016-11-23T22:19:10","date_gmt":"2016-11-23T22:19:10","guid":{"rendered":"https:\/\/onate.guremedia.com\/fr\/?page_id=1744"},"modified":"2022-04-28T09:06:08","modified_gmt":"2022-04-28T08:06:08","slug":"jesus-onate-hnos-dans-les-associations","status":"publish","type":"page","link":"https:\/\/jesusonate.com\/fr\/jesus-onate-hnos-dans-les-associations\/","title":{"rendered":"Jes\u00fas O\u00f1ate Hnos. dans les associations"},"content":{"rendered":"<p>[et_pb_section fb_built=\u00a0\u00bb1&Prime; admin_label=\u00a0\u00bbsection\u00a0\u00bb _builder_version=\u00a0\u00bb3.22&Prime; global_colors_info=\u00a0\u00bb{}\u00a0\u00bb][et_pb_row admin_label=\u00a0\u00bbrow\u00a0\u00bb _builder_version=\u00a0\u00bb3.25&Prime; background_size=\u00a0\u00bbinitial\u00a0\u00bb background_position=\u00a0\u00bbtop_left\u00a0\u00bb background_repeat=\u00a0\u00bbrepeat\u00a0\u00bb global_colors_info=\u00a0\u00bb{}\u00a0\u00bb][et_pb_column type=\u00a0\u00bb4_4&Prime; _builder_version=\u00a0\u00bb3.25&Prime; custom_padding=\u00a0\u00bb|||\u00a0\u00bb global_colors_info=\u00a0\u00bb{}\u00a0\u00bb custom_padding__hover=\u00a0\u00bb|||\u00a0\u00bb][et_pb_text admin_label=\u00a0\u00bbText\u00a0\u00bb _builder_version=\u00a0\u00bb3.27.4&Prime; background_size=\u00a0\u00bbinitial\u00a0\u00bb background_position=\u00a0\u00bbtop_left\u00a0\u00bb background_repeat=\u00a0\u00bbrepeat\u00a0\u00bb custom_margin=\u00a0\u00bb||0px|\u00a0\u00bb custom_padding=\u00a0\u00bb||0px|\u00a0\u00bb use_border_color=\u00a0\u00bboff\u00a0\u00bb global_colors_info=\u00a0\u00bb{}\u00a0\u00bb]&nbsp;<\/p>\n<h1><span style=\"color: #991e74;\">Jes\u00fas O\u00f1ate dans les associations&nbsp;<\/span><\/h1>\n<p>&nbsp;<br \/>\n[\/et_pb_text][et_pb_divider color=\u00a0\u00bb#8c8c8c\u00a0\u00bb divider_style=\u00a0\u00bbdotted\u00a0\u00bb admin_label=\u00a0\u00bbDivider\u00a0\u00bb _builder_version=\u00a0\u00bb3.2&Prime; hide_on_mobile=\u00a0\u00bboff\u00a0\u00bb global_colors_info=\u00a0\u00bb{}\u00a0\u00bb][\/et_pb_divider][et_pb_text admin_label=\u00a0\u00bbText\u00a0\u00bb _builder_version=\u00a0\u00bb4.14.4&Prime; background_size=\u00a0\u00bbinitial\u00a0\u00bb background_position=\u00a0\u00bbtop_left\u00a0\u00bb background_repeat=\u00a0\u00bbrepeat\u00a0\u00bb hover_enabled=\u00a0\u00bb0&Prime; use_border_color=\u00a0\u00bboff\u00a0\u00bb border_color=\u00a0\u00bb#ffffff\u00a0\u00bb border_style=\u00a0\u00bbsolid\u00a0\u00bb global_colors_info=\u00a0\u00bb{}\u00a0\u00bb sticky_enabled=\u00a0\u00bb0&Prime;]<\/p>\n<ul id=\"ulAsociaciones\">\n<li>\n<div class=\"divTituloAsociacion colorVerde\"><strong>ACICAE<\/strong><\/div>\n<div><span style=\"color: #008000;\"><a class=\"aLinkAsociacion\" style=\"color: #008000;\" href=\"http:\/\/www.acicae.es\/\" target=\"_blank\" rel=\"noopener\">www.acicae.es<\/a><\/span><\/div>\n<\/li>\n<li>\n<div class=\"divTituloAsociacion colorVerde\"><strong>Biscay Federation of Metal Companies<\/strong><\/div>\n<div><span style=\"color: #008000;\"><a class=\"aLinkAsociacion\" style=\"color: #008000;\" href=\"http:\/\/www.fvem.es\/\" target=\"_blank\" rel=\"noopener\">www.fvem.es<\/a><\/span><\/div>\n<\/li>\n<li>\n<div class=\"divTituloAsociacion colorVerde\"><strong>ASEFI<\/strong><\/div>\n<div><span style=\"color: #008000;\"><a class=\"aLinkAsociacion\" style=\"color: #008000;\" href=\"https:\/\/jesusonate.com\/es\/www.asefi.es\" target=\"_blank\" rel=\"noopener\">www.asefi.es<\/a><\/span><\/div>\n<\/li>\n<li>\n<div class=\"divTituloAsociacion colorVerde\"><strong>SIMEPROVI<\/strong><\/div>\n<div><span style=\"color: #008000;\"><a class=\"aLinkAsociacion\" style=\"color: #008000;\" href=\"http:\/\/www.simeprovi.com\/\" target=\"_blank\" rel=\"noopener\">www.simeprovi.com<\/a><\/span><\/div>\n<\/li>\n<li>\n<div class=\"divTituloAsociacion colorVerde\"><strong>UNESID<\/strong><\/div>\n<div><span style=\"color: #008000;\"><a class=\"aLinkAsociacion\" style=\"color: #008000;\" href=\"http:\/\/www.unesid.org\/\" target=\"_blank\" rel=\"noopener\">www.unesid.org<\/a><\/span><\/div>\n<\/li>\n<li>\n<div class=\"divTituloAsociacion colorVerde\"><strong>Durango Business Association<\/strong><\/div>\n<div><span style=\"color: #008000;\"><a class=\"aLinkAsociacion\" style=\"color: #008000;\" href=\"http:\/\/www.dee-aed.com\/\" target=\"_blank\" rel=\"noopener\">www.dee-aed.com<\/a><\/span><\/div>\n<\/li>\n<li>\n<div class=\"divTituloAsociacion colorVerde\"><strong>SIFE, Association of Forging Industry<\/strong><\/div>\n<div><span style=\"color: #008000;\"><a class=\"aLinkAsociacion\" style=\"color: #008000;\" href=\"https:\/\/www.forjas.org\/\" target=\"_blank\" rel=\"noopener\">www.forjas.org<\/a><\/span><\/div>\n<p><span style=\"color: #008000;\"><\/span><\/p>\n<\/li>\n<\/ul>\n<p>[\/et_pb_text][\/et_pb_column][\/et_pb_row][\/et_pb_section]<\/p>\n","protected":false},"excerpt":{"rendered":"<p>&nbsp; Jes\u00fas O\u00f1ate dans les associations&nbsp; &nbsp; ACICAE www.acicae.es Biscay Federation of Metal Companies www.fvem.es ASEFI www.asefi.es SIMEPROVI www.simeprovi.com UNESID www.unesid.org Durango Business Association www.dee-aed.com SIFE, Association of Forging Industry www.forjas.org<\/p>\n","protected":false},"author":5,"featured_media":0,"parent":0,"menu_order":24,"comment_status":"closed","ping_status":"closed","template":"","meta":{"_et_pb_use_builder":"on","_et_pb_old_content":"<ul id=\"ulAsociaciones\"><li><div class=\"divTituloAsociacion colorVerde\"><strong>ACICAE<\/strong><\/div><div><span style=\"color: #008000;\"><a class=\"aLinkAsociacion\" style=\"color: #008000;\" href=\"http:\/\/www.acicae.es\/\" target=\"_blank\">www.acicae.es<\/a><\/span><\/div><\/li><li><div class=\"divTituloAsociacion colorVerde\"><strong>FEDERACI\u00d3N VASCA EMPRESAS DEL METAL<\/strong><\/div><div><span style=\"color: #008000;\"><a class=\"aLinkAsociacion\" style=\"color: #008000;\" href=\"http:\/\/www.fvem.es\/\" target=\"_blank\">www.fvem.es<\/a><\/span><\/div><\/li><li><div class=\"divTituloAsociacion colorVerde\"><strong>ASEFI<\/strong><\/div><div><span style=\"color: #008000;\"><a class=\"aLinkAsociacion\" style=\"color: #008000;\" href=\"https:\/\/jesusonate.com\/es\/www.asefi.es\" target=\"_blank\">www.asefi.es<\/a><\/span><\/div><\/li><li><div class=\"divTituloAsociacion colorVerde\"><strong>SIMEPROVI<\/strong><\/div><div><span style=\"color: #008000;\"><a class=\"aLinkAsociacion\" style=\"color: #008000;\" href=\"http:\/\/www.simeprovi.com\/\" target=\"_blank\">www.simeprovi.com<\/a><\/span><\/div><\/li><li><div class=\"divTituloAsociacion colorVerde\"><strong>UNESID<\/strong><\/div><div><span style=\"color: #008000;\"><a class=\"aLinkAsociacion\" style=\"color: #008000;\" href=\"http:\/\/www.unesid.org\/\" target=\"_blank\">www.unesid.org<\/a><\/span><\/div><\/li><li><div class=\"divTituloAsociacion colorVerde\"><strong>ASOCIACI\u00d3N DE EMPRESAS DEL DURANGUESADO<\/strong><\/div><div><span style=\"color: #008000;\"><a class=\"aLinkAsociacion\" style=\"color: #008000;\" href=\"http:\/\/www.dee-aed.com\/\" target=\"_blank\">www.dee-aed.com<\/a><\/span><\/div><\/li><\/ul>","_et_gb_content_width":"","footnotes":""},"class_list":["post-1744","page","type-page","status-publish","hentry"],"yoast_head":"<!-- This site is optimized with the Yoast SEO plugin v26.5 - https:\/\/yoast.com\/wordpress\/plugins\/seo\/ -->\n<title>Jes\u00fas Onate Associations et soci\u00e9t\u00e9s m\u00e9talliques | Traitement en acier<\/title>\n<meta name=\"description\" content=\"Onate appartient aux associations professionnelles des m\u00e9taux comme ACICAE, Asefi SIMEPROVI, UNESID. secteurs de la m\u00e9tallurgie de l&#039;ing\u00e9nierie automobile, etc.\" \/>\n<meta name=\"robots\" content=\"index, follow, max-snippet:-1, max-image-preview:large, max-video-preview:-1\" \/>\n<link rel=\"canonical\" href=\"https:\/\/jesusonate.com\/fr\/jesus-onate-hnos-dans-les-associations\/\" \/>\n<meta property=\"og:locale\" content=\"fr_FR\" \/>\n<meta property=\"og:type\" content=\"article\" \/>\n<meta property=\"og:title\" content=\"Jes\u00fas Onate Associations et soci\u00e9t\u00e9s m\u00e9talliques | Traitement en acier\" \/>\n<meta property=\"og:description\" content=\"Onate appartient aux associations professionnelles des m\u00e9taux comme ACICAE, Asefi SIMEPROVI, UNESID. secteurs de la m\u00e9tallurgie de l&#039;ing\u00e9nierie automobile, etc.\" \/>\n<meta property=\"og:url\" content=\"https:\/\/jesusonate.com\/fr\/jesus-onate-hnos-dans-les-associations\/\" \/>\n<meta property=\"og:site_name\" content=\"Jes\u00fas Onate\" \/>\n<meta property=\"article:modified_time\" content=\"2022-04-28T08:06:08+00:00\" \/>\n<meta name=\"twitter:card\" content=\"summary_large_image\" \/>\n<meta name=\"twitter:label1\" content=\"Dur\u00e9e de lecture estim\u00e9e\" \/>\n\t<meta name=\"twitter:data1\" content=\"1 minute\" \/>\n<script type=\"application\/ld+json\" class=\"yoast-schema-graph\">{\"@context\":\"https:\/\/schema.org\",\"@graph\":[{\"@type\":\"WebPage\",\"@id\":\"https:\/\/jesusonate.com\/fr\/jesus-onate-hnos-dans-les-associations\/\",\"url\":\"https:\/\/jesusonate.com\/fr\/jesus-onate-hnos-dans-les-associations\/\",\"name\":\"Jes\u00fas Onate Associations et soci\u00e9t\u00e9s m\u00e9talliques | Traitement en acier\",\"isPartOf\":{\"@id\":\"https:\/\/jesusonate.com\/#website\"},\"datePublished\":\"2016-11-23T22:19:10+00:00\",\"dateModified\":\"2022-04-28T08:06:08+00:00\",\"description\":\"Onate appartient aux associations professionnelles des m\u00e9taux comme ACICAE, Asefi SIMEPROVI, UNESID. secteurs de la m\u00e9tallurgie de l'ing\u00e9nierie automobile, etc.\",\"breadcrumb\":{\"@id\":\"https:\/\/jesusonate.com\/fr\/jesus-onate-hnos-dans-les-associations\/#breadcrumb\"},\"inLanguage\":\"fr-FR\",\"potentialAction\":[{\"@type\":\"ReadAction\",\"target\":[\"https:\/\/jesusonate.com\/fr\/jesus-onate-hnos-dans-les-associations\/\"]}]},{\"@type\":\"BreadcrumbList\",\"@id\":\"https:\/\/jesusonate.com\/fr\/jesus-onate-hnos-dans-les-associations\/#breadcrumb\",\"itemListElement\":[{\"@type\":\"ListItem\",\"position\":1,\"name\":\"Home\",\"item\":\"https:\/\/jesusonate.com\/fr\/\"},{\"@type\":\"ListItem\",\"position\":2,\"name\":\"Jes\u00fas O\u00f1ate Hnos. dans les associations\"}]},{\"@type\":\"WebSite\",\"@id\":\"https:\/\/jesusonate.com\/#website\",\"url\":\"https:\/\/jesusonate.com\/\",\"name\":\"Jes\u00fas Onate\",\"description\":\"Entreprise de forgeage \u00e0 froid et d&#039;usinage CNC | J\u00e9sus Onate S.A.\",\"publisher\":{\"@id\":\"https:\/\/jesusonate.com\/#organization\"},\"potentialAction\":[{\"@type\":\"SearchAction\",\"target\":{\"@type\":\"EntryPoint\",\"urlTemplate\":\"https:\/\/jesusonate.com\/?s={search_term_string}\"},\"query-input\":{\"@type\":\"PropertyValueSpecification\",\"valueRequired\":true,\"valueName\":\"search_term_string\"}}],\"inLanguage\":\"fr-FR\"},{\"@type\":\"Organization\",\"@id\":\"https:\/\/jesusonate.com\/#organization\",\"name\":\"Jes\u00fas Onate\",\"url\":\"https:\/\/jesusonate.com\/\",\"logo\":{\"@type\":\"ImageObject\",\"inLanguage\":\"fr-FR\",\"@id\":\"https:\/\/jesusonate.com\/#\/schema\/logo\/image\/\",\"url\":\"https:\/\/jesusonate.com\/wp-content\/uploads\/logo-onate-3.png\",\"contentUrl\":\"https:\/\/jesusonate.com\/wp-content\/uploads\/logo-onate-3.png\",\"width\":225,\"height\":45,\"caption\":\"Jes\u00fas Onate\"},\"image\":{\"@id\":\"https:\/\/jesusonate.com\/#\/schema\/logo\/image\/\"}}]}<\/script>\n<!-- \/ Yoast SEO plugin. -->","yoast_head_json":{"title":"Jes\u00fas Onate Associations et soci\u00e9t\u00e9s m\u00e9talliques | Traitement en acier","description":"Onate appartient aux associations professionnelles des m\u00e9taux comme ACICAE, Asefi SIMEPROVI, UNESID. secteurs de la m\u00e9tallurgie de l'ing\u00e9nierie automobile, etc.","robots":{"index":"index","follow":"follow","max-snippet":"max-snippet:-1","max-image-preview":"max-image-preview:large","max-video-preview":"max-video-preview:-1"},"canonical":"https:\/\/jesusonate.com\/fr\/jesus-onate-hnos-dans-les-associations\/","og_locale":"fr_FR","og_type":"article","og_title":"Jes\u00fas Onate Associations et soci\u00e9t\u00e9s m\u00e9talliques | Traitement en acier","og_description":"Onate appartient aux associations professionnelles des m\u00e9taux comme ACICAE, Asefi SIMEPROVI, UNESID. secteurs de la m\u00e9tallurgie de l'ing\u00e9nierie automobile, etc.","og_url":"https:\/\/jesusonate.com\/fr\/jesus-onate-hnos-dans-les-associations\/","og_site_name":"Jes\u00fas Onate","article_modified_time":"2022-04-28T08:06:08+00:00","twitter_card":"summary_large_image","twitter_misc":{"Dur\u00e9e de lecture estim\u00e9e":"1 minute"},"schema":{"@context":"https:\/\/schema.org","@graph":[{"@type":"WebPage","@id":"https:\/\/jesusonate.com\/fr\/jesus-onate-hnos-dans-les-associations\/","url":"https:\/\/jesusonate.com\/fr\/jesus-onate-hnos-dans-les-associations\/","name":"Jes\u00fas Onate Associations et soci\u00e9t\u00e9s m\u00e9talliques | Traitement en acier","isPartOf":{"@id":"https:\/\/jesusonate.com\/#website"},"datePublished":"2016-11-23T22:19:10+00:00","dateModified":"2022-04-28T08:06:08+00:00","description":"Onate appartient aux associations professionnelles des m\u00e9taux comme ACICAE, Asefi SIMEPROVI, UNESID. secteurs de la m\u00e9tallurgie de l'ing\u00e9nierie automobile, etc.","breadcrumb":{"@id":"https:\/\/jesusonate.com\/fr\/jesus-onate-hnos-dans-les-associations\/#breadcrumb"},"inLanguage":"fr-FR","potentialAction":[{"@type":"ReadAction","target":["https:\/\/jesusonate.com\/fr\/jesus-onate-hnos-dans-les-associations\/"]}]},{"@type":"BreadcrumbList","@id":"https:\/\/jesusonate.com\/fr\/jesus-onate-hnos-dans-les-associations\/#breadcrumb","itemListElement":[{"@type":"ListItem","position":1,"name":"Home","item":"https:\/\/jesusonate.com\/fr\/"},{"@type":"ListItem","position":2,"name":"Jes\u00fas O\u00f1ate Hnos. dans les associations"}]},{"@type":"WebSite","@id":"https:\/\/jesusonate.com\/#website","url":"https:\/\/jesusonate.com\/","name":"Jes\u00fas Onate","description":"Entreprise de forgeage \u00e0 froid et d&#039;usinage CNC | J\u00e9sus Onate S.A.","publisher":{"@id":"https:\/\/jesusonate.com\/#organization"},"potentialAction":[{"@type":"SearchAction","target":{"@type":"EntryPoint","urlTemplate":"https:\/\/jesusonate.com\/?s={search_term_string}"},"query-input":{"@type":"PropertyValueSpecification","valueRequired":true,"valueName":"search_term_string"}}],"inLanguage":"fr-FR"},{"@type":"Organization","@id":"https:\/\/jesusonate.com\/#organization","name":"Jes\u00fas Onate","url":"https:\/\/jesusonate.com\/","logo":{"@type":"ImageObject","inLanguage":"fr-FR","@id":"https:\/\/jesusonate.com\/#\/schema\/logo\/image\/","url":"https:\/\/jesusonate.com\/wp-content\/uploads\/logo-onate-3.png","contentUrl":"https:\/\/jesusonate.com\/wp-content\/uploads\/logo-onate-3.png","width":225,"height":45,"caption":"Jes\u00fas Onate"},"image":{"@id":"https:\/\/jesusonate.com\/#\/schema\/logo\/image\/"}}]}},"_links":{"self":[{"href":"https:\/\/jesusonate.com\/fr\/wp-json\/wp\/v2\/pages\/1744\/"}],"collection":[{"href":"https:\/\/jesusonate.com\/fr\/wp-json\/wp\/v2\/pages\/"}],"about":[{"href":"https:\/\/jesusonate.com\/fr\/wp-json\/wp\/v2\/types\/page\/"}],"author":[{"embeddable":true,"href":"https:\/\/jesusonate.com\/fr\/wp-json\/wp\/v2\/users\/5\/"}],"replies":[{"embeddable":true,"href":"https:\/\/jesusonate.com\/fr\/wp-json\/wp\/v2\/comments\/?post=1744"}],"version-history":[{"count":6,"href":"https:\/\/jesusonate.com\/fr\/wp-json\/wp\/v2\/pages\/1744\/revisions\/"}],"predecessor-version":[{"id":3826,"href":"https:\/\/jesusonate.com\/fr\/wp-json\/wp\/v2\/pages\/1744\/revisions\/3826\/"}],"wp:attachment":[{"href":"https:\/\/jesusonate.com\/fr\/wp-json\/wp\/v2\/media\/?parent=1744"}],"curies":[{"name":"wp","href":"https:\/\/api.w.org\/{rel}","templated":true}]}}