{"id":1751,"date":"2016-11-24T07:58:31","date_gmt":"2016-11-24T07:58:31","guid":{"rendered":"https:\/\/onate.guremedia.com\/fr\/?page_id=1751"},"modified":"2022-04-04T13:36:02","modified_gmt":"2022-04-04T12:36:02","slug":"produits","status":"publish","type":"page","link":"https:\/\/jesusonate.com\/fr\/produits\/","title":{"rendered":"Produits"},"content":{"rendered":"<p>[et_pb_section fb_built=\u00a0\u00bb1&Prime; fullwidth=\u00a0\u00bbon\u00a0\u00bb admin_label=\u00a0\u00bbSection\u00a0\u00bb _builder_version=\u00a0\u00bb3.22&Prime; global_colors_info=\u00a0\u00bb{}\u00a0\u00bb][et_pb_fullwidth_slider show_arrows=\u00a0\u00bboff\u00a0\u00bb show_pagination=\u00a0\u00bboff\u00a0\u00bb admin_label=\u00a0\u00bbFullwidth Slider\u00a0\u00bb _builder_version=\u00a0\u00bb3.16&Prime; header_font_size=\u00a0\u00bb45&Prime; body_font_size=\u00a0\u00bb18&Prime; parallax=\u00a0\u00bbon\u00a0\u00bb custom_padding=\u00a0\u00bb|||\u00a0\u00bb custom_padding_tablet=\u00a0\u00bb|||\u00a0\u00bb custom_padding_phone=\u00a0\u00bb|||\u00a0\u00bb auto=\u00a0\u00bbon\u00a0\u00bb header_font_size_tablet=\u00a0\u00bb\u00a0\u00bb header_font_size_phone=\u00a0\u00bb20&Prime; header_font_size_last_edited=\u00a0\u00bbon|phone\u00a0\u00bb body_font_size_tablet=\u00a0\u00bb45&Prime; body_font_size_phone=\u00a0\u00bb30&Prime; body_font_size_last_edited=\u00a0\u00bboff|phone\u00a0\u00bb remove_inner_shadow=\u00a0\u00bbon\u00a0\u00bb hide_content_on_mobile=\u00a0\u00bboff\u00a0\u00bb hide_cta_on_mobile=\u00a0\u00bboff\u00a0\u00bb show_inner_shadow=\u00a0\u00bboff\u00a0\u00bb button_letter_spacing_hover=\u00a0\u00bb0&Prime; saved_tabs=\u00a0\u00bball\u00a0\u00bb global_colors_info=\u00a0\u00bb{}\u00a0\u00bb button_text_size__hover_enabled=\u00a0\u00bboff\u00a0\u00bb button_one_text_size__hover_enabled=\u00a0\u00bboff\u00a0\u00bb button_two_text_size__hover_enabled=\u00a0\u00bboff\u00a0\u00bb button_text_color__hover_enabled=\u00a0\u00bboff\u00a0\u00bb button_one_text_color__hover_enabled=\u00a0\u00bboff\u00a0\u00bb button_two_text_color__hover_enabled=\u00a0\u00bboff\u00a0\u00bb button_border_width__hover_enabled=\u00a0\u00bboff\u00a0\u00bb button_one_border_width__hover_enabled=\u00a0\u00bboff\u00a0\u00bb button_two_border_width__hover_enabled=\u00a0\u00bboff\u00a0\u00bb button_border_color__hover_enabled=\u00a0\u00bboff\u00a0\u00bb button_one_border_color__hover_enabled=\u00a0\u00bboff\u00a0\u00bb button_two_border_color__hover_enabled=\u00a0\u00bboff\u00a0\u00bb button_border_radius__hover_enabled=\u00a0\u00bboff\u00a0\u00bb button_one_border_radius__hover_enabled=\u00a0\u00bboff\u00a0\u00bb button_two_border_radius__hover_enabled=\u00a0\u00bboff\u00a0\u00bb button_letter_spacing__hover_enabled=\u00a0\u00bbon\u00a0\u00bb button_letter_spacing__hover=\u00a0\u00bb0&Prime; button_one_letter_spacing__hover_enabled=\u00a0\u00bboff\u00a0\u00bb button_two_letter_spacing__hover_enabled=\u00a0\u00bboff\u00a0\u00bb button_bg_color__hover_enabled=\u00a0\u00bboff\u00a0\u00bb button_one_bg_color__hover_enabled=\u00a0\u00bboff\u00a0\u00bb button_two_bg_color__hover_enabled=\u00a0\u00bboff\u00a0\u00bb][et_pb_slide heading=\u00a0\u00bbPI\u00c8CES TECHNIQUES ET BOULONNERIE\u00a0\u00bb use_bg_overlay=\u00a0\u00bbon\u00a0\u00bb use_text_overlay=\u00a0\u00bbon\u00a0\u00bb text_overlay_color=\u00a0\u00bbrgba(153,30,116,0.8)\u00a0\u00bb _builder_version=\u00a0\u00bb3.16&Prime; header_font=\u00a0\u00bb|on|||\u00a0\u00bb header_font_size=\u00a0\u00bb50&Prime; body_font=\u00a0\u00bb||||\u00a0\u00bb body_font_size=\u00a0\u00bb30&Prime; body_line_height=\u00a0\u00bb1.5em\u00a0\u00bb background_color=\u00a0\u00bb#ffffff\u00a0\u00bb background_image=\u00a0\u00bbhttps:\/\/jesusonate.com\/wp-content\/uploads\/productos_fondo-cabecera.jpg\u00a0\u00bb button_icon_placement=\u00a0\u00bbright\u00a0\u00bb button_on_hover=\u00a0\u00bbon\u00a0\u00bb header_font_size_tablet=\u00a0\u00bb50&Prime; header_font_size_phone=\u00a0\u00bb25&Prime; header_font_size_last_edited=\u00a0\u00bbon|phone\u00a0\u00bb body_font_size_tablet=\u00a0\u00bb25&Prime; body_font_size_phone=\u00a0\u00bb20&Prime; body_font_size_last_edited=\u00a0\u00bbon|phone\u00a0\u00bb body_line_height_tablet=\u00a0\u00bb1.5em\u00a0\u00bb body_line_height_phone=\u00a0\u00bb1.5em\u00a0\u00bb body_line_height_last_edited=\u00a0\u00bbon|phone\u00a0\u00bb global_colors_info=\u00a0\u00bb{}\u00a0\u00bb sticky_transition=\u00a0\u00bbon\u00a0\u00bb button_text_size__hover_enabled=\u00a0\u00bboff\u00a0\u00bb button_one_text_size__hover_enabled=\u00a0\u00bboff\u00a0\u00bb button_two_text_size__hover_enabled=\u00a0\u00bboff\u00a0\u00bb button_text_color__hover_enabled=\u00a0\u00bboff\u00a0\u00bb button_one_text_color__hover_enabled=\u00a0\u00bboff\u00a0\u00bb button_two_text_color__hover_enabled=\u00a0\u00bboff\u00a0\u00bb button_border_width__hover_enabled=\u00a0\u00bboff\u00a0\u00bb button_one_border_width__hover_enabled=\u00a0\u00bboff\u00a0\u00bb button_two_border_width__hover_enabled=\u00a0\u00bboff\u00a0\u00bb button_border_color__hover_enabled=\u00a0\u00bboff\u00a0\u00bb button_one_border_color__hover_enabled=\u00a0\u00bboff\u00a0\u00bb button_two_border_color__hover_enabled=\u00a0\u00bboff\u00a0\u00bb button_border_radius__hover_enabled=\u00a0\u00bboff\u00a0\u00bb button_one_border_radius__hover_enabled=\u00a0\u00bboff\u00a0\u00bb button_two_border_radius__hover_enabled=\u00a0\u00bboff\u00a0\u00bb button_letter_spacing__hover_enabled=\u00a0\u00bboff\u00a0\u00bb button_one_letter_spacing__hover_enabled=\u00a0\u00bboff\u00a0\u00bb button_two_letter_spacing__hover_enabled=\u00a0\u00bboff\u00a0\u00bb button_bg_color__hover_enabled=\u00a0\u00bboff\u00a0\u00bb button_one_bg_color__hover_enabled=\u00a0\u00bboff\u00a0\u00bb button_two_bg_color__hover_enabled=\u00a0\u00bboff\u00a0\u00bb]<\/p>\n<p class=\"p1\" style=\"text-align: center;\">PI\u00c8CES SP\u00c9CIALES,\u00a0PIVOTS DE ROTULES, DOUILLES\/ENTRETOISES&#8230;<\/p>\n<p>[\/et_pb_slide][\/et_pb_fullwidth_slider][\/et_pb_section][et_pb_section fb_built=\u00a0\u00bb1&Prime; admin_label=\u00a0\u00bbsection\u00a0\u00bb _builder_version=\u00a0\u00bb3.22&Prime; global_colors_info=\u00a0\u00bb{}\u00a0\u00bb][et_pb_row admin_label=\u00a0\u00bbrow\u00a0\u00bb _builder_version=\u00a0\u00bb3.25&Prime; background_size=\u00a0\u00bbinitial\u00a0\u00bb background_position=\u00a0\u00bbtop_left\u00a0\u00bb background_repeat=\u00a0\u00bbrepeat\u00a0\u00bb global_colors_info=\u00a0\u00bb{}\u00a0\u00bb][et_pb_column type=\u00a0\u00bb4_4&Prime; _builder_version=\u00a0\u00bb3.25&Prime; custom_padding=\u00a0\u00bb|||\u00a0\u00bb global_colors_info=\u00a0\u00bb{}\u00a0\u00bb custom_padding__hover=\u00a0\u00bb|||\u00a0\u00bb][et_pb_text admin_label=\u00a0\u00bbText\u00a0\u00bb _builder_version=\u00a0\u00bb3.27.4&Prime; background_size=\u00a0\u00bbinitial\u00a0\u00bb background_position=\u00a0\u00bbtop_left\u00a0\u00bb background_repeat=\u00a0\u00bbrepeat\u00a0\u00bb custom_margin=\u00a0\u00bb||0px|\u00a0\u00bb custom_padding=\u00a0\u00bb||0px|\u00a0\u00bb use_border_color=\u00a0\u00bboff\u00a0\u00bb border_color=\u00a0\u00bb#ffffff\u00a0\u00bb border_style=\u00a0\u00bbsolid\u00a0\u00bb global_colors_info=\u00a0\u00bb{}\u00a0\u00bb]<\/p>\n<h2><span style=\"color: #993366;\">Produits<\/span><\/h2>\n<p>[\/et_pb_text][et_pb_divider color=\u00a0\u00bb#a8a8a8&Prime; divider_style=\u00a0\u00bbdotted\u00a0\u00bb admin_label=\u00a0\u00bbDivider\u00a0\u00bb _builder_version=\u00a0\u00bb3.2&Prime; hide_on_mobile=\u00a0\u00bboff\u00a0\u00bb global_colors_info=\u00a0\u00bb{}\u00a0\u00bb] [\/et_pb_divider][et_pb_code admin_label=\u00a0\u00bbCode\u00a0\u00bb global_colors_info=\u00a0\u00bb{}\u00a0\u00bb]<div class=\"et_pb_portfolio_grid clearfix et_pb_module et_pb_bg_layout_light et_pb_portfolio_0\" id=\"muestraproductos\">                <div class=\"et_pb_portfolio_item producto-item\">\n                     <a href=\"https:\/\/jesusonate.com\/fr\/produits\/pivots-de-rotule\/\">\n                        <span class=\"et_portfolio_image\">\n                            <img loading=\"lazy\" decoding=\"async\" width=\"400\" height=\"284\" alt=\"Pivots de rotule\" src=\"https:\/\/jesusonate.com\/wp-content\/uploads\/Rotulas-19x94-destacada.jpg\" \/>\n                            <!-- <span class=\"et_overlay\"><\/span> -->\n                        <\/span>\n                    <\/a>\n                    <h4 class=\"titulo-producto\"><a data-icon=\"=\" class=\"boton-producto\" href=\"https:\/\/jesusonate.com\/fr\/produits\/pivots-de-rotule\/\">Pivots de rotule<\/a><\/h4>\n                <\/div>                <div class=\"et_pb_portfolio_item producto-item\">\n                     <a href=\"https:\/\/jesusonate.com\/fr\/produits\/douillesentretoises\/\">\n                        <span class=\"et_portfolio_image\">\n                            <img loading=\"lazy\" decoding=\"async\" width=\"400\" height=\"284\" alt=\"Douilles Entretoises\" src=\"https:\/\/jesusonate.com\/wp-content\/uploads\/Casquillos-\u00f8-22x25-destacada.jpg\" \/>\n                            <!-- <span class=\"et_overlay\"><\/span> -->\n                        <\/span>\n                    <\/a>\n                    <h4 class=\"titulo-producto\"><a data-icon=\"=\" class=\"boton-producto\" href=\"https:\/\/jesusonate.com\/fr\/produits\/douillesentretoises\/\">Douilles Entretoises<\/a><\/h4>\n                <\/div>                <div class=\"et_pb_portfolio_item producto-item\">\n                     <a href=\"https:\/\/jesusonate.com\/fr\/produits\/axes\/\">\n                        <span class=\"et_portfolio_image\">\n                            <img loading=\"lazy\" decoding=\"async\" width=\"400\" height=\"284\" alt=\"Axes\" src=\"https:\/\/jesusonate.com\/wp-content\/uploads\/Ejes-295x80-destacada.jpg\" \/>\n                            <!-- <span class=\"et_overlay\"><\/span> -->\n                        <\/span>\n                    <\/a>\n                    <h4 class=\"titulo-producto\"><a data-icon=\"=\" class=\"boton-producto\" href=\"https:\/\/jesusonate.com\/fr\/produits\/axes\/\">Axes<\/a><\/h4>\n                <\/div>                <div class=\"et_pb_portfolio_item producto-item\">\n                     <a href=\"https:\/\/jesusonate.com\/fr\/produits\/pieces-speciales\/\">\n                        <span class=\"et_portfolio_image\">\n                            <img loading=\"lazy\" decoding=\"async\" width=\"400\" height=\"284\" alt=\"Pi\u00e8ces sp\u00e9ciales\" src=\"https:\/\/jesusonate.com\/wp-content\/uploads\/ESPECIALES-destacada.jpg\" \/>\n                            <!-- <span class=\"et_overlay\"><\/span> -->\n                        <\/span>\n                    <\/a>\n                    <h4 class=\"titulo-producto\"><a data-icon=\"=\" class=\"boton-producto\" href=\"https:\/\/jesusonate.com\/fr\/produits\/pieces-speciales\/\">Pi\u00e8ces sp\u00e9ciales<\/a><\/h4>\n                <\/div>                <div class=\"et_pb_portfolio_item producto-item\">\n                     <a href=\"https:\/\/jesusonate.com\/fr\/produits\/pieces-usinees\/\">\n                        <span class=\"et_portfolio_image\">\n                            <img loading=\"lazy\" decoding=\"async\" width=\"400\" height=\"284\" alt=\"Pi\u00e8ces usin\u00e9es\" src=\"https:\/\/jesusonate.com\/wp-content\/uploads\/pieza-mecanizada-destacada.jpg\" \/>\n                            <!-- <span class=\"et_overlay\"><\/span> -->\n                        <\/span>\n                    <\/a>\n                    <h4 class=\"titulo-producto\"><a data-icon=\"=\" class=\"boton-producto\" href=\"https:\/\/jesusonate.com\/fr\/produits\/pieces-usinees\/\">Pi\u00e8ces usin\u00e9es<\/a><\/h4>\n                <\/div>                <div class=\"et_pb_portfolio_item producto-item\">\n                     <a href=\"https:\/\/jesusonate.com\/fr\/produits\/boulonnerie-galvanise\/\">\n                        <span class=\"et_portfolio_image\">\n                            <img loading=\"lazy\" decoding=\"async\" width=\"400\" height=\"284\" alt=\"Boulonnerie galvanis\u00e9\" src=\"https:\/\/jesusonate.com\/wp-content\/uploads\/Tornilleria-destacada.jpg\" \/>\n                            <!-- <span class=\"et_overlay\"><\/span> -->\n                        <\/span>\n                    <\/a>\n                    <h4 class=\"titulo-producto\"><a data-icon=\"=\" class=\"boton-producto\" href=\"https:\/\/jesusonate.com\/fr\/produits\/boulonnerie-galvanise\/\">Boulonnerie galvanis\u00e9<\/a><\/h4>\n                <\/div><\/div>[\/et_pb_code][et_pb_divider color=\u00a0\u00bb#a8a8a8&Prime; divider_style=\u00a0\u00bbdotted\u00a0\u00bb admin_label=\u00a0\u00bbDivider\u00a0\u00bb _builder_version=\u00a0\u00bb3.2&Prime; hide_on_mobile=\u00a0\u00bboff\u00a0\u00bb global_colors_info=\u00a0\u00bb{}\u00a0\u00bb] [\/et_pb_divider][\/et_pb_column][\/et_pb_row][et_pb_row admin_label=\u00a0\u00bbRow\u00a0\u00bb _builder_version=\u00a0\u00bb3.25&Prime; background_size=\u00a0\u00bbinitial\u00a0\u00bb background_position=\u00a0\u00bbtop_left\u00a0\u00bb background_repeat=\u00a0\u00bbrepeat\u00a0\u00bb global_colors_info=\u00a0\u00bb{}\u00a0\u00bb column_structure=\u00a0\u00bb1_2,1_2&Prime;][et_pb_column type=\u00a0\u00bb1_2&Prime; _builder_version=\u00a0\u00bb3.25&Prime; custom_padding=\u00a0\u00bb|||\u00a0\u00bb global_colors_info=\u00a0\u00bb{}\u00a0\u00bb custom_padding__hover=\u00a0\u00bb|||\u00a0\u00bb][et_pb_text admin_label=\u00a0\u00bbText\u00a0\u00bb _builder_version=\u00a0\u00bb3.27.4&Prime; background_size=\u00a0\u00bbinitial\u00a0\u00bb background_position=\u00a0\u00bbtop_left\u00a0\u00bb background_repeat=\u00a0\u00bbrepeat\u00a0\u00bb use_border_color=\u00a0\u00bboff\u00a0\u00bb border_color=\u00a0\u00bb#ffffff\u00a0\u00bb border_style=\u00a0\u00bbsolid\u00a0\u00bb global_colors_info=\u00a0\u00bb{}\u00a0\u00bb]<\/p>\n<h2>PI\u00c8CES TECHNIQUES<\/h2>\n<p><strong>Vaste offre de pi\u00e9ces techniques pour l&rsquo;automobile et les applications d&rsquo;ing\u00e9nierie.<\/strong><\/p>\n<p class=\"p1\">Pi\u00e8ces destin\u00e9es \u00e0 l\u2019ensemble du syst\u00e8me de direction (composants sous la norme \u00ab s\u00e9curit\u00e9 et r\u00e9glementation \u00bb) et de suspension du v\u00e9hicule, rotules de haute extrusion, creuses, avec r\u00e9duction du diam\u00e8tre en t\u00eate, bague sur la tige, hexagonale ou \u00ab Torx \u00bb \u00e0 son extr\u00e9mit\u00e9, etc.<\/p>\n<p class=\"p1\">\u00c9l\u00e9ments tubulaires destin\u00e9s au syst\u00e8me antivibration du v\u00e9hicule (amortisseur) ou comme \u00e9l\u00e9ments structurels du ch\u00e2ssis.<\/p>\n<p class=\"p1\">Pi\u00e8ces pour la colonne de direction du v\u00e9hicule (sous la norme \u00ab s\u00e9curit\u00e9 et r\u00e9glementation \u00bb), ainsi que pour le g\u00e9n\u00e9rateur ou le moteur \u00e9lectrique du v\u00e9hicule.<\/p>\n<p class=\"p1\">Composants con\u00e7us et fabriqu\u00e9s selon les conditions requises et les sp\u00e9cifications du client, destin\u00e9s aux applications avec des exigences techniques et fonctionnelles \u00e9lev\u00e9es.<\/p>\n<p>[\/et_pb_text][et_pb_toggle title=\u00a0\u00bbDIMENSIONNELLES \/ LIMITES\u00a0\u00bb admin_label=\u00a0\u00bbToggle\u00a0\u00bb _builder_version=\u00a0\u00bb3.0.87&Prime; title_text_color=\u00a0\u00bb#991e74&Prime; title_font_size=\u00a0\u00bb17&Prime; background_size=\u00a0\u00bbinitial\u00a0\u00bb background_position=\u00a0\u00bbtop_left\u00a0\u00bb background_repeat=\u00a0\u00bbrepeat\u00a0\u00bb title_font_size_tablet=\u00a0\u00bb16&Prime; title_font_size_phone=\u00a0\u00bb13&Prime; title_font_size_last_edited=\u00a0\u00bbon|desktop\u00a0\u00bb use_border_color=\u00a0\u00bboff\u00a0\u00bb border_color=\u00a0\u00bb#ffffff\u00a0\u00bb border_style=\u00a0\u00bbsolid\u00a0\u00bb global_colors_info=\u00a0\u00bb{}\u00a0\u00bb]<strong>Limites g\u00e9n\u00e9rales de pi\u00e8ces techniques<br \/>\n<\/strong>\u00c9paisseur minimum: 2 mm<br \/>\nDiam\u00e8tre de la tige entre: 10 mm &#8211; 43 mm<br \/>\nDiam\u00e8tre de la t\u00eate: max. 70 mm<br \/>\nLongueur entre : 12 mm &#8211; 215 mm<\/p>\n<p class=\"p1\"><strong>Poids approximatifs de notre gamme de pi\u00e8ces<br \/>\n<\/strong>Poids mini.: 65 gr.<br \/>\nPoids moyen: 300 gr.<br \/>\nPoids maxi.: 1.500 gr.<\/p>\n<p>[\/et_pb_toggle][\/et_pb_column][et_pb_column type=\u00a0\u00bb1_2&Prime; _builder_version=\u00a0\u00bb3.25&Prime; custom_padding=\u00a0\u00bb|||\u00a0\u00bb global_colors_info=\u00a0\u00bb{}\u00a0\u00bb custom_padding__hover=\u00a0\u00bb|||\u00a0\u00bb][et_pb_text admin_label=\u00a0\u00bbText\u00a0\u00bb _builder_version=\u00a0\u00bb3.27.4&Prime; background_size=\u00a0\u00bbinitial\u00a0\u00bb background_position=\u00a0\u00bbtop_left\u00a0\u00bb background_repeat=\u00a0\u00bbrepeat\u00a0\u00bb use_border_color=\u00a0\u00bboff\u00a0\u00bb border_color=\u00a0\u00bb#ffffff\u00a0\u00bb border_style=\u00a0\u00bbsolid\u00a0\u00bb global_colors_info=\u00a0\u00bb{}\u00a0\u00bb]<\/p>\n<h2>BOULONNERIE GALVANIS\u00c9E<\/h2>\n<p>La boulonnerie est un secteur caract\u00e9ristique et fondamental de notre offre. Elle est pr\u00e9sente dans une multitude de <strong>structures, ponts, pyl\u00f4nes \u00e9lectriques, parcs photovoltaiques et autoroutes,<\/strong> en Europe comme dans le reste du monde, comme r\u00e9f\u00e9rence la plus remarquable le mus\u00e9e <strong>Guggenheim de Bilbao,<\/strong> o\u00f9 environ 700.000 vis haute r\u00e9sistance (qualit\u00e9 10.9) forg\u00e9es par notre entreprise garantissent totalement sa solidit\u00e9.<br \/>\n[\/et_pb_text][et_pb_toggle title=\u00a0\u00bbDIMENSIONNELLES \/ LIMITES\u00a0\u00bb admin_label=\u00a0\u00bbToggle\u00a0\u00bb _builder_version=\u00a0\u00bb3.0.87&Prime; title_text_color=\u00a0\u00bb#991e74&Prime; title_font_size=\u00a0\u00bb17&Prime; background_size=\u00a0\u00bbinitial\u00a0\u00bb background_position=\u00a0\u00bbtop_left\u00a0\u00bb background_repeat=\u00a0\u00bbrepeat\u00a0\u00bb title_font_size_tablet=\u00a0\u00bb16&Prime; title_font_size_phone=\u00a0\u00bb13&Prime; title_font_size_last_edited=\u00a0\u00bbon|desktop\u00a0\u00bb use_border_color=\u00a0\u00bboff\u00a0\u00bb border_color=\u00a0\u00bb#ffffff\u00a0\u00bb border_style=\u00a0\u00bbsolid\u00a0\u00bb global_colors_info=\u00a0\u00bb{}\u00a0\u00bb]\u00d8 entre 12 mm et 33 mm<br \/>\n<span style=\"line-height: 1.7em;\">Longeur entre 30 et 215 mm<br \/>\n<\/span><span style=\"line-height: 1.7em;\">Qualit\u00e9 4.6 \u00e0 12.9<\/span><\/p>\n<p><strong>Normes:<br \/>\n<\/strong>Din 7990, 931, 933. UNE, ASTM<br \/>\nEN 14399, EN 15048 (Tecnalia)<br \/>\nNF (Asquer)<br \/>\n[\/et_pb_toggle][\/et_pb_column][\/et_pb_row][\/et_pb_section]<\/p>\n","protected":false},"excerpt":{"rendered":"<p>Boulonnerie galvanis\u00e9<\/p>\n","protected":false},"author":5,"featured_media":0,"parent":0,"menu_order":36,"comment_status":"closed","ping_status":"closed","template":"","meta":{"_et_pb_use_builder":"on","_et_pb_old_content":"<p>qweqweqwe<\/p>","_et_gb_content_width":"","footnotes":""},"class_list":["post-1751","page","type-page","status-publish","hentry"],"yoast_head":"<!-- This site is optimized with the Yoast SEO plugin v26.5 - https:\/\/yoast.com\/wordpress\/plugins\/seo\/ -->\n<title>Piezas t\u00e9cnicas y torniller\u00eda galvanizada | Jes\u00fas Onate S.A<\/title>\n<meta name=\"robots\" content=\"index, follow, max-snippet:-1, max-image-preview:large, max-video-preview:-1\" \/>\n<link rel=\"canonical\" href=\"https:\/\/jesusonate.com\/fr\/produits\/\" \/>\n<meta property=\"og:locale\" content=\"fr_FR\" \/>\n<meta property=\"og:type\" content=\"article\" \/>\n<meta property=\"og:title\" content=\"Piezas t\u00e9cnicas y torniller\u00eda galvanizada | Jes\u00fas Onate S.A\" \/>\n<meta property=\"og:description\" content=\"Boulonnerie galvanis\u00e9\" \/>\n<meta property=\"og:url\" content=\"https:\/\/jesusonate.com\/fr\/produits\/\" \/>\n<meta property=\"og:site_name\" content=\"Jes\u00fas Onate\" \/>\n<meta property=\"article:modified_time\" content=\"2022-04-04T12:36:02+00:00\" \/>\n<meta name=\"twitter:card\" content=\"summary_large_image\" \/>\n<meta name=\"twitter:label1\" content=\"Dur\u00e9e de lecture estim\u00e9e\" \/>\n\t<meta name=\"twitter:data1\" content=\"6 minutes\" \/>\n<script type=\"application\/ld+json\" class=\"yoast-schema-graph\">{\"@context\":\"https:\/\/schema.org\",\"@graph\":[{\"@type\":\"WebPage\",\"@id\":\"https:\/\/jesusonate.com\/fr\/produits\/\",\"url\":\"https:\/\/jesusonate.com\/fr\/produits\/\",\"name\":\"Piezas t\u00e9cnicas y torniller\u00eda galvanizada | Jes\u00fas Onate S.A\",\"isPartOf\":{\"@id\":\"https:\/\/jesusonate.com\/#website\"},\"datePublished\":\"2016-11-24T07:58:31+00:00\",\"dateModified\":\"2022-04-04T12:36:02+00:00\",\"breadcrumb\":{\"@id\":\"https:\/\/jesusonate.com\/fr\/produits\/#breadcrumb\"},\"inLanguage\":\"fr-FR\",\"potentialAction\":[{\"@type\":\"ReadAction\",\"target\":[\"https:\/\/jesusonate.com\/fr\/produits\/\"]}]},{\"@type\":\"BreadcrumbList\",\"@id\":\"https:\/\/jesusonate.com\/fr\/produits\/#breadcrumb\",\"itemListElement\":[{\"@type\":\"ListItem\",\"position\":1,\"name\":\"Home\",\"item\":\"https:\/\/jesusonate.com\/fr\/\"},{\"@type\":\"ListItem\",\"position\":2,\"name\":\"Produits\"}]},{\"@type\":\"WebSite\",\"@id\":\"https:\/\/jesusonate.com\/#website\",\"url\":\"https:\/\/jesusonate.com\/\",\"name\":\"Jes\u00fas Onate\",\"description\":\"Entreprise de forgeage \u00e0 froid et d&#039;usinage CNC | J\u00e9sus Onate S.A.\",\"publisher\":{\"@id\":\"https:\/\/jesusonate.com\/#organization\"},\"potentialAction\":[{\"@type\":\"SearchAction\",\"target\":{\"@type\":\"EntryPoint\",\"urlTemplate\":\"https:\/\/jesusonate.com\/?s={search_term_string}\"},\"query-input\":{\"@type\":\"PropertyValueSpecification\",\"valueRequired\":true,\"valueName\":\"search_term_string\"}}],\"inLanguage\":\"fr-FR\"},{\"@type\":\"Organization\",\"@id\":\"https:\/\/jesusonate.com\/#organization\",\"name\":\"Jes\u00fas Onate\",\"url\":\"https:\/\/jesusonate.com\/\",\"logo\":{\"@type\":\"ImageObject\",\"inLanguage\":\"fr-FR\",\"@id\":\"https:\/\/jesusonate.com\/#\/schema\/logo\/image\/\",\"url\":\"https:\/\/jesusonate.com\/wp-content\/uploads\/logo-onate-3.png\",\"contentUrl\":\"https:\/\/jesusonate.com\/wp-content\/uploads\/logo-onate-3.png\",\"width\":225,\"height\":45,\"caption\":\"Jes\u00fas Onate\"},\"image\":{\"@id\":\"https:\/\/jesusonate.com\/#\/schema\/logo\/image\/\"}}]}<\/script>\n<!-- \/ Yoast SEO plugin. -->","yoast_head_json":{"title":"Piezas t\u00e9cnicas y torniller\u00eda galvanizada | Jes\u00fas Onate S.A","robots":{"index":"index","follow":"follow","max-snippet":"max-snippet:-1","max-image-preview":"max-image-preview:large","max-video-preview":"max-video-preview:-1"},"canonical":"https:\/\/jesusonate.com\/fr\/produits\/","og_locale":"fr_FR","og_type":"article","og_title":"Piezas t\u00e9cnicas y torniller\u00eda galvanizada | Jes\u00fas Onate S.A","og_description":"Boulonnerie galvanis\u00e9","og_url":"https:\/\/jesusonate.com\/fr\/produits\/","og_site_name":"Jes\u00fas Onate","article_modified_time":"2022-04-04T12:36:02+00:00","twitter_card":"summary_large_image","twitter_misc":{"Dur\u00e9e de lecture estim\u00e9e":"6 minutes"},"schema":{"@context":"https:\/\/schema.org","@graph":[{"@type":"WebPage","@id":"https:\/\/jesusonate.com\/fr\/produits\/","url":"https:\/\/jesusonate.com\/fr\/produits\/","name":"Piezas t\u00e9cnicas y torniller\u00eda galvanizada | Jes\u00fas Onate S.A","isPartOf":{"@id":"https:\/\/jesusonate.com\/#website"},"datePublished":"2016-11-24T07:58:31+00:00","dateModified":"2022-04-04T12:36:02+00:00","breadcrumb":{"@id":"https:\/\/jesusonate.com\/fr\/produits\/#breadcrumb"},"inLanguage":"fr-FR","potentialAction":[{"@type":"ReadAction","target":["https:\/\/jesusonate.com\/fr\/produits\/"]}]},{"@type":"BreadcrumbList","@id":"https:\/\/jesusonate.com\/fr\/produits\/#breadcrumb","itemListElement":[{"@type":"ListItem","position":1,"name":"Home","item":"https:\/\/jesusonate.com\/fr\/"},{"@type":"ListItem","position":2,"name":"Produits"}]},{"@type":"WebSite","@id":"https:\/\/jesusonate.com\/#website","url":"https:\/\/jesusonate.com\/","name":"Jes\u00fas Onate","description":"Entreprise de forgeage \u00e0 froid et d&#039;usinage CNC | J\u00e9sus Onate S.A.","publisher":{"@id":"https:\/\/jesusonate.com\/#organization"},"potentialAction":[{"@type":"SearchAction","target":{"@type":"EntryPoint","urlTemplate":"https:\/\/jesusonate.com\/?s={search_term_string}"},"query-input":{"@type":"PropertyValueSpecification","valueRequired":true,"valueName":"search_term_string"}}],"inLanguage":"fr-FR"},{"@type":"Organization","@id":"https:\/\/jesusonate.com\/#organization","name":"Jes\u00fas Onate","url":"https:\/\/jesusonate.com\/","logo":{"@type":"ImageObject","inLanguage":"fr-FR","@id":"https:\/\/jesusonate.com\/#\/schema\/logo\/image\/","url":"https:\/\/jesusonate.com\/wp-content\/uploads\/logo-onate-3.png","contentUrl":"https:\/\/jesusonate.com\/wp-content\/uploads\/logo-onate-3.png","width":225,"height":45,"caption":"Jes\u00fas Onate"},"image":{"@id":"https:\/\/jesusonate.com\/#\/schema\/logo\/image\/"}}]}},"_links":{"self":[{"href":"https:\/\/jesusonate.com\/fr\/wp-json\/wp\/v2\/pages\/1751\/"}],"collection":[{"href":"https:\/\/jesusonate.com\/fr\/wp-json\/wp\/v2\/pages\/"}],"about":[{"href":"https:\/\/jesusonate.com\/fr\/wp-json\/wp\/v2\/types\/page\/"}],"author":[{"embeddable":true,"href":"https:\/\/jesusonate.com\/fr\/wp-json\/wp\/v2\/users\/5\/"}],"replies":[{"embeddable":true,"href":"https:\/\/jesusonate.com\/fr\/wp-json\/wp\/v2\/comments\/?post=1751"}],"version-history":[{"count":6,"href":"https:\/\/jesusonate.com\/fr\/wp-json\/wp\/v2\/pages\/1751\/revisions\/"}],"predecessor-version":[{"id":3799,"href":"https:\/\/jesusonate.com\/fr\/wp-json\/wp\/v2\/pages\/1751\/revisions\/3799\/"}],"wp:attachment":[{"href":"https:\/\/jesusonate.com\/fr\/wp-json\/wp\/v2\/media\/?parent=1751"}],"curies":[{"name":"wp","href":"https:\/\/api.w.org\/{rel}","templated":true}]}}