{"id":2173,"date":"2017-01-05T18:50:14","date_gmt":"2017-01-05T18:50:14","guid":{"rendered":"https:\/\/onate.guremedia.com\/?page_id=2173\/"},"modified":"2020-10-23T10:10:20","modified_gmt":"2020-10-23T09:10:20","slug":"politique-des-cookies","status":"publish","type":"page","link":"https:\/\/jesusonate.com\/fr\/politique-des-cookies\/","title":{"rendered":"Politique d\u2019utilisation de Cookies"},"content":{"rendered":"<p>[et_pb_section bb_built=\u00a0\u00bb1&Prime; admin_label=\u00a0\u00bbsection\u00a0\u00bb][et_pb_row admin_label=\u00a0\u00bbrow\u00a0\u00bb background_position=\u00a0\u00bbtop_left\u00a0\u00bb background_repeat=\u00a0\u00bbrepeat\u00a0\u00bb background_size=\u00a0\u00bbinitial\u00a0\u00bb][et_pb_column type=\u00a0\u00bb4_4&Prime;][et_pb_text admin_label=\u00a0\u00bbText\u00a0\u00bb background_layout=\u00a0\u00bblight\u00a0\u00bb text_orientation=\u00a0\u00bbleft\u00a0\u00bb use_border_color=\u00a0\u00bboff\u00a0\u00bb border_color=\u00a0\u00bb#ffffff\u00a0\u00bb border_style=\u00a0\u00bbsolid\u00a0\u00bb custom_margin=\u00a0\u00bb||0px|\u00a0\u00bb background_position=\u00a0\u00bbtop_left\u00a0\u00bb background_repeat=\u00a0\u00bbrepeat\u00a0\u00bb background_size=\u00a0\u00bbinitial\u00a0\u00bb]<\/p>\n<h2>Politique d\u2019utilisation de Cookies<\/h2>\n<p>[\/et_pb_text][et_pb_divider admin_label=\u00a0\u00bbDivider\u00a0\u00bb color=\u00a0\u00bb#7a7a7a\u00a0\u00bb show_divider=\u00a0\u00bbon\u00a0\u00bb divider_style=\u00a0\u00bbdotted\u00a0\u00bb divider_position=\u00a0\u00bbtop\u00a0\u00bb hide_on_mobile=\u00a0\u00bboff\u00a0\u00bb _builder_version=\u00a0\u00bb3.19.18&Prime;]<\/p>\n<p>[\/et_pb_divider][\/et_pb_column][\/et_pb_row][et_pb_row admin_label=\u00a0\u00bbRow\u00a0\u00bb background_position=\u00a0\u00bbtop_left\u00a0\u00bb background_repeat=\u00a0\u00bbrepeat\u00a0\u00bb background_size=\u00a0\u00bbinitial\u00a0\u00bb][et_pb_column type=\u00a0\u00bb4_4&Prime;][et_pb_text admin_label=\u00a0\u00bbText\u00a0\u00bb use_border_color=\u00a0\u00bboff\u00a0\u00bb custom_margin=\u00a0\u00bb0px||10px|\u00a0\u00bb custom_margin_phone=\u00a0\u00bb0px||0px|\u00a0\u00bb custom_margin_last_edited=\u00a0\u00bbon|desktop\u00a0\u00bb custom_padding=\u00a0\u00bb0px||10px|\u00a0\u00bb background_position=\u00a0\u00bbtop_left\u00a0\u00bb background_repeat=\u00a0\u00bbrepeat\u00a0\u00bb background_size=\u00a0\u00bbinitial\u00a0\u00bb _builder_version=\u00a0\u00bb3.19.18&Prime;]<\/p>\n<p>Sur notre site Internet, nous utilisons des cookies pour am\u00e9liorer nos prestations \u00e0 l\u2019utilisateur. En navigant sur notre site, vous acceptez l\u2019utilisation des cookies sous les conditions \u00e9tablies dans cette Politique d\u2019Utilisation des Cookies. Cette politique \u00e9tant soumise \u00e0 des mises \u00e0 jour, nous vous invitons \u00e0 la r\u00e9viser r\u00e9guli\u00e8rement.<\/p>\n<p>\u00a0<\/p>\n<h3>Que sont les cookies et \u00e0 quoi servent-ils?<\/h3>\n<p>Les cookies sont des petits fichiers qui s\u2019installent sur l\u2019ordinateur ou sur le dispositif pendant la navigation sur les sites Internet\/applications afin de conserver un registre de vos pr\u00e9f\u00e9rences et les rappeler lors d&rsquo;une prochaine visite. Leur objectif est de faciliter aux internautes l\u2019utilisation et la navigation sur le site.<\/p>\n<p>\u00a0<\/p>\n<h3>Comment utilisons-nous les cookies?<\/h3>\n<p>La navigation sur le site Internet implique l\u2019installation, \u00e9ventuellement, des types de cookies suivants:<\/p>\n<p><strong>Cookies indispensables<\/strong><br \/>Ils sont strictement indispensables au fonctionnement d\u2019un site Internet ; autrement dit, sans eux, un site Internet ne peut pas fonctionner correctement. Dans ce cas, nous ne vous demandons donc pas votre consentement explicite pour les utiliser.<\/p>\n<p><strong>Cookies fonctionnels<\/strong><br \/>Ils servent \u00e0 am\u00e9liorer la fonctionnalit\u00e9 du site Internet. Ce sont par exemple les cookies qui rappellent les contenus que vous avez visualis\u00e9s ant\u00e9rieurement sur ce site ou l\u2019adresse de courrier \u00e9lectronique et le mot de passe fournis lors d\u2019une inscription au cours d\u2019une visite ant\u00e9rieure.<\/p>\n<p><strong>Cookies analytiques propres ou de tiers<\/strong>\u00a0(__utma, __utmb, __utmc, __utmz):<br \/>Ces cookies nous fournissent des informations statistiques sur l\u2019utilisation que font les utilisateurs du portail. Ces cookies ne permettent pas d\u2019identifier l\u2019utilisateur puisque l\u2019information recueillie est anonyme et sera uniquement utilis\u00e9e pour am\u00e9liorer les pages du site et la navigation sur le portail, pour conna\u00eetre les statistiques d\u2019utilisation, la vitesse des recherches, la mesure de l\u2019activit\u00e9 du site Internet, etc. Ce site Internet utilise l\u2019outil gratuit d\u2019analyse de Google Analytics. Si vous souhaitez en savoir davantage, vous pouvez vous informer ici: <a href=\"https:\/\/developers.google.com\/analytics\/devguides\/collection\/analyticsjs\/cookie-usage\">https:\/\/developers.google.com\/analytics\/devguides\/collection\/analyticsjs\/cookie-usage<\/a><\/p>\n<p>\u00a0<\/p>\n<h3>Comment pouvez-vous \u00e9viter l\u2019installation des cookies?<\/h3>\n<p>Vous avez la possibilit\u00e9 de permettre, bloquer ou \u00e9liminer l\u2019installation des cookies sur votre \u00e9quipement en configurant les options de votre navigateur Internet. Si vous les bloquez, il est possible que certains services exigeant leur usage ne soient pas disponibles. Nous vous proposons ci-apr\u00e8s quelques liens pour vous informer sur la mani\u00e8re d\u2019activer vos pr\u00e9f\u00e9rences des principaux navigateurs.<\/p>\n<p>Cookies Firefox: <a href=\"https:\/\/support.mozilla.org\/es\/kb\/cookies-informacion-que-los-sitios-web-guardan-en-\">https:\/\/support.mozilla.org\/es\/kb\/cookies-informacion-que-los-sitios-web-guardan-en-<br class=\"kix-line-break\" \/><\/a>Cookies Chrome: <a href=\"https:\/\/support.google.com\/chrome\/answer\/95647?hl=es\">https:\/\/support.google.com\/chrome\/answer\/95647?hl=es<br class=\"kix-line-break\" \/><\/a>Cookies IExplorer: <a href=\"http:\/\/windows.microsoft.com\/es-xl\/internet-explorer\/delete-manage-cookies\">http:\/\/windows.microsoft.com\/es-xl\/internet-explorer\/delete-manage-cookies<br class=\"kix-line-break\" \/><\/a>Cookies Safari: <a href=\"http:\/\/support.apple.com\/kb\/ph5042\">http:\/\/support.apple.com\/kb\/ph5042<br class=\"kix-line-break\" \/><\/a>Cookies Opera: <a href=\"http:\/\/help.opera.com\/Linux\/10.60\/es-ES\/cookies.html\">http:\/\/help.opera.com\/Linux\/10.60\/es-ES\/cookies.html<\/a><\/p>\n<h3>\u00a0<\/h3>\n<h3>Quel type de cookies utilisons-nous sur ce site Web?<\/h3>\n<p>\u00a0<\/p>\n<table>\n<tbody>\n<tr>\n<td width=\"168\">\n<p>NOMBRE<\/p>\n<p>\u00a0<\/p>\n<\/td>\n<td width=\"104\">\n<p>PROPIETARIO<\/p>\n<\/td>\n<td width=\"104\">\n<p>DURACI\u00d3N<\/p>\n<\/td>\n<td width=\"206\">\n<p>+ INFO<\/p>\n<\/td>\n<\/tr>\n<tr>\n<td width=\"168\">\n<p>wp-settings-time<\/p>\n<\/td>\n<td width=\"104\">\n<p>Propia<\/p>\n<\/td>\n<td width=\"104\">\n<p>1 a\u00f1o<\/p>\n<\/td>\n<td width=\"206\">\n<p>T\u00e9cnica. WP<\/p>\n<\/td>\n<\/tr>\n<tr>\n<td width=\"168\">\n<p>wp-settings<\/p>\n<\/td>\n<td width=\"104\">\n<p>Propia<\/p>\n<\/td>\n<td width=\"104\">\n<p>1 a\u00f1o<\/p>\n<\/td>\n<td width=\"206\">\n<p>T\u00e9cnica. WP<\/p>\n<\/td>\n<\/tr>\n<tr>\n<td width=\"168\">\n<p>wordpress_sec<\/p>\n<\/td>\n<td width=\"104\">\n<p>Propia<\/p>\n<\/td>\n<td width=\"104\">\n<p>Sesi\u00f3n<\/p>\n<\/td>\n<td width=\"206\">\n<p>T\u00e9cnica. WP<\/p>\n<\/td>\n<\/tr>\n<tr>\n<td width=\"168\">\n<p>wordpress_logged_in<\/p>\n<\/td>\n<td width=\"104\">\n<p>Propia<\/p>\n<\/td>\n<td width=\"104\">\n<p>Sesi\u00f3n<\/p>\n<\/td>\n<td width=\"206\">\n<p>T\u00e9cnica. WP<\/p>\n<\/td>\n<\/tr>\n<tr>\n<td width=\"168\">\n<p>euCookie<\/p>\n<\/td>\n<td width=\"104\">\n<p>Propia<\/p>\n<\/td>\n<td width=\"104\">\n<p>Sesi\u00f3n<\/p>\n<\/td>\n<td width=\"206\">\n<p>Plugin WP<\/p>\n<\/td>\n<\/tr>\n<tr>\n<td width=\"168\">\n<p>et-editor-available-post<\/p>\n<\/td>\n<td width=\"104\">\n<p>Propia<\/p>\n<\/td>\n<td width=\"104\">\n<p>Sesi\u00f3n<\/p>\n<\/td>\n<td width=\"206\">\n<p>Fin de sesi\u00f3n WP<\/p>\n<\/td>\n<\/tr>\n<tr>\n<td width=\"168\">\n<p>_icl_current_language<\/p>\n<\/td>\n<td width=\"104\">\n<p>Propia<\/p>\n<\/td>\n<td width=\"104\">\n<p>24 horas<\/p>\n<\/td>\n<td width=\"206\">\n<p>WPML<\/p>\n<\/td>\n<\/tr>\n<tr>\n<td width=\"168\">\n<p>_icl_current_admin_language<\/p>\n<\/td>\n<td width=\"104\">\n<p>Propia<\/p>\n<\/td>\n<td width=\"104\">\n<p>24 horas<\/p>\n<\/td>\n<td width=\"206\">\n<p>WPML<\/p>\n<\/td>\n<\/tr>\n<tr>\n<td width=\"168\">\n<p>_gid<\/p>\n<\/td>\n<td width=\"104\">\n<p>De terceros<\/p>\n<\/td>\n<td width=\"104\">\n<p>24 horas<\/p>\n<\/td>\n<td width=\"206\">\n<p>Google Analytics<\/p>\n<\/td>\n<\/tr>\n<tr>\n<td width=\"168\">\n<p>_ga<\/p>\n<\/td>\n<td width=\"104\">\n<p>De terceros<\/p>\n<\/td>\n<td width=\"104\">\n<p>2 a\u00f1os<\/p>\n<\/td>\n<td width=\"206\">\n<p>Google Analytics<\/p>\n<\/td>\n<\/tr>\n<tr>\n<td width=\"168\">\n<p>PHPSESSID<\/p>\n<\/td>\n<td width=\"104\">\n<p>Propia<\/p>\n<\/td>\n<td width=\"104\">\n<p>Sesi\u00f3n<\/p>\n<\/td>\n<td width=\"206\">\n<p>PHP<\/p>\n<\/td>\n<\/tr>\n<\/tbody>\n<\/table>\n<p>\u00a0<\/p>\n<p>[\/et_pb_text][et_pb_divider admin_label=\u00a0\u00bbDivider\u00a0\u00bb color=\u00a0\u00bb#7a7a7a\u00a0\u00bb show_divider=\u00a0\u00bbon\u00a0\u00bb divider_style=\u00a0\u00bbdotted\u00a0\u00bb divider_position=\u00a0\u00bbbottom\u00a0\u00bb hide_on_mobile=\u00a0\u00bboff\u00a0\u00bb]<\/p>\n<p>[\/et_pb_divider][\/et_pb_column][\/et_pb_row][\/et_pb_section]<\/p>\n","protected":false},"excerpt":{"rendered":"<p>Politique d\u2019utilisation de Cookies Sur notre site Internet, nous utilisons des cookies pour am\u00e9liorer nos prestations \u00e0 l\u2019utilisateur. En navigant sur notre site, vous acceptez l\u2019utilisation des cookies sous les conditions \u00e9tablies dans cette Politique d\u2019Utilisation des Cookies. Cette politique \u00e9tant soumise \u00e0 des mises \u00e0 jour, nous vous invitons \u00e0 la r\u00e9viser r\u00e9guli\u00e8rement.\u00a0Que sont [&hellip;]<\/p>\n","protected":false},"author":5,"featured_media":0,"parent":0,"menu_order":12,"comment_status":"closed","ping_status":"closed","template":"","meta":{"_et_pb_use_builder":"on","_et_pb_old_content":"","_et_gb_content_width":"","footnotes":""},"class_list":["post-2173","page","type-page","status-publish","hentry"],"yoast_head":"<!-- This site is optimized with the Yoast SEO plugin v26.5 - https:\/\/yoast.com\/wordpress\/plugins\/seo\/ -->\n<title>Politique d\u2019utilisation de Cookies ~ Jes\u00fas Onate<\/title>\n<meta name=\"robots\" content=\"index, follow, max-snippet:-1, max-image-preview:large, max-video-preview:-1\" \/>\n<link rel=\"canonical\" href=\"https:\/\/jesusonate.fr\/politique-des-cookies\/\" \/>\n<meta property=\"og:locale\" content=\"fr_FR\" \/>\n<meta property=\"og:type\" content=\"article\" \/>\n<meta property=\"og:title\" content=\"Politique d\u2019utilisation de Cookies ~ Jes\u00fas Onate\" \/>\n<meta property=\"og:description\" content=\"Politique d\u2019utilisation de Cookies Sur notre site Internet, nous utilisons des cookies pour am\u00e9liorer nos prestations \u00e0 l\u2019utilisateur. En navigant sur notre site, vous acceptez l\u2019utilisation des cookies sous les conditions \u00e9tablies dans cette Politique d\u2019Utilisation des Cookies. Cette politique \u00e9tant soumise \u00e0 des mises \u00e0 jour, nous vous invitons \u00e0 la r\u00e9viser r\u00e9guli\u00e8rement.\u00a0Que sont [&hellip;]\" \/>\n<meta property=\"og:url\" content=\"https:\/\/jesusonate.fr\/politique-des-cookies\/\" \/>\n<meta property=\"og:site_name\" content=\"Jes\u00fas Onate\" \/>\n<meta property=\"article:modified_time\" content=\"2020-10-23T09:10:20+00:00\" \/>\n<meta name=\"twitter:card\" content=\"summary_large_image\" \/>\n<meta name=\"twitter:label1\" content=\"Dur\u00e9e de lecture estim\u00e9e\" \/>\n\t<meta name=\"twitter:data1\" content=\"4 minutes\" \/>\n<script type=\"application\/ld+json\" class=\"yoast-schema-graph\">{\"@context\":\"https:\/\/schema.org\",\"@graph\":[{\"@type\":\"WebPage\",\"@id\":\"https:\/\/jesusonate.fr\/politique-des-cookies\/\",\"url\":\"https:\/\/jesusonate.fr\/politique-des-cookies\/\",\"name\":\"Politique d\u2019utilisation de Cookies ~ Jes\u00fas Onate\",\"isPartOf\":{\"@id\":\"https:\/\/jesusonate.com\/#website\"},\"datePublished\":\"2017-01-05T18:50:14+00:00\",\"dateModified\":\"2020-10-23T09:10:20+00:00\",\"breadcrumb\":{\"@id\":\"https:\/\/jesusonate.fr\/politique-des-cookies\/#breadcrumb\"},\"inLanguage\":\"fr-FR\",\"potentialAction\":[{\"@type\":\"ReadAction\",\"target\":[\"https:\/\/jesusonate.fr\/politique-des-cookies\/\"]}]},{\"@type\":\"BreadcrumbList\",\"@id\":\"https:\/\/jesusonate.fr\/politique-des-cookies\/#breadcrumb\",\"itemListElement\":[{\"@type\":\"ListItem\",\"position\":1,\"name\":\"Home\",\"item\":\"https:\/\/jesusonate.com\/fr\/\"},{\"@type\":\"ListItem\",\"position\":2,\"name\":\"Politique d\u2019utilisation de Cookies\"}]},{\"@type\":\"WebSite\",\"@id\":\"https:\/\/jesusonate.com\/#website\",\"url\":\"https:\/\/jesusonate.com\/\",\"name\":\"Jes\u00fas Onate\",\"description\":\"Entreprise de forgeage \u00e0 froid et d&#039;usinage CNC | J\u00e9sus Onate S.A.\",\"publisher\":{\"@id\":\"https:\/\/jesusonate.com\/#organization\"},\"potentialAction\":[{\"@type\":\"SearchAction\",\"target\":{\"@type\":\"EntryPoint\",\"urlTemplate\":\"https:\/\/jesusonate.com\/?s={search_term_string}\"},\"query-input\":{\"@type\":\"PropertyValueSpecification\",\"valueRequired\":true,\"valueName\":\"search_term_string\"}}],\"inLanguage\":\"fr-FR\"},{\"@type\":\"Organization\",\"@id\":\"https:\/\/jesusonate.com\/#organization\",\"name\":\"Jes\u00fas Onate\",\"url\":\"https:\/\/jesusonate.com\/\",\"logo\":{\"@type\":\"ImageObject\",\"inLanguage\":\"fr-FR\",\"@id\":\"https:\/\/jesusonate.com\/#\/schema\/logo\/image\/\",\"url\":\"https:\/\/jesusonate.com\/wp-content\/uploads\/logo-onate-3.png\",\"contentUrl\":\"https:\/\/jesusonate.com\/wp-content\/uploads\/logo-onate-3.png\",\"width\":225,\"height\":45,\"caption\":\"Jes\u00fas Onate\"},\"image\":{\"@id\":\"https:\/\/jesusonate.com\/#\/schema\/logo\/image\/\"}}]}<\/script>\n<!-- \/ Yoast SEO plugin. -->","yoast_head_json":{"title":"Politique d\u2019utilisation de Cookies ~ Jes\u00fas Onate","robots":{"index":"index","follow":"follow","max-snippet":"max-snippet:-1","max-image-preview":"max-image-preview:large","max-video-preview":"max-video-preview:-1"},"canonical":"https:\/\/jesusonate.fr\/politique-des-cookies\/","og_locale":"fr_FR","og_type":"article","og_title":"Politique d\u2019utilisation de Cookies ~ Jes\u00fas Onate","og_description":"Politique d\u2019utilisation de Cookies Sur notre site Internet, nous utilisons des cookies pour am\u00e9liorer nos prestations \u00e0 l\u2019utilisateur. En navigant sur notre site, vous acceptez l\u2019utilisation des cookies sous les conditions \u00e9tablies dans cette Politique d\u2019Utilisation des Cookies. Cette politique \u00e9tant soumise \u00e0 des mises \u00e0 jour, nous vous invitons \u00e0 la r\u00e9viser r\u00e9guli\u00e8rement.\u00a0Que sont [&hellip;]","og_url":"https:\/\/jesusonate.fr\/politique-des-cookies\/","og_site_name":"Jes\u00fas Onate","article_modified_time":"2020-10-23T09:10:20+00:00","twitter_card":"summary_large_image","twitter_misc":{"Dur\u00e9e de lecture estim\u00e9e":"4 minutes"},"schema":{"@context":"https:\/\/schema.org","@graph":[{"@type":"WebPage","@id":"https:\/\/jesusonate.fr\/politique-des-cookies\/","url":"https:\/\/jesusonate.fr\/politique-des-cookies\/","name":"Politique d\u2019utilisation de Cookies ~ Jes\u00fas Onate","isPartOf":{"@id":"https:\/\/jesusonate.com\/#website"},"datePublished":"2017-01-05T18:50:14+00:00","dateModified":"2020-10-23T09:10:20+00:00","breadcrumb":{"@id":"https:\/\/jesusonate.fr\/politique-des-cookies\/#breadcrumb"},"inLanguage":"fr-FR","potentialAction":[{"@type":"ReadAction","target":["https:\/\/jesusonate.fr\/politique-des-cookies\/"]}]},{"@type":"BreadcrumbList","@id":"https:\/\/jesusonate.fr\/politique-des-cookies\/#breadcrumb","itemListElement":[{"@type":"ListItem","position":1,"name":"Home","item":"https:\/\/jesusonate.com\/fr\/"},{"@type":"ListItem","position":2,"name":"Politique d\u2019utilisation de Cookies"}]},{"@type":"WebSite","@id":"https:\/\/jesusonate.com\/#website","url":"https:\/\/jesusonate.com\/","name":"Jes\u00fas Onate","description":"Entreprise de forgeage \u00e0 froid et d&#039;usinage CNC | J\u00e9sus Onate S.A.","publisher":{"@id":"https:\/\/jesusonate.com\/#organization"},"potentialAction":[{"@type":"SearchAction","target":{"@type":"EntryPoint","urlTemplate":"https:\/\/jesusonate.com\/?s={search_term_string}"},"query-input":{"@type":"PropertyValueSpecification","valueRequired":true,"valueName":"search_term_string"}}],"inLanguage":"fr-FR"},{"@type":"Organization","@id":"https:\/\/jesusonate.com\/#organization","name":"Jes\u00fas Onate","url":"https:\/\/jesusonate.com\/","logo":{"@type":"ImageObject","inLanguage":"fr-FR","@id":"https:\/\/jesusonate.com\/#\/schema\/logo\/image\/","url":"https:\/\/jesusonate.com\/wp-content\/uploads\/logo-onate-3.png","contentUrl":"https:\/\/jesusonate.com\/wp-content\/uploads\/logo-onate-3.png","width":225,"height":45,"caption":"Jes\u00fas Onate"},"image":{"@id":"https:\/\/jesusonate.com\/#\/schema\/logo\/image\/"}}]}},"_links":{"self":[{"href":"https:\/\/jesusonate.com\/fr\/wp-json\/wp\/v2\/pages\/2173\/"}],"collection":[{"href":"https:\/\/jesusonate.com\/fr\/wp-json\/wp\/v2\/pages\/"}],"about":[{"href":"https:\/\/jesusonate.com\/fr\/wp-json\/wp\/v2\/types\/page\/"}],"author":[{"embeddable":true,"href":"https:\/\/jesusonate.com\/fr\/wp-json\/wp\/v2\/users\/5\/"}],"replies":[{"embeddable":true,"href":"https:\/\/jesusonate.com\/fr\/wp-json\/wp\/v2\/comments\/?post=2173"}],"version-history":[{"count":4,"href":"https:\/\/jesusonate.com\/fr\/wp-json\/wp\/v2\/pages\/2173\/revisions\/"}],"predecessor-version":[{"id":3625,"href":"https:\/\/jesusonate.com\/fr\/wp-json\/wp\/v2\/pages\/2173\/revisions\/3625\/"}],"wp:attachment":[{"href":"https:\/\/jesusonate.com\/fr\/wp-json\/wp\/v2\/media\/?parent=2173"}],"curies":[{"name":"wp","href":"https:\/\/api.w.org\/{rel}","templated":true}]}}