{"id":3499,"date":"2019-11-13T13:56:52","date_gmt":"2019-11-13T12:56:52","guid":{"rendered":"https:\/\/onate.guremedia.com\/?page_id=3499"},"modified":"2022-11-21T10:51:20","modified_gmt":"2022-11-21T09:51:20","slug":"code-dethique","status":"publish","type":"page","link":"https:\/\/jesusonate.com\/fr\/code-dethique\/","title":{"rendered":"Code d&rsquo;\u00e9thique"},"content":{"rendered":"<p>[et_pb_section fb_built=\u00a0\u00bb1&Prime; _builder_version=\u00a0\u00bb3.22&Prime; global_colors_info=\u00a0\u00bb{}\u00a0\u00bb][et_pb_row _builder_version=\u00a0\u00bb3.25&Prime; background_size=\u00a0\u00bbinitial\u00a0\u00bb background_position=\u00a0\u00bbtop_left\u00a0\u00bb background_repeat=\u00a0\u00bbrepeat\u00a0\u00bb global_colors_info=\u00a0\u00bb{}\u00a0\u00bb][et_pb_column type=\u00a0\u00bb4_4&Prime; _builder_version=\u00a0\u00bb3.25&Prime; custom_padding=\u00a0\u00bb|||\u00a0\u00bb global_colors_info=\u00a0\u00bb{}\u00a0\u00bb custom_padding__hover=\u00a0\u00bb|||\u00a0\u00bb][et_pb_text _builder_version=\u00a0\u00bb4.14.4&Prime; hover_enabled=\u00a0\u00bb0&Prime; global_colors_info=\u00a0\u00bb{}\u00a0\u00bb sticky_enabled=\u00a0\u00bb0&Prime;]<\/p>\n<h1>CODE D\u00b4ETHIQUE<\/h1>\n<p>Jesus O\u00f1ate is firmly committed to comply with all applicable laws and regulations. It has therefore established a Criminal Crime Prevention System in the Company (Compliance), whose visible face to the outside is the authorization of a Complaint Channel that is accessed by clicking here:<\/p>\n<p><a href=\"https:\/\/channel.globalsuitesolutions.com\/jesusonate\" target=\"_blank\" rel=\"noopener noreferrer\">https:\/\/channel.globalsuitesolutions.com\/jesusonate<\/a><\/p>\n<p>Through this channel, complaints about possible criminal offences within the company can be communicated, even anonymously. This channel guarantees the confidentiality and non violation of the information being filtered, analysed and treated by third-party specialists outside the company, in order to preserve the impartiality of the procedure.<\/p>\n<p>[\/et_pb_text][\/et_pb_column][\/et_pb_row][\/et_pb_section]<\/p>\n","protected":false},"excerpt":{"rendered":"<p>CODE D\u00b4ETHIQUEJesus O\u00f1ate is firmly committed to comply with all applicable laws and regulations. It has therefore established a Criminal Crime Prevention System in the Company (Compliance), whose visible face to the outside is the authorization of a Complaint Channel that is accessed by clicking here:https:\/\/channel.globalsuitesolutions.com\/jesusonateThrough this channel, complaints about possible criminal offences within the [&hellip;]<\/p>\n","protected":false},"author":5,"featured_media":0,"parent":0,"menu_order":0,"comment_status":"closed","ping_status":"closed","template":"","meta":{"_et_pb_use_builder":"on","_et_pb_old_content":"","_et_gb_content_width":"","footnotes":""},"class_list":["post-3499","page","type-page","status-publish","hentry"],"yoast_head":"<!-- This site is optimized with the Yoast SEO plugin v26.5 - https:\/\/yoast.com\/wordpress\/plugins\/seo\/ -->\n<title>Code d&#039;\u00e9thique ~ Jes\u00fas Onate<\/title>\n<meta name=\"robots\" content=\"index, follow, max-snippet:-1, max-image-preview:large, max-video-preview:-1\" \/>\n<link rel=\"canonical\" href=\"https:\/\/jesusonate.com\/fr\/code-dethique\/\" \/>\n<meta property=\"og:locale\" content=\"fr_FR\" \/>\n<meta property=\"og:type\" content=\"article\" \/>\n<meta property=\"og:title\" content=\"Code d&#039;\u00e9thique ~ Jes\u00fas Onate\" \/>\n<meta property=\"og:description\" content=\"CODE D\u00b4ETHIQUEJesus O\u00f1ate is firmly committed to comply with all applicable laws and regulations. It has therefore established a Criminal Crime Prevention System in the Company (Compliance), whose visible face to the outside is the authorization of a Complaint Channel that is accessed by clicking here:https:\/\/channel.globalsuitesolutions.com\/jesusonateThrough this channel, complaints about possible criminal offences within the [&hellip;]\" \/>\n<meta property=\"og:url\" content=\"https:\/\/jesusonate.com\/fr\/code-dethique\/\" \/>\n<meta property=\"og:site_name\" content=\"Jes\u00fas Onate\" \/>\n<meta property=\"article:modified_time\" content=\"2022-11-21T09:51:20+00:00\" \/>\n<meta name=\"twitter:card\" content=\"summary_large_image\" \/>\n<meta name=\"twitter:label1\" content=\"Dur\u00e9e de lecture estim\u00e9e\" \/>\n\t<meta name=\"twitter:data1\" content=\"1 minute\" \/>\n<script type=\"application\/ld+json\" class=\"yoast-schema-graph\">{\"@context\":\"https:\/\/schema.org\",\"@graph\":[{\"@type\":\"WebPage\",\"@id\":\"https:\/\/jesusonate.com\/fr\/code-dethique\/\",\"url\":\"https:\/\/jesusonate.com\/fr\/code-dethique\/\",\"name\":\"Code d'\u00e9thique ~ Jes\u00fas Onate\",\"isPartOf\":{\"@id\":\"https:\/\/jesusonate.com\/#website\"},\"datePublished\":\"2019-11-13T12:56:52+00:00\",\"dateModified\":\"2022-11-21T09:51:20+00:00\",\"breadcrumb\":{\"@id\":\"https:\/\/jesusonate.com\/fr\/code-dethique\/#breadcrumb\"},\"inLanguage\":\"fr-FR\",\"potentialAction\":[{\"@type\":\"ReadAction\",\"target\":[\"https:\/\/jesusonate.com\/fr\/code-dethique\/\"]}]},{\"@type\":\"BreadcrumbList\",\"@id\":\"https:\/\/jesusonate.com\/fr\/code-dethique\/#breadcrumb\",\"itemListElement\":[{\"@type\":\"ListItem\",\"position\":1,\"name\":\"Home\",\"item\":\"https:\/\/jesusonate.com\/fr\/\"},{\"@type\":\"ListItem\",\"position\":2,\"name\":\"Code d&#8217;\u00e9thique\"}]},{\"@type\":\"WebSite\",\"@id\":\"https:\/\/jesusonate.com\/#website\",\"url\":\"https:\/\/jesusonate.com\/\",\"name\":\"Jes\u00fas Onate\",\"description\":\"Entreprise de forgeage \u00e0 froid et d&#039;usinage CNC | J\u00e9sus Onate S.A.\",\"publisher\":{\"@id\":\"https:\/\/jesusonate.com\/#organization\"},\"potentialAction\":[{\"@type\":\"SearchAction\",\"target\":{\"@type\":\"EntryPoint\",\"urlTemplate\":\"https:\/\/jesusonate.com\/?s={search_term_string}\"},\"query-input\":{\"@type\":\"PropertyValueSpecification\",\"valueRequired\":true,\"valueName\":\"search_term_string\"}}],\"inLanguage\":\"fr-FR\"},{\"@type\":\"Organization\",\"@id\":\"https:\/\/jesusonate.com\/#organization\",\"name\":\"Jes\u00fas Onate\",\"url\":\"https:\/\/jesusonate.com\/\",\"logo\":{\"@type\":\"ImageObject\",\"inLanguage\":\"fr-FR\",\"@id\":\"https:\/\/jesusonate.com\/#\/schema\/logo\/image\/\",\"url\":\"https:\/\/jesusonate.com\/wp-content\/uploads\/logo-onate-3.png\",\"contentUrl\":\"https:\/\/jesusonate.com\/wp-content\/uploads\/logo-onate-3.png\",\"width\":225,\"height\":45,\"caption\":\"Jes\u00fas Onate\"},\"image\":{\"@id\":\"https:\/\/jesusonate.com\/#\/schema\/logo\/image\/\"}}]}<\/script>\n<!-- \/ Yoast SEO plugin. -->","yoast_head_json":{"title":"Code d'\u00e9thique ~ Jes\u00fas Onate","robots":{"index":"index","follow":"follow","max-snippet":"max-snippet:-1","max-image-preview":"max-image-preview:large","max-video-preview":"max-video-preview:-1"},"canonical":"https:\/\/jesusonate.com\/fr\/code-dethique\/","og_locale":"fr_FR","og_type":"article","og_title":"Code d'\u00e9thique ~ Jes\u00fas Onate","og_description":"CODE D\u00b4ETHIQUEJesus O\u00f1ate is firmly committed to comply with all applicable laws and regulations. It has therefore established a Criminal Crime Prevention System in the Company (Compliance), whose visible face to the outside is the authorization of a Complaint Channel that is accessed by clicking here:https:\/\/channel.globalsuitesolutions.com\/jesusonateThrough this channel, complaints about possible criminal offences within the [&hellip;]","og_url":"https:\/\/jesusonate.com\/fr\/code-dethique\/","og_site_name":"Jes\u00fas Onate","article_modified_time":"2022-11-21T09:51:20+00:00","twitter_card":"summary_large_image","twitter_misc":{"Dur\u00e9e de lecture estim\u00e9e":"1 minute"},"schema":{"@context":"https:\/\/schema.org","@graph":[{"@type":"WebPage","@id":"https:\/\/jesusonate.com\/fr\/code-dethique\/","url":"https:\/\/jesusonate.com\/fr\/code-dethique\/","name":"Code d'\u00e9thique ~ Jes\u00fas Onate","isPartOf":{"@id":"https:\/\/jesusonate.com\/#website"},"datePublished":"2019-11-13T12:56:52+00:00","dateModified":"2022-11-21T09:51:20+00:00","breadcrumb":{"@id":"https:\/\/jesusonate.com\/fr\/code-dethique\/#breadcrumb"},"inLanguage":"fr-FR","potentialAction":[{"@type":"ReadAction","target":["https:\/\/jesusonate.com\/fr\/code-dethique\/"]}]},{"@type":"BreadcrumbList","@id":"https:\/\/jesusonate.com\/fr\/code-dethique\/#breadcrumb","itemListElement":[{"@type":"ListItem","position":1,"name":"Home","item":"https:\/\/jesusonate.com\/fr\/"},{"@type":"ListItem","position":2,"name":"Code d&#8217;\u00e9thique"}]},{"@type":"WebSite","@id":"https:\/\/jesusonate.com\/#website","url":"https:\/\/jesusonate.com\/","name":"Jes\u00fas Onate","description":"Entreprise de forgeage \u00e0 froid et d&#039;usinage CNC | J\u00e9sus Onate S.A.","publisher":{"@id":"https:\/\/jesusonate.com\/#organization"},"potentialAction":[{"@type":"SearchAction","target":{"@type":"EntryPoint","urlTemplate":"https:\/\/jesusonate.com\/?s={search_term_string}"},"query-input":{"@type":"PropertyValueSpecification","valueRequired":true,"valueName":"search_term_string"}}],"inLanguage":"fr-FR"},{"@type":"Organization","@id":"https:\/\/jesusonate.com\/#organization","name":"Jes\u00fas Onate","url":"https:\/\/jesusonate.com\/","logo":{"@type":"ImageObject","inLanguage":"fr-FR","@id":"https:\/\/jesusonate.com\/#\/schema\/logo\/image\/","url":"https:\/\/jesusonate.com\/wp-content\/uploads\/logo-onate-3.png","contentUrl":"https:\/\/jesusonate.com\/wp-content\/uploads\/logo-onate-3.png","width":225,"height":45,"caption":"Jes\u00fas Onate"},"image":{"@id":"https:\/\/jesusonate.com\/#\/schema\/logo\/image\/"}}]}},"_links":{"self":[{"href":"https:\/\/jesusonate.com\/fr\/wp-json\/wp\/v2\/pages\/3499\/"}],"collection":[{"href":"https:\/\/jesusonate.com\/fr\/wp-json\/wp\/v2\/pages\/"}],"about":[{"href":"https:\/\/jesusonate.com\/fr\/wp-json\/wp\/v2\/types\/page\/"}],"author":[{"embeddable":true,"href":"https:\/\/jesusonate.com\/fr\/wp-json\/wp\/v2\/users\/5\/"}],"replies":[{"embeddable":true,"href":"https:\/\/jesusonate.com\/fr\/wp-json\/wp\/v2\/comments\/?post=3499"}],"version-history":[{"count":4,"href":"https:\/\/jesusonate.com\/fr\/wp-json\/wp\/v2\/pages\/3499\/revisions\/"}],"predecessor-version":[{"id":3870,"href":"https:\/\/jesusonate.com\/fr\/wp-json\/wp\/v2\/pages\/3499\/revisions\/3870\/"}],"wp:attachment":[{"href":"https:\/\/jesusonate.com\/fr\/wp-json\/wp\/v2\/media\/?parent=3499"}],"curies":[{"name":"wp","href":"https:\/\/api.w.org\/{rel}","templated":true}]}}